{"id":38662,"date":"2023-05-30T11:36:42","date_gmt":"2023-05-30T11:36:42","guid":{"rendered":"http:\/\/manderley.com\/who-we-are\/"},"modified":"2024-02-14T22:19:48","modified_gmt":"2024-02-14T22:19:48","slug":"a-propos-de-nous","status":"publish","type":"page","link":"https:\/\/manderley.com\/fr\/a-propos-de-nous\/","title":{"rendered":"\u00c0 Propos de Nous"},"content":{"rendered":"\t\t<div data-elementor-type=\"wp-page\" data-elementor-id=\"38662\" class=\"elementor elementor-38662 elementor-7602\" data-elementor-post-type=\"page\">\n\t\t\t\t\t\t<section class=\"elementor-section elementor-top-section elementor-element elementor-element-1f2525c inner-banner elementor-section-boxed elementor-section-height-default elementor-section-height-default\" data-id=\"1f2525c\" data-element_type=\"section\" data-settings=\"{&quot;background_background&quot;:&quot;classic&quot;}\">\n\t\t\t\t\t\t<div class=\"elementor-container elementor-column-gap-default\">\n\t\t\t\t\t<div class=\"elementor-column elementor-col-100 elementor-top-column elementor-element elementor-element-ddd9548\" data-id=\"ddd9548\" data-element_type=\"column\">\n\t\t\t<div class=\"elementor-widget-wrap elementor-element-populated\">\n\t\t\t\t\t\t<div class=\"elementor-element elementor-element-1be1e07 mb-0 cust-h5 elementor-widget elementor-widget-heading\" data-id=\"1be1e07\" data-element_type=\"widget\" data-widget_type=\"heading.default\">\n\t\t\t\t<div class=\"elementor-widget-container\">\n\t\t\t\t\t<h5 class=\"elementor-heading-title elementor-size-default\">PRODUITS POUR GAZON MANDERLEY<\/h5>\t\t\t\t<\/div>\n\t\t\t\t<\/div>\n\t\t\t\t<div class=\"elementor-element elementor-element-4e875f1 elementor-widget elementor-widget-heading\" data-id=\"4e875f1\" data-element_type=\"widget\" data-widget_type=\"heading.default\">\n\t\t\t\t<div class=\"elementor-widget-container\">\n\t\t\t\t\t<h1 class=\"elementor-heading-title elementor-size-default\">\u00c0 propos de Manderley<\/h1>\t\t\t\t<\/div>\n\t\t\t\t<\/div>\n\t\t\t\t\t<\/div>\n\t\t<\/div>\n\t\t\t\t\t<\/div>\n\t\t<\/section>\n\t\t\t\t<section class=\"elementor-section elementor-top-section elementor-element elementor-element-8e88f2e about-content-wrapp pb-100 pt-150 p-lr elementor-section-boxed elementor-section-height-default elementor-section-height-default\" data-id=\"8e88f2e\" data-element_type=\"section\" data-settings=\"{&quot;background_background&quot;:&quot;classic&quot;}\">\n\t\t\t\t\t\t<div class=\"elementor-container elementor-column-gap-default\">\n\t\t\t\t\t<div class=\"elementor-column elementor-col-50 elementor-top-column elementor-element elementor-element-8e61ba8 pr-30\" data-id=\"8e61ba8\" data-element_type=\"column\">\n\t\t\t<div class=\"elementor-widget-wrap elementor-element-populated\">\n\t\t\t\t\t\t<div class=\"elementor-element elementor-element-bef60cf elementor-widget elementor-widget-heading\" data-id=\"bef60cf\" data-element_type=\"widget\" data-widget_type=\"heading.default\">\n\t\t\t\t<div class=\"elementor-widget-container\">\n\t\t\t\t\t<h5 class=\"elementor-heading-title elementor-size-default\">\u00c0 PROPOS DE MANDERLEY<\/h5>\t\t\t\t<\/div>\n\t\t\t\t<\/div>\n\t\t\t\t<div class=\"elementor-element elementor-element-54f0b6c elementor-widget elementor-widget-heading\" data-id=\"54f0b6c\" data-element_type=\"widget\" data-widget_type=\"heading.default\">\n\t\t\t\t<div class=\"elementor-widget-container\">\n\t\t\t\t\t<h2 class=\"elementor-heading-title elementor-size-default\">Nous cr\u00e9ons des espaces verts vivants pour des communaut\u00e9s plus belles et saines.\n<\/h2>\t\t\t\t<\/div>\n\t\t\t\t<\/div>\n\t\t\t\t<div class=\"elementor-element elementor-element-5085cb7 elementor-widget elementor-widget-text-editor\" data-id=\"5085cb7\" data-element_type=\"widget\" data-widget_type=\"text-editor.default\">\n\t\t\t\t<div class=\"elementor-widget-container\">\n\t\t\t\t\t\t\t\t\t<p><span style=\"font-weight: 400;\">Chez Manderley, notre mission n&rsquo;est pas seulement d&rsquo;entretenir les pelouses et les jardins : nous nous engageons \u00e0 d\u00e9velopper des espaces ext\u00e9rieurs dynamiques et respectueux de l&rsquo;environnement .<\/span><\/p>\n<p><span style=\"font-weight: 400;\">Notre mission va au-del\u00e0 du service ordinaire ; nous nous engageons \u00e0 transformer les attentes en r\u00e9sultats exceptionnels qui ajoutent de la valeur \u00e0 nos communaut\u00e9s.<\/span><\/p>\n<p><span style=\"font-weight: 400;\">Depuis 1960, Manderley cr\u00e9e de magnifiques pelouses naturelles durables pour les propri\u00e9taires, les constructeurs et les promoteurs commerciaux. Manderley a prosp\u00e9r\u00e9 en fournissant d&rsquo;excellents produits, une livraison rapide et un service exceptionnel.<\/span><\/p>\n<p><span style=\"font-weight: 400;\">Nous sommes pionniers dans les initiatives de gestion environnementale qui soulagent la&nbsp; plan\u00e8te en r\u00e9duisant l&rsquo;impact \u00e9cologique de nos syst\u00e8mes d&rsquo;agriculture, de production et de livraison. Nous cr\u00e9ons des produits qui r\u00e9duisent l&rsquo;utilisation des ressources naturelles telles que l&rsquo;eau, le carburant et l&rsquo;\u00e9lectricit\u00e9 gr\u00e2ce \u00e0 un entretien r\u00e9duit. Manderley est un leader et un pionnier dans le d\u00e9veloppement de produits qui r\u00e9duisent la consommation d&rsquo;eau, les d\u00e9chets et la consommation d&rsquo;\u00e9nergie.<\/span><\/p>\t\t\t\t\t\t\t\t<\/div>\n\t\t\t\t<\/div>\n\t\t\t\t\t<\/div>\n\t\t<\/div>\n\t\t\t\t<div class=\"elementor-column elementor-col-50 elementor-top-column elementor-element elementor-element-e56109c\" data-id=\"e56109c\" data-element_type=\"column\">\n\t\t\t<div class=\"elementor-widget-wrap elementor-element-populated\">\n\t\t\t\t\t\t<div class=\"elementor-element elementor-element-28bc773 elementor-widget elementor-widget-image\" data-id=\"28bc773\" data-element_type=\"widget\" data-widget_type=\"image.default\">\n\t\t\t\t<div class=\"elementor-widget-container\">\n\t\t\t\t\t\t\t\t\t\t\t\t\t\t\t<img fetchpriority=\"high\" decoding=\"async\" width=\"640\" height=\"706\" src=\"https:\/\/manderley.com\/wp-content\/uploads\/2023\/05\/Group-28-8-1.png\" class=\"attachment-full size-full wp-image-37291\" alt=\"\" srcset=\"https:\/\/manderley.com\/wp-content\/uploads\/2023\/05\/Group-28-8-1.png 640w, https:\/\/manderley.com\/wp-content\/uploads\/2023\/05\/Group-28-8-1-272x300.png 272w, https:\/\/manderley.com\/wp-content\/uploads\/2023\/05\/Group-28-8-1-600x662.png 600w\" sizes=\"(max-width: 640px) 100vw, 640px\" \/>\t\t\t\t\t\t\t\t\t\t\t\t\t\t\t<\/div>\n\t\t\t\t<\/div>\n\t\t\t\t\t<\/div>\n\t\t<\/div>\n\t\t\t\t\t<\/div>\n\t\t<\/section>\n\t\t\t\t<section class=\"elementor-section elementor-top-section elementor-element elementor-element-3aef0fa elementor-section-full_width inner-call-to-action with-bg elementor-section-height-default elementor-section-height-default\" data-id=\"3aef0fa\" data-element_type=\"section\">\n\t\t\t\t\t\t<div class=\"elementor-container elementor-column-gap-no\">\n\t\t\t\t\t<div class=\"elementor-column elementor-col-100 elementor-top-column elementor-element elementor-element-e233c50\" data-id=\"e233c50\" data-element_type=\"column\">\n\t\t\t<div class=\"elementor-widget-wrap elementor-element-populated\">\n\t\t\t\t\t\t<div class=\"elementor-element elementor-element-9c291c8 elementor-widget elementor-widget-template\" data-id=\"9c291c8\" data-element_type=\"widget\" data-widget_type=\"template.default\">\n\t\t\t\t<div class=\"elementor-widget-container\">\n\t\t\t\t\t\t\t<div class=\"elementor-template\">\n\t\t\t\t\t<div data-elementor-type=\"section\" data-elementor-id=\"40347\" class=\"elementor elementor-40347 elementor-7740\" data-elementor-post-type=\"elementor_library\">\n\t\t\t\t\t<section class=\"elementor-section elementor-top-section elementor-element elementor-element-3a7d7e1 call-to-action-wrapp  max-1650 elementor-section-boxed elementor-section-height-default elementor-section-height-default\" data-id=\"3a7d7e1\" data-element_type=\"section\">\n\t\t\t\t\t\t<div class=\"elementor-container elementor-column-gap-default\">\n\t\t\t\t\t<div class=\"elementor-column elementor-col-100 elementor-top-column elementor-element elementor-element-6afc46e\" data-id=\"6afc46e\" data-element_type=\"column\">\n\t\t\t<div class=\"elementor-widget-wrap elementor-element-populated\">\n\t\t\t\t\t\t<div class=\"elementor-element elementor-element-c0edbd2 elementor-widget elementor-widget-heading\" data-id=\"c0edbd2\" data-element_type=\"widget\" data-widget_type=\"heading.default\">\n\t\t\t\t<div class=\"elementor-widget-container\">\n\t\t\t\t\t<h5 class=\"elementor-heading-title elementor-size-default\">MANDERLEY<\/h5>\t\t\t\t<\/div>\n\t\t\t\t<\/div>\n\t\t\t\t<div class=\"elementor-element elementor-element-9a624e6 elementor-widget elementor-widget-heading\" data-id=\"9a624e6\" data-element_type=\"widget\" data-widget_type=\"heading.default\">\n\t\t\t\t<div class=\"elementor-widget-container\">\n\t\t\t\t\t<h2 class=\"elementor-heading-title elementor-size-default\">Mettez votre pelouse<br> en valeur.<\/h2>\t\t\t\t<\/div>\n\t\t\t\t<\/div>\n\t\t\t\t<div class=\"elementor-element elementor-element-c01d86d elementor-widget elementor-widget-button\" data-id=\"c01d86d\" data-element_type=\"widget\" data-widget_type=\"button.default\">\n\t\t\t\t<div class=\"elementor-widget-container\">\n\t\t\t\t\t\t\t\t\t<div class=\"elementor-button-wrapper\">\n\t\t\t\t\t<a class=\"elementor-button elementor-button-link elementor-size-sm\" href=\"https:\/\/manderley.com\/fr\/nos-produits-fr\/\">\n\t\t\t\t\t\t<span class=\"elementor-button-content-wrapper\">\n\t\t\t\t\t\t\t\t\t<span class=\"elementor-button-text\">Commandez en ligne<\/span>\n\t\t\t\t\t<\/span>\n\t\t\t\t\t<\/a>\n\t\t\t\t<\/div>\n\t\t\t\t\t\t\t\t<\/div>\n\t\t\t\t<\/div>\n\t\t\t\t\t<\/div>\n\t\t<\/div>\n\t\t\t\t\t<\/div>\n\t\t<\/section>\n\t\t\t\t<\/div>\n\t\t\t\t<\/div>\n\t\t\t\t\t\t<\/div>\n\t\t\t\t<\/div>\n\t\t\t\t\t<\/div>\n\t\t<\/div>\n\t\t\t\t\t<\/div>\n\t\t<\/section>\n\t\t\t\t<section class=\"elementor-section elementor-top-section elementor-element elementor-element-55f2d5f video-wrapp pt-100 p-lr elementor-section-boxed elementor-section-height-default elementor-section-height-default\" data-id=\"55f2d5f\" data-element_type=\"section\">\n\t\t\t\t\t\t<div class=\"elementor-container elementor-column-gap-default\">\n\t\t\t\t\t<div class=\"elementor-column elementor-col-50 elementor-top-column elementor-element elementor-element-28f59c8\" data-id=\"28f59c8\" data-element_type=\"column\">\n\t\t\t<div class=\"elementor-widget-wrap elementor-element-populated\">\n\t\t\t\t\t\t<div class=\"elementor-element elementor-element-c1eb4e8 elementor-widget elementor-widget-heading\" data-id=\"c1eb4e8\" data-element_type=\"widget\" data-widget_type=\"heading.default\">\n\t\t\t\t<div class=\"elementor-widget-container\">\n\t\t\t\t\t<h5 class=\"elementor-heading-title elementor-size-default\">POURQUOI NOUS CHOISIR?<\/h5>\t\t\t\t<\/div>\n\t\t\t\t<\/div>\n\t\t\t\t<div class=\"elementor-element elementor-element-4528bc7 elementor-widget elementor-widget-heading\" data-id=\"4528bc7\" data-element_type=\"widget\" data-widget_type=\"heading.default\">\n\t\t\t\t<div class=\"elementor-widget-container\">\n\t\t\t\t\t<h2 class=\"elementor-heading-title elementor-size-default\">Qualit\u00e9 et commodit\u00e9 \u2013 \u00e0 la mani\u00e8re de Manderley.<\/h2>\t\t\t\t<\/div>\n\t\t\t\t<\/div>\n\t\t\t\t<div class=\"elementor-element elementor-element-b063355 elementor-widget elementor-widget-text-editor\" data-id=\"b063355\" data-element_type=\"widget\" data-widget_type=\"text-editor.default\">\n\t\t\t\t<div class=\"elementor-widget-container\">\n\t\t\t\t\t\t\t\t\t<p><span style=\"font-weight: 400;\">Chez Manderley, nous vous aidons \u00e0 cr\u00e9er des espaces verts vivants et b\u00e9n\u00e9fiques pour l\u2019environnement ,\u00a0 avec nos produits de qualit\u00e9 sup\u00e9rieure pour pelouse et couvre-sol. Avec plus de 60 ans d\u2019exp\u00e9rience notre \u00e9quipe de service est toujours pr\u00eate \u00e0 faire un effort suppl\u00e9mentaire pour offrir un travail impeccable du premier coup.\u00a0 Nous sommes fiers de fournir la bonne solution, lorsque vous en avez besoin.<\/span><\/p><p><span style=\"font-weight: 400;\">Qu&rsquo;est-ce que cela signifie pour vous? Si vous achetez un produit Manderley qui ne r\u00e9pond pas \u00e0 vos attentes, vous avez droit \u00e0 un remplacement ou \u00e0 un remboursement.*<\/span><\/p><p><em><strong>*Les clients doivent suivre les conseils d&rsquo;installation et d\u2019entretien recommand\u00e9s. <\/strong><\/em><em><strong>Installez imm\u00e9diatement et arrosez fr\u00e9quemment. Explorez les guides pour en savoir plus.<\/strong><\/em><\/p><p><span style=\"font-weight: 400;\">Rejoignez la ligue des clients ravis qui ont fait l&rsquo;exp\u00e9rience de la diff\u00e9rence Manderley, o\u00f9 un service et un service client exceptionnels red\u00e9finissent la norme.<\/span><\/p>\t\t\t\t\t\t\t\t<\/div>\n\t\t\t\t<\/div>\n\t\t\t\t<div class=\"elementor-element elementor-element-c436edf elementor-widget elementor-widget-button\" data-id=\"c436edf\" data-element_type=\"widget\" data-widget_type=\"button.default\">\n\t\t\t\t<div class=\"elementor-widget-container\">\n\t\t\t\t\t\t\t\t\t<div class=\"elementor-button-wrapper\">\n\t\t\t\t\t<a class=\"elementor-button elementor-button-link elementor-size-sm\" href=\"\/fr\/contactez-nous\/\">\n\t\t\t\t\t\t<span class=\"elementor-button-content-wrapper\">\n\t\t\t\t\t\t\t\t\t<span class=\"elementor-button-text\">Contactez-nous<\/span>\n\t\t\t\t\t<\/span>\n\t\t\t\t\t<\/a>\n\t\t\t\t<\/div>\n\t\t\t\t\t\t\t\t<\/div>\n\t\t\t\t<\/div>\n\t\t\t\t\t<\/div>\n\t\t<\/div>\n\t\t\t\t<div class=\"elementor-column elementor-col-50 elementor-top-column elementor-element elementor-element-b38522c\" data-id=\"b38522c\" data-element_type=\"column\">\n\t\t\t<div class=\"elementor-widget-wrap elementor-element-populated\">\n\t\t\t\t\t\t<div class=\"elementor-element elementor-element-0ffb025 elementor-widget elementor-widget-image\" data-id=\"0ffb025\" data-element_type=\"widget\" data-widget_type=\"image.default\">\n\t\t\t\t<div class=\"elementor-widget-container\">\n\t\t\t\t\t\t\t\t\t\t\t\t\t\t\t<img decoding=\"async\" width=\"1000\" height=\"667\" src=\"https:\/\/manderley.com\/wp-content\/uploads\/2023\/07\/shutterstock_281544557.jpg\" class=\"attachment-full size-full wp-image-37682\" alt=\"\" srcset=\"https:\/\/manderley.com\/wp-content\/uploads\/2023\/07\/shutterstock_281544557.jpg 1000w, https:\/\/manderley.com\/wp-content\/uploads\/2023\/07\/shutterstock_281544557-300x200.jpg 300w, https:\/\/manderley.com\/wp-content\/uploads\/2023\/07\/shutterstock_281544557-768x512.jpg 768w, https:\/\/manderley.com\/wp-content\/uploads\/2023\/07\/shutterstock_281544557-600x400.jpg 600w\" sizes=\"(max-width: 1000px) 100vw, 1000px\" \/>\t\t\t\t\t\t\t\t\t\t\t\t\t\t\t<\/div>\n\t\t\t\t<\/div>\n\t\t\t\t\t<\/div>\n\t\t<\/div>\n\t\t\t\t\t<\/div>\n\t\t<\/section>\n\t\t\t\t<\/div>\n\t\t","protected":false},"excerpt":{"rendered":"<p>PRODUITS POUR GAZON MANDERLEY \u00c0 propos de Manderley \u00c0 PROPOS DE MANDERLEY Nous cr\u00e9ons des espaces verts vivants pour des communaut\u00e9s plus belles et saines. Chez Manderley, notre mission n&rsquo;est pas seulement d&rsquo;entretenir les pelouses et les jardins : nous nous engageons \u00e0 d\u00e9velopper des espaces ext\u00e9rieurs dynamiques et respectueux de l&rsquo;environnement . Notre mission [&hellip;]<\/p>\n","protected":false},"author":3,"featured_media":0,"parent":0,"menu_order":0,"comment_status":"closed","ping_status":"closed","template":"","meta":{"_acf_changed":false,"inline_featured_image":false,"footnotes":""},"class_list":["post-38662","page","type-page","status-publish","hentry"],"acf":[],"yoast_head":"<!-- This site is optimized with the Yoast SEO plugin v25.7 - https:\/\/yoast.com\/wordpress\/plugins\/seo\/ -->\n<title>About Us | Manderley Turf Products<\/title>\n<meta name=\"description\" content=\"Depuis 1960, Manderley offre des options de tourbe, semences \u00e0 gazon et engrais \u00e0 Ottawa, Edmonton, Calgary et Montr\u00e9al pour cr\u00e9er les plus belles pelouses. Explorez nos produits.\" \/>\n<meta name=\"robots\" content=\"index, follow, max-snippet:-1, max-image-preview:large, max-video-preview:-1\" \/>\n<link rel=\"canonical\" href=\"https:\/\/manderley.com\/about-manderley\/\" \/>\n<meta property=\"og:locale\" content=\"fr_FR\" \/>\n<meta property=\"og:type\" content=\"article\" \/>\n<meta property=\"og:title\" content=\"About Us | Manderley Turf Products\" \/>\n<meta property=\"og:description\" content=\"Depuis 1960, Manderley offre des options de tourbe, semences \u00e0 gazon et engrais \u00e0 Ottawa, Edmonton, Calgary et Montr\u00e9al pour cr\u00e9er les plus belles pelouses. Explorez nos produits.\" \/>\n<meta property=\"og:url\" content=\"https:\/\/manderley.com\/about-manderley\/\" \/>\n<meta property=\"og:site_name\" content=\"Manderley Sod\" \/>\n<meta property=\"article:modified_time\" content=\"2024-02-14T22:19:48+00:00\" \/>\n<meta property=\"og:image\" content=\"http:\/\/manderley.com\/wp-content\/uploads\/2023\/05\/Group-28-8-1.png\" \/>\n<meta name=\"twitter:card\" content=\"summary_large_image\" \/>\n<meta name=\"twitter:label1\" content=\"Dur\u00e9e de lecture estim\u00e9e\" \/>\n\t<meta name=\"twitter:data1\" content=\"3 minutes\" \/>\n<script type=\"application\/ld+json\" class=\"yoast-schema-graph\">{\"@context\":\"https:\/\/schema.org\",\"@graph\":[{\"@type\":\"WebPage\",\"@id\":\"https:\/\/manderley.com\/about-manderley\/\",\"url\":\"https:\/\/manderley.com\/about-manderley\/\",\"name\":\"About Us | Manderley Turf Products\",\"isPartOf\":{\"@id\":\"https:\/\/manderley.com\/#website\"},\"primaryImageOfPage\":{\"@id\":\"https:\/\/manderley.com\/about-manderley\/#primaryimage\"},\"image\":{\"@id\":\"https:\/\/manderley.com\/about-manderley\/#primaryimage\"},\"thumbnailUrl\":\"http:\/\/manderley.com\/wp-content\/uploads\/2023\/05\/Group-28-8-1.png\",\"datePublished\":\"2023-05-30T11:36:42+00:00\",\"dateModified\":\"2024-02-14T22:19:48+00:00\",\"description\":\"Depuis 1960, Manderley offre des options de tourbe, semences \u00e0 gazon et engrais \u00e0 Ottawa, Edmonton, Calgary et Montr\u00e9al pour cr\u00e9er les plus belles pelouses. Explorez nos produits.\",\"breadcrumb\":{\"@id\":\"https:\/\/manderley.com\/about-manderley\/#breadcrumb\"},\"inLanguage\":\"fr-FR\",\"potentialAction\":[{\"@type\":\"ReadAction\",\"target\":[\"https:\/\/manderley.com\/about-manderley\/\"]}]},{\"@type\":\"ImageObject\",\"inLanguage\":\"fr-FR\",\"@id\":\"https:\/\/manderley.com\/about-manderley\/#primaryimage\",\"url\":\"http:\/\/manderley.com\/wp-content\/uploads\/2023\/05\/Group-28-8-1.png\",\"contentUrl\":\"http:\/\/manderley.com\/wp-content\/uploads\/2023\/05\/Group-28-8-1.png\"},{\"@type\":\"BreadcrumbList\",\"@id\":\"https:\/\/manderley.com\/about-manderley\/#breadcrumb\",\"itemListElement\":[{\"@type\":\"ListItem\",\"position\":1,\"name\":\"Home\",\"item\":\"https:\/\/manderley.com\/fr\/\"},{\"@type\":\"ListItem\",\"position\":2,\"name\":\"\u00c0 Propos de Nous\"}]},{\"@type\":\"WebSite\",\"@id\":\"https:\/\/manderley.com\/#website\",\"url\":\"https:\/\/manderley.com\/\",\"name\":\"Manderley Sod\",\"description\":\"\",\"publisher\":{\"@id\":\"https:\/\/manderley.com\/#organization\"},\"potentialAction\":[{\"@type\":\"SearchAction\",\"target\":{\"@type\":\"EntryPoint\",\"urlTemplate\":\"https:\/\/manderley.com\/?s={search_term_string}\"},\"query-input\":{\"@type\":\"PropertyValueSpecification\",\"valueRequired\":true,\"valueName\":\"search_term_string\"}}],\"inLanguage\":\"fr-FR\"},{\"@type\":\"Organization\",\"@id\":\"https:\/\/manderley.com\/#organization\",\"name\":\"Manderley Sod\",\"url\":\"https:\/\/manderley.com\/\",\"logo\":{\"@type\":\"ImageObject\",\"inLanguage\":\"fr-FR\",\"@id\":\"https:\/\/manderley.com\/#\/schema\/logo\/image\/\",\"url\":\"https:\/\/manderley.com\/wp-content\/uploads\/2022\/09\/Group-2.svg\",\"contentUrl\":\"https:\/\/manderley.com\/wp-content\/uploads\/2022\/09\/Group-2.svg\",\"width\":451,\"height\":194,\"caption\":\"Manderley Sod\"},\"image\":{\"@id\":\"https:\/\/manderley.com\/#\/schema\/logo\/image\/\"}}]}<\/script>\n<!-- \/ Yoast SEO plugin. -->","yoast_head_json":{"title":"About Us | Manderley Turf Products","description":"Depuis 1960, Manderley offre des options de tourbe, semences \u00e0 gazon et engrais \u00e0 Ottawa, Edmonton, Calgary et Montr\u00e9al pour cr\u00e9er les plus belles pelouses. Explorez nos produits.","robots":{"index":"index","follow":"follow","max-snippet":"max-snippet:-1","max-image-preview":"max-image-preview:large","max-video-preview":"max-video-preview:-1"},"canonical":"https:\/\/manderley.com\/about-manderley\/","og_locale":"fr_FR","og_type":"article","og_title":"About Us | Manderley Turf Products","og_description":"Depuis 1960, Manderley offre des options de tourbe, semences \u00e0 gazon et engrais \u00e0 Ottawa, Edmonton, Calgary et Montr\u00e9al pour cr\u00e9er les plus belles pelouses. Explorez nos produits.","og_url":"https:\/\/manderley.com\/about-manderley\/","og_site_name":"Manderley Sod","article_modified_time":"2024-02-14T22:19:48+00:00","og_image":[{"url":"http:\/\/manderley.com\/wp-content\/uploads\/2023\/05\/Group-28-8-1.png","type":"","width":"","height":""}],"twitter_card":"summary_large_image","twitter_misc":{"Dur\u00e9e de lecture estim\u00e9e":"3 minutes"},"schema":{"@context":"https:\/\/schema.org","@graph":[{"@type":"WebPage","@id":"https:\/\/manderley.com\/about-manderley\/","url":"https:\/\/manderley.com\/about-manderley\/","name":"About Us | Manderley Turf Products","isPartOf":{"@id":"https:\/\/manderley.com\/#website"},"primaryImageOfPage":{"@id":"https:\/\/manderley.com\/about-manderley\/#primaryimage"},"image":{"@id":"https:\/\/manderley.com\/about-manderley\/#primaryimage"},"thumbnailUrl":"http:\/\/manderley.com\/wp-content\/uploads\/2023\/05\/Group-28-8-1.png","datePublished":"2023-05-30T11:36:42+00:00","dateModified":"2024-02-14T22:19:48+00:00","description":"Depuis 1960, Manderley offre des options de tourbe, semences \u00e0 gazon et engrais \u00e0 Ottawa, Edmonton, Calgary et Montr\u00e9al pour cr\u00e9er les plus belles pelouses. Explorez nos produits.","breadcrumb":{"@id":"https:\/\/manderley.com\/about-manderley\/#breadcrumb"},"inLanguage":"fr-FR","potentialAction":[{"@type":"ReadAction","target":["https:\/\/manderley.com\/about-manderley\/"]}]},{"@type":"ImageObject","inLanguage":"fr-FR","@id":"https:\/\/manderley.com\/about-manderley\/#primaryimage","url":"http:\/\/manderley.com\/wp-content\/uploads\/2023\/05\/Group-28-8-1.png","contentUrl":"http:\/\/manderley.com\/wp-content\/uploads\/2023\/05\/Group-28-8-1.png"},{"@type":"BreadcrumbList","@id":"https:\/\/manderley.com\/about-manderley\/#breadcrumb","itemListElement":[{"@type":"ListItem","position":1,"name":"Home","item":"https:\/\/manderley.com\/fr\/"},{"@type":"ListItem","position":2,"name":"\u00c0 Propos de Nous"}]},{"@type":"WebSite","@id":"https:\/\/manderley.com\/#website","url":"https:\/\/manderley.com\/","name":"Manderley Sod","description":"","publisher":{"@id":"https:\/\/manderley.com\/#organization"},"potentialAction":[{"@type":"SearchAction","target":{"@type":"EntryPoint","urlTemplate":"https:\/\/manderley.com\/?s={search_term_string}"},"query-input":{"@type":"PropertyValueSpecification","valueRequired":true,"valueName":"search_term_string"}}],"inLanguage":"fr-FR"},{"@type":"Organization","@id":"https:\/\/manderley.com\/#organization","name":"Manderley Sod","url":"https:\/\/manderley.com\/","logo":{"@type":"ImageObject","inLanguage":"fr-FR","@id":"https:\/\/manderley.com\/#\/schema\/logo\/image\/","url":"https:\/\/manderley.com\/wp-content\/uploads\/2022\/09\/Group-2.svg","contentUrl":"https:\/\/manderley.com\/wp-content\/uploads\/2022\/09\/Group-2.svg","width":451,"height":194,"caption":"Manderley Sod"},"image":{"@id":"https:\/\/manderley.com\/#\/schema\/logo\/image\/"}}]}},"_links":{"self":[{"href":"https:\/\/manderley.com\/fr\/wp-json\/wp\/v2\/pages\/38662","targetHints":{"allow":["GET"]}}],"collection":[{"href":"https:\/\/manderley.com\/fr\/wp-json\/wp\/v2\/pages"}],"about":[{"href":"https:\/\/manderley.com\/fr\/wp-json\/wp\/v2\/types\/page"}],"author":[{"embeddable":true,"href":"https:\/\/manderley.com\/fr\/wp-json\/wp\/v2\/users\/3"}],"replies":[{"embeddable":true,"href":"https:\/\/manderley.com\/fr\/wp-json\/wp\/v2\/comments?post=38662"}],"version-history":[{"count":11,"href":"https:\/\/manderley.com\/fr\/wp-json\/wp\/v2\/pages\/38662\/revisions"}],"predecessor-version":[{"id":41569,"href":"https:\/\/manderley.com\/fr\/wp-json\/wp\/v2\/pages\/38662\/revisions\/41569"}],"wp:attachment":[{"href":"https:\/\/manderley.com\/fr\/wp-json\/wp\/v2\/media?parent=38662"}],"curies":[{"name":"wp","href":"https:\/\/api.w.org\/{rel}","templated":true}]}}