{"id":40125,"date":"2023-05-25T14:43:38","date_gmt":"2023-05-25T14:43:38","guid":{"rendered":"http:\/\/manderley.com\/cart\/"},"modified":"2024-07-26T13:35:30","modified_gmt":"2024-07-26T13:35:30","slug":"panier","status":"publish","type":"page","link":"https:\/\/manderley.com\/fr\/panier\/","title":{"rendered":"Mon Panier"},"content":{"rendered":"\t\t<div data-elementor-type=\"wp-page\" data-elementor-id=\"40125\" class=\"elementor elementor-40125 elementor-7150\" data-elementor-post-type=\"page\">\n\t\t\t\t<div class=\"elementor-element elementor-element-99b6c38 inner- e-flex e-con-boxed e-con e-parent\" data-id=\"99b6c38\" data-element_type=\"container\" data-settings=\"{&quot;background_background&quot;:&quot;classic&quot;}\">\n\t\t\t\t\t<div class=\"e-con-inner\">\n\t\t\t\t\t<\/div>\n\t\t\t\t<\/div>\n\t\t\t\t<section class=\"elementor-section elementor-top-section elementor-element elementor-element-6d03de5 cust-cart-wrapp pt-100 pb-100 p-lr elementor-section-boxed elementor-section-height-default elementor-section-height-default\" data-id=\"6d03de5\" data-element_type=\"section\">\n\t\t\t\t\t\t<div class=\"elementor-container elementor-column-gap-default\">\n\t\t\t\t\t<div class=\"elementor-column elementor-col-100 elementor-top-column elementor-element elementor-element-e51e05c\" data-id=\"e51e05c\" data-element_type=\"column\">\n\t\t\t<div class=\"elementor-widget-wrap elementor-element-populated\">\n\t\t\t\t\t\t<div class=\"elementor-element elementor-element-e8c27f7 mb-0 elementor-widget elementor-widget-heading\" data-id=\"e8c27f7\" data-element_type=\"widget\" data-widget_type=\"heading.default\">\n\t\t\t\t<div class=\"elementor-widget-container\">\n\t\t\t\t\t<h5 class=\"elementor-heading-title elementor-size-default\">COMMANDES EN LIGNE<\/h5>\t\t\t\t<\/div>\n\t\t\t\t<\/div>\n\t\t\t\t<div class=\"elementor-element elementor-element-b46a263 elementor-widget elementor-widget-heading\" data-id=\"b46a263\" data-element_type=\"widget\" data-widget_type=\"heading.default\">\n\t\t\t\t<div class=\"elementor-widget-container\">\n\t\t\t\t\t<h1 class=\"elementor-heading-title elementor-size-default\">Panier d'achats<\/h1>\t\t\t\t<\/div>\n\t\t\t\t<\/div>\n\t\t\t\t<div class=\"elementor-element elementor-element-8ff5db6 elementor-widget elementor-widget-heading\" data-id=\"8ff5db6\" data-element_type=\"widget\" data-widget_type=\"heading.default\">\n\t\t\t\t<div class=\"elementor-widget-container\">\n\t\t\t\t\t<p class=\"elementor-heading-title elementor-size-default\"><a href=\"\/fr\/nos-produits-fr\/\"><i class=\"fas fa-chevron-left\" style=\"margin-right: 15px\"><\/i> Retour \u00e0 la boutique<\/a><\/p>\t\t\t\t<\/div>\n\t\t\t\t<\/div>\n\t\t\t\t<div class=\"elementor-element elementor-element-d871cd7 elementor-widget-divider--view-line elementor-widget elementor-widget-divider\" data-id=\"d871cd7\" data-element_type=\"widget\" data-widget_type=\"divider.default\">\n\t\t\t\t<div class=\"elementor-widget-container\">\n\t\t\t\t\t\t\t<div class=\"elementor-divider\">\n\t\t\t<span class=\"elementor-divider-separator\">\n\t\t\t\t\t\t<\/span>\n\t\t<\/div>\n\t\t\t\t\t\t<\/div>\n\t\t\t\t<\/div>\n\t\t\t\t<div class=\"elementor-element elementor-element-7312b28 elementor-widget-laptop__width-inherit elementor-widget-mobile__width-inherit elementor-widget elementor-widget-text-editor\" data-id=\"7312b28\" data-element_type=\"widget\" data-widget_type=\"text-editor.default\">\n\t\t\t\t<div class=\"elementor-widget-container\">\n\t\t\t\t\t\t\t\t\t<p class=\"fine-print\">*Les incr\u00e9ments de quantit\u00e9 pour les produits de gazon repr\u00e9sentent un rouleau complet de gazon. Les quantit\u00e9s de gazon sont indiqu\u00e9es en pieds carr\u00e9s.<\/p>\t\t\t\t\t\t\t\t<\/div>\n\t\t\t\t<\/div>\n\t\t\t\t<div class=\"elementor-element elementor-element-dab5ec1 elementor-widget-divider--view-line elementor-widget elementor-widget-divider\" data-id=\"dab5ec1\" data-element_type=\"widget\" data-widget_type=\"divider.default\">\n\t\t\t\t<div class=\"elementor-widget-container\">\n\t\t\t\t\t\t\t<div class=\"elementor-divider\">\n\t\t\t<span class=\"elementor-divider-separator\">\n\t\t\t\t\t\t<\/span>\n\t\t<\/div>\n\t\t\t\t\t\t<\/div>\n\t\t\t\t<\/div>\n\t\t\t\t<div class=\"elementor-element elementor-element-0861fdf mb-0 elementor-widget elementor-widget-heading\" data-id=\"0861fdf\" data-element_type=\"widget\" data-widget_type=\"heading.default\">\n\t\t\t\t<div class=\"elementor-widget-container\">\n\t\t\t\t\t<h5 class=\"elementor-heading-title elementor-size-default\">Notre Boutique<\/h5>\t\t\t\t<\/div>\n\t\t\t\t<\/div>\n\t\t\t\t<div class=\"elementor-element elementor-element-7f77b99 elementor-widget elementor-widget-heading\" data-id=\"7f77b99\" data-element_type=\"widget\" data-widget_type=\"heading.default\">\n\t\t\t\t<div class=\"elementor-widget-container\">\n\t\t\t\t\t<h2 class=\"elementor-heading-title elementor-size-default\">Produits li\u00e9s<\/h2>\t\t\t\t<\/div>\n\t\t\t\t<\/div>\n\t\t\t\t<div class=\"elementor-element elementor-element-511c971 elementor-grid-3 products-heading-show related-products-ottawa display-none elementor-grid-tablet-3 elementor-grid-mobile-2 elementor-products-grid elementor-wc-products elementor-widget elementor-widget-woocommerce-products\" data-id=\"511c971\" data-element_type=\"widget\" data-widget_type=\"woocommerce-products.default\">\n\t\t\t\t<div class=\"elementor-widget-container\">\n\t\t\t\t\t<div class=\"woocommerce columns-3 \"><ul class=\"products elementor-grid columns-3\">\n<li class=\"product type-product post-43491 status-publish first instock product_cat-supplies product_tag-calgary product_tag-edmonton product_tag-ottawa has-post-thumbnail taxable shipping-taxable purchasable product-type-simple\">\n\t<a href=\"https:\/\/manderley.com\/fr\/product\/weed-control-fabric\/\" class=\"woocommerce-LoopProduct-link woocommerce-loop-product__link\"><img fetchpriority=\"high\" decoding=\"async\" width=\"300\" height=\"256\" src=\"https:\/\/manderley.com\/wp-content\/uploads\/2024\/05\/roll-w-label-n-lines-300x256.png\" class=\"attachment-woocommerce_thumbnail size-woocommerce_thumbnail\" alt=\"Weed Control Fabric (3&#039;x50&#039;)\" \/><h2 class=\"woocommerce-loop-product__title\">Tissu de contr\u00f4le des mauvaises herbes (3'x50')<\/h2>\n<\/a><a href=\"https:\/\/manderley.com\/fr\/product\/weed-control-fabric\/\" class=\"product-learn-btn\">Learn More \u203a<\/a><a href=\"\/fr\/wp-json\/wp\/v2\/pages\/40125?add-to-cart=43491\" aria-describedby=\"woocommerce_loop_add_to_cart_link_describedby_43491\" data-quantity=\"1\" class=\"button product_type_simple add_to_cart_button ajax_add_to_cart\" data-product_id=\"43491\" data-product_sku=\"\" aria-label=\"Ajouter au panier\u00a0: &ldquo;Weed Control Fabric (3&#039;x50&#039;)&rdquo;\" rel=\"nofollow\" data-success_message=\"\u00ab\u00a0Weed Control Fabric (3&#039;x50&#039;)\u00a0\u00bb a \u00e9t\u00e9 ajout\u00e9 \u00e0 votre panier\">Ajouter au panier<\/a>\t<span id=\"woocommerce_loop_add_to_cart_link_describedby_43491\" class=\"screen-reader-text\">\n\t\t\t<\/span>\n<\/li>\n<li class=\"product type-product post-43225 status-publish instock product_cat-fertilizer product_tag-montreal product_tag-ottawa has-post-thumbnail taxable shipping-taxable purchasable product-type-simple\">\n\t<a href=\"https:\/\/manderley.com\/fr\/product\/fert-20kg-fall-formula-step-3-2\/\" class=\"woocommerce-LoopProduct-link woocommerce-loop-product__link\"><img decoding=\"async\" width=\"300\" height=\"300\" src=\"https:\/\/manderley.com\/wp-content\/uploads\/2024\/05\/Fall-Fertilizer-Step-3-20kg-300x300.png\" class=\"attachment-woocommerce_thumbnail size-woocommerce_thumbnail\" alt=\"Manderley Fall Fertilizer Step 3\" srcset=\"https:\/\/manderley.com\/wp-content\/uploads\/2024\/05\/Fall-Fertilizer-Step-3-20kg-300x300.png 300w, https:\/\/manderley.com\/wp-content\/uploads\/2024\/05\/Fall-Fertilizer-Step-3-20kg-100x100.png 100w, https:\/\/manderley.com\/wp-content\/uploads\/2024\/05\/Fall-Fertilizer-Step-3-20kg-150x150.png 150w\" sizes=\"(max-width: 300px) 100vw, 300px\" \/><h2 class=\"woocommerce-loop-product__title\">Manderley Engrais Formule d\u2019Automne (20KG)<\/h2>\n<\/a><a href=\"https:\/\/manderley.com\/fr\/product\/fert-20kg-fall-formula-step-3-2\/\" class=\"product-learn-btn\">Learn More \u203a<\/a><a href=\"\/fr\/wp-json\/wp\/v2\/pages\/40125?add-to-cart=43225\" aria-describedby=\"woocommerce_loop_add_to_cart_link_describedby_43225\" data-quantity=\"1\" class=\"button product_type_simple add_to_cart_button ajax_add_to_cart\" data-product_id=\"43225\" data-product_sku=\"\" aria-label=\"Ajouter au panier\u00a0: &ldquo;Fert (20KG) - Fall Formula - Step 3&rdquo;\" rel=\"nofollow\" data-success_message=\"\u00ab\u00a0Fert (20KG) - Fall Formula - Step 3\u00a0\u00bb a \u00e9t\u00e9 ajout\u00e9 \u00e0 votre panier\">Ajouter au panier<\/a>\t<span id=\"woocommerce_loop_add_to_cart_link_describedby_43225\" class=\"screen-reader-text\">\n\t\t\t<\/span>\n<\/li>\n<li class=\"product type-product post-43224 status-publish last instock product_cat-fertilizer product_tag-montreal product_tag-ottawa has-post-thumbnail taxable shipping-taxable purchasable product-type-simple\">\n\t<a href=\"https:\/\/manderley.com\/fr\/product\/fert-20-kg-root-starter-2\/\" class=\"woocommerce-LoopProduct-link woocommerce-loop-product__link\"><img decoding=\"async\" width=\"300\" height=\"300\" src=\"https:\/\/manderley.com\/wp-content\/uploads\/2024\/05\/Root-Starter-20kg-300x300.png\" class=\"attachment-woocommerce_thumbnail size-woocommerce_thumbnail\" alt=\"Manderley Root Starter Fertilizer\" srcset=\"https:\/\/manderley.com\/wp-content\/uploads\/2024\/05\/Root-Starter-20kg-300x300.png 300w, https:\/\/manderley.com\/wp-content\/uploads\/2024\/05\/Root-Starter-20kg-100x100.png 100w, https:\/\/manderley.com\/wp-content\/uploads\/2024\/05\/Root-Starter-20kg-150x150.png 150w\" sizes=\"(max-width: 300px) 100vw, 300px\" \/><h2 class=\"woocommerce-loop-product__title\">Manderley Engrais Enracineur (20KG)<\/h2>\n<\/a><a href=\"https:\/\/manderley.com\/fr\/product\/fert-20-kg-root-starter-2\/\" class=\"product-learn-btn\">Learn More \u203a<\/a><a href=\"\/fr\/wp-json\/wp\/v2\/pages\/40125?add-to-cart=43224\" aria-describedby=\"woocommerce_loop_add_to_cart_link_describedby_43224\" data-quantity=\"1\" class=\"button product_type_simple add_to_cart_button ajax_add_to_cart\" data-product_id=\"43224\" data-product_sku=\"\" aria-label=\"Ajouter au panier\u00a0: &ldquo;Fert (20 KG) - Root Starter&rdquo;\" rel=\"nofollow\" data-success_message=\"\u00ab\u00a0Fert (20 KG) - Root Starter\u00a0\u00bb a \u00e9t\u00e9 ajout\u00e9 \u00e0 votre panier\">Ajouter au panier<\/a>\t<span id=\"woocommerce_loop_add_to_cart_link_describedby_43224\" class=\"screen-reader-text\">\n\t\t\t<\/span>\n<\/li>\n<\/ul>\n<\/div>\t\t\t\t<\/div>\n\t\t\t\t<\/div>\n\t\t\t\t<div class=\"elementor-element elementor-element-4c55ccc elementor-grid-3 products-heading-show related-products-default display-none elementor-grid-tablet-3 elementor-grid-mobile-2 elementor-products-grid elementor-wc-products elementor-widget elementor-widget-woocommerce-products\" data-id=\"4c55ccc\" data-element_type=\"widget\" data-widget_type=\"woocommerce-products.default\">\n\t\t\t\t<div class=\"elementor-widget-container\">\n\t\t\t\t\t<div class=\"woocommerce columns-3 \"><ul class=\"products elementor-grid columns-3\">\n<li class=\"product type-product post-43503 status-publish first instock product_cat-sod-2 product_cat-sod product_tag-edmonton has-post-thumbnail taxable shipping-taxable purchasable product-type-simple\">\n\t<a href=\"https:\/\/manderley.com\/fr\/product\/manderley-rocky-mountain-naturalization-sod\/\" class=\"woocommerce-LoopProduct-link woocommerce-loop-product__link\"><img loading=\"lazy\" decoding=\"async\" width=\"300\" height=\"300\" src=\"https:\/\/manderley.com\/wp-content\/uploads\/2024\/02\/AdobeStock_415292690-scaled-300x300.jpeg\" class=\"attachment-woocommerce_thumbnail size-woocommerce_thumbnail\" alt=\"Manderley Rocky Mountain Naturalization Sod\" srcset=\"https:\/\/manderley.com\/wp-content\/uploads\/2024\/02\/AdobeStock_415292690-scaled-300x300.jpeg 300w, https:\/\/manderley.com\/wp-content\/uploads\/2024\/02\/AdobeStock_415292690-scaled-100x100.jpeg 100w, https:\/\/manderley.com\/wp-content\/uploads\/2024\/02\/AdobeStock_415292690-150x150.jpeg 150w\" sizes=\"(max-width: 300px) 100vw, 300px\" \/><h2 class=\"woocommerce-loop-product__title\">Gazon de naturalisation des montagnes Rocheuses Manderley<\/h2>\n<\/a><a href=\"https:\/\/manderley.com\/fr\/product\/manderley-rocky-mountain-naturalization-sod\/\" class=\"product-learn-btn\">Learn More \u203a<\/a><a href=\"\/fr\/wp-json\/wp\/v2\/pages\/40125?add-to-cart=43503\" aria-describedby=\"woocommerce_loop_add_to_cart_link_describedby_43503\" data-quantity=\"1\" class=\"button product_type_simple add_to_cart_button ajax_add_to_cart\" data-product_id=\"43503\" data-product_sku=\"\" aria-label=\"Ajouter au panier\u00a0: &ldquo;Manderley Rocky Mountain Naturalization Sod&rdquo;\" rel=\"nofollow\" data-success_message=\"\u00ab\u00a0Manderley Rocky Mountain Naturalization Sod\u00a0\u00bb a \u00e9t\u00e9 ajout\u00e9 \u00e0 votre panier\">Ajouter au panier<\/a>\t<span id=\"woocommerce_loop_add_to_cart_link_describedby_43503\" class=\"screen-reader-text\">\n\t\t\t<\/span>\n<\/li>\n<li class=\"product type-product post-43501 status-publish instock product_cat-sod-2 product_cat-sod product_tag-edmonton has-post-thumbnail taxable shipping-taxable purchasable product-type-simple\">\n\t<a href=\"https:\/\/manderley.com\/fr\/product\/manderley-low-grow-transition-zone-sod\/\" class=\"woocommerce-LoopProduct-link woocommerce-loop-product__link\"><img loading=\"lazy\" decoding=\"async\" width=\"300\" height=\"300\" src=\"https:\/\/manderley.com\/wp-content\/uploads\/2024\/02\/90737159_l-scaled-300x300.jpg\" class=\"attachment-woocommerce_thumbnail size-woocommerce_thumbnail\" alt=\"Manderley Low Grow Transition Zone Sod\" srcset=\"https:\/\/manderley.com\/wp-content\/uploads\/2024\/02\/90737159_l-scaled-300x300.jpg 300w, https:\/\/manderley.com\/wp-content\/uploads\/2024\/02\/90737159_l-scaled-100x100.jpg 100w, https:\/\/manderley.com\/wp-content\/uploads\/2024\/02\/90737159_l-150x150.jpg 150w\" sizes=\"(max-width: 300px) 100vw, 300px\" \/><h2 class=\"woocommerce-loop-product__title\">Gazon \u00e0 faible croissance pour zone de transition Manderley<\/h2>\n<\/a><a href=\"https:\/\/manderley.com\/fr\/product\/manderley-low-grow-transition-zone-sod\/\" class=\"product-learn-btn\">Learn More \u203a<\/a><a href=\"\/fr\/wp-json\/wp\/v2\/pages\/40125?add-to-cart=43501\" aria-describedby=\"woocommerce_loop_add_to_cart_link_describedby_43501\" data-quantity=\"1\" class=\"button product_type_simple add_to_cart_button ajax_add_to_cart\" data-product_id=\"43501\" data-product_sku=\"\" aria-label=\"Ajouter au panier\u00a0: &ldquo;Manderley Low Grow Transition Zone Sod&rdquo;\" rel=\"nofollow\" data-success_message=\"\u00ab\u00a0Manderley Low Grow Transition Zone Sod\u00a0\u00bb a \u00e9t\u00e9 ajout\u00e9 \u00e0 votre panier\">Ajouter au panier<\/a>\t<span id=\"woocommerce_loop_add_to_cart_link_describedby_43501\" class=\"screen-reader-text\">\n\t\t\t<\/span>\n<\/li>\n<li class=\"product type-product post-43489 status-publish last instock product_cat-sod product_tag-calgary product_tag-edmonton has-post-thumbnail taxable shipping-taxable purchasable product-type-simple\">\n\t<a href=\"https:\/\/manderley.com\/fr\/product\/west-manderley-less-water-sod\/\" class=\"woocommerce-LoopProduct-link woocommerce-loop-product__link\"><img loading=\"lazy\" decoding=\"async\" width=\"300\" height=\"300\" src=\"https:\/\/manderley.com\/wp-content\/uploads\/2023\/07\/Manderley-Sod-Roll-with-Soil-Less-Water-BILINGUAL-300x300.jpg\" class=\"attachment-woocommerce_thumbnail size-woocommerce_thumbnail\" alt=\"WEST Less Water Sod\" srcset=\"https:\/\/manderley.com\/wp-content\/uploads\/2023\/07\/Manderley-Sod-Roll-with-Soil-Less-Water-BILINGUAL-300x300.jpg 300w, https:\/\/manderley.com\/wp-content\/uploads\/2023\/07\/Manderley-Sod-Roll-with-Soil-Less-Water-BILINGUAL-100x100.jpg 100w, https:\/\/manderley.com\/wp-content\/uploads\/2023\/07\/Manderley-Sod-Roll-with-Soil-Less-Water-BILINGUAL-1200x1200.jpg 1200w, https:\/\/manderley.com\/wp-content\/uploads\/2023\/07\/Manderley-Sod-Roll-with-Soil-Less-Water-BILINGUAL-1024x1024.jpg 1024w, https:\/\/manderley.com\/wp-content\/uploads\/2023\/07\/Manderley-Sod-Roll-with-Soil-Less-Water-BILINGUAL-150x150.jpg 150w, https:\/\/manderley.com\/wp-content\/uploads\/2023\/07\/Manderley-Sod-Roll-with-Soil-Less-Water-BILINGUAL-768x768.jpg 768w, https:\/\/manderley.com\/wp-content\/uploads\/2023\/07\/Manderley-Sod-Roll-with-Soil-Less-Water-BILINGUAL-1536x1536.jpg 1536w, https:\/\/manderley.com\/wp-content\/uploads\/2023\/07\/Manderley-Sod-Roll-with-Soil-Less-Water-BILINGUAL-2048x2048.jpg 2048w\" sizes=\"(max-width: 300px) 100vw, 300px\" \/><h2 class=\"woocommerce-loop-product__title\">Gazon Moins d\u2019Eau Manderley (Ouest)<\/h2>\n<\/a><a href=\"https:\/\/manderley.com\/fr\/product\/west-manderley-less-water-sod\/\" class=\"product-learn-btn\">Learn More \u203a<\/a><a href=\"\/fr\/wp-json\/wp\/v2\/pages\/40125?add-to-cart=43489\" aria-describedby=\"woocommerce_loop_add_to_cart_link_describedby_43489\" data-quantity=\"1\" class=\"button product_type_simple add_to_cart_button ajax_add_to_cart\" data-product_id=\"43489\" data-product_sku=\"\" aria-label=\"Ajouter au panier\u00a0: &ldquo;WEST Less Water Sod&rdquo;\" rel=\"nofollow\" data-success_message=\"\u00ab\u00a0WEST Less Water Sod\u00a0\u00bb a \u00e9t\u00e9 ajout\u00e9 \u00e0 votre panier\">Ajouter au panier<\/a>\t<span id=\"woocommerce_loop_add_to_cart_link_describedby_43489\" class=\"screen-reader-text\">\n\t\t\t<\/span>\n<\/li>\n<\/ul>\n<\/div>\t\t\t\t<\/div>\n\t\t\t\t<\/div>\n\t\t\t\t\t<\/div>\n\t\t<\/div>\n\t\t\t\t\t<\/div>\n\t\t<\/section>\n\t\t\t\t<\/div>\n\t\t","protected":false},"excerpt":{"rendered":"<p>COMMANDES EN LIGNE Panier d&rsquo;achats Retour \u00e0 la boutique *Les incr\u00e9ments de quantit\u00e9 pour les produits de gazon repr\u00e9sentent un rouleau complet de gazon. Les quantit\u00e9s de gazon sont indiqu\u00e9es en pieds carr\u00e9s. Remove item Thumbnail image Product Price Quantity Subtotal &times; Fert (1KG) &#8211; Root Starter &#36;9.99 Fert (1KG) &#8211; Root Starter quantity &#36;79.92 [&hellip;]<\/p>\n","protected":false},"author":1,"featured_media":0,"parent":0,"menu_order":0,"comment_status":"closed","ping_status":"closed","template":"","meta":{"_acf_changed":false,"inline_featured_image":false,"footnotes":""},"class_list":["post-40125","page","type-page","status-publish","hentry"],"acf":[],"yoast_head":"<!-- This site is optimized with the Yoast SEO plugin v25.7 - https:\/\/yoast.com\/wordpress\/plugins\/seo\/ -->\n<title>Shopping Cart | Manderley Turf Products<\/title>\n<meta name=\"robots\" content=\"index, follow, max-snippet:-1, max-image-preview:large, max-video-preview:-1\" \/>\n<link rel=\"canonical\" href=\"https:\/\/manderley.com\/cart\/\" \/>\n<meta property=\"og:locale\" content=\"fr_FR\" \/>\n<meta property=\"og:type\" content=\"article\" \/>\n<meta property=\"og:title\" content=\"Shopping Cart | Manderley Turf Products\" \/>\n<meta property=\"og:description\" content=\"COMMANDES EN LIGNE Panier d&rsquo;achats Retour \u00e0 la boutique *Les incr\u00e9ments de quantit\u00e9 pour les produits de gazon repr\u00e9sentent un rouleau complet de gazon. Les quantit\u00e9s de gazon sont indiqu\u00e9es en pieds carr\u00e9s. Remove item Thumbnail image Product Price Quantity Subtotal &times; Fert (1KG) &#8211; Root Starter &#036;9.99 Fert (1KG) &#8211; Root Starter quantity &#036;79.92 [&hellip;]\" \/>\n<meta property=\"og:url\" content=\"https:\/\/manderley.com\/cart\/\" \/>\n<meta property=\"og:site_name\" content=\"Manderley Sod\" \/>\n<meta property=\"article:modified_time\" content=\"2024-07-26T13:35:30+00:00\" \/>\n<meta property=\"og:image\" content=\"http:\/\/manderley.com\/wp-content\/uploads\/2024\/05\/Root-Starter-1kg-300x300.png\" \/>\n<meta name=\"twitter:card\" content=\"summary_large_image\" \/>\n<meta name=\"twitter:label1\" content=\"Dur\u00e9e de lecture estim\u00e9e\" \/>\n\t<meta name=\"twitter:data1\" content=\"3 minutes\" \/>\n<script type=\"application\/ld+json\" class=\"yoast-schema-graph\">{\"@context\":\"https:\/\/schema.org\",\"@graph\":[{\"@type\":\"WebPage\",\"@id\":\"https:\/\/manderley.com\/cart\/\",\"url\":\"https:\/\/manderley.com\/cart\/\",\"name\":\"Shopping Cart | Manderley Turf Products\",\"isPartOf\":{\"@id\":\"https:\/\/manderley.com\/#website\"},\"primaryImageOfPage\":{\"@id\":\"https:\/\/manderley.com\/cart\/#primaryimage\"},\"image\":{\"@id\":\"https:\/\/manderley.com\/cart\/#primaryimage\"},\"thumbnailUrl\":\"http:\/\/manderley.com\/wp-content\/uploads\/2024\/05\/Root-Starter-1kg-300x300.png\",\"datePublished\":\"2023-05-25T14:43:38+00:00\",\"dateModified\":\"2024-07-26T13:35:30+00:00\",\"breadcrumb\":{\"@id\":\"https:\/\/manderley.com\/cart\/#breadcrumb\"},\"inLanguage\":\"fr-FR\",\"potentialAction\":[{\"@type\":\"ReadAction\",\"target\":[\"https:\/\/manderley.com\/cart\/\"]}]},{\"@type\":\"ImageObject\",\"inLanguage\":\"fr-FR\",\"@id\":\"https:\/\/manderley.com\/cart\/#primaryimage\",\"url\":\"http:\/\/manderley.com\/wp-content\/uploads\/2024\/05\/Root-Starter-1kg-300x300.png\",\"contentUrl\":\"http:\/\/manderley.com\/wp-content\/uploads\/2024\/05\/Root-Starter-1kg-300x300.png\"},{\"@type\":\"BreadcrumbList\",\"@id\":\"https:\/\/manderley.com\/cart\/#breadcrumb\",\"itemListElement\":[{\"@type\":\"ListItem\",\"position\":1,\"name\":\"Home\",\"item\":\"https:\/\/manderley.com\/fr\/\"},{\"@type\":\"ListItem\",\"position\":2,\"name\":\"Mon Panier\"}]},{\"@type\":\"WebSite\",\"@id\":\"https:\/\/manderley.com\/#website\",\"url\":\"https:\/\/manderley.com\/\",\"name\":\"Manderley Sod\",\"description\":\"\",\"publisher\":{\"@id\":\"https:\/\/manderley.com\/#organization\"},\"potentialAction\":[{\"@type\":\"SearchAction\",\"target\":{\"@type\":\"EntryPoint\",\"urlTemplate\":\"https:\/\/manderley.com\/?s={search_term_string}\"},\"query-input\":{\"@type\":\"PropertyValueSpecification\",\"valueRequired\":true,\"valueName\":\"search_term_string\"}}],\"inLanguage\":\"fr-FR\"},{\"@type\":\"Organization\",\"@id\":\"https:\/\/manderley.com\/#organization\",\"name\":\"Manderley Sod\",\"url\":\"https:\/\/manderley.com\/\",\"logo\":{\"@type\":\"ImageObject\",\"inLanguage\":\"fr-FR\",\"@id\":\"https:\/\/manderley.com\/#\/schema\/logo\/image\/\",\"url\":\"https:\/\/manderley.com\/wp-content\/uploads\/2022\/09\/Group-2.svg\",\"contentUrl\":\"https:\/\/manderley.com\/wp-content\/uploads\/2022\/09\/Group-2.svg\",\"width\":451,\"height\":194,\"caption\":\"Manderley Sod\"},\"image\":{\"@id\":\"https:\/\/manderley.com\/#\/schema\/logo\/image\/\"}}]}<\/script>\n<!-- \/ Yoast SEO plugin. -->","yoast_head_json":{"title":"Shopping Cart | Manderley Turf Products","robots":{"index":"index","follow":"follow","max-snippet":"max-snippet:-1","max-image-preview":"max-image-preview:large","max-video-preview":"max-video-preview:-1"},"canonical":"https:\/\/manderley.com\/cart\/","og_locale":"fr_FR","og_type":"article","og_title":"Shopping Cart | Manderley Turf Products","og_description":"COMMANDES EN LIGNE Panier d&rsquo;achats Retour \u00e0 la boutique *Les incr\u00e9ments de quantit\u00e9 pour les produits de gazon repr\u00e9sentent un rouleau complet de gazon. Les quantit\u00e9s de gazon sont indiqu\u00e9es en pieds carr\u00e9s. Remove item Thumbnail image Product Price Quantity Subtotal &times; Fert (1KG) &#8211; Root Starter &#36;9.99 Fert (1KG) &#8211; Root Starter quantity &#36;79.92 [&hellip;]","og_url":"https:\/\/manderley.com\/cart\/","og_site_name":"Manderley Sod","article_modified_time":"2024-07-26T13:35:30+00:00","og_image":[{"url":"http:\/\/manderley.com\/wp-content\/uploads\/2024\/05\/Root-Starter-1kg-300x300.png","type":"","width":"","height":""}],"twitter_card":"summary_large_image","twitter_misc":{"Dur\u00e9e de lecture estim\u00e9e":"3 minutes"},"schema":{"@context":"https:\/\/schema.org","@graph":[{"@type":"WebPage","@id":"https:\/\/manderley.com\/cart\/","url":"https:\/\/manderley.com\/cart\/","name":"Shopping Cart | Manderley Turf Products","isPartOf":{"@id":"https:\/\/manderley.com\/#website"},"primaryImageOfPage":{"@id":"https:\/\/manderley.com\/cart\/#primaryimage"},"image":{"@id":"https:\/\/manderley.com\/cart\/#primaryimage"},"thumbnailUrl":"http:\/\/manderley.com\/wp-content\/uploads\/2024\/05\/Root-Starter-1kg-300x300.png","datePublished":"2023-05-25T14:43:38+00:00","dateModified":"2024-07-26T13:35:30+00:00","breadcrumb":{"@id":"https:\/\/manderley.com\/cart\/#breadcrumb"},"inLanguage":"fr-FR","potentialAction":[{"@type":"ReadAction","target":["https:\/\/manderley.com\/cart\/"]}]},{"@type":"ImageObject","inLanguage":"fr-FR","@id":"https:\/\/manderley.com\/cart\/#primaryimage","url":"http:\/\/manderley.com\/wp-content\/uploads\/2024\/05\/Root-Starter-1kg-300x300.png","contentUrl":"http:\/\/manderley.com\/wp-content\/uploads\/2024\/05\/Root-Starter-1kg-300x300.png"},{"@type":"BreadcrumbList","@id":"https:\/\/manderley.com\/cart\/#breadcrumb","itemListElement":[{"@type":"ListItem","position":1,"name":"Home","item":"https:\/\/manderley.com\/fr\/"},{"@type":"ListItem","position":2,"name":"Mon Panier"}]},{"@type":"WebSite","@id":"https:\/\/manderley.com\/#website","url":"https:\/\/manderley.com\/","name":"Manderley Sod","description":"","publisher":{"@id":"https:\/\/manderley.com\/#organization"},"potentialAction":[{"@type":"SearchAction","target":{"@type":"EntryPoint","urlTemplate":"https:\/\/manderley.com\/?s={search_term_string}"},"query-input":{"@type":"PropertyValueSpecification","valueRequired":true,"valueName":"search_term_string"}}],"inLanguage":"fr-FR"},{"@type":"Organization","@id":"https:\/\/manderley.com\/#organization","name":"Manderley Sod","url":"https:\/\/manderley.com\/","logo":{"@type":"ImageObject","inLanguage":"fr-FR","@id":"https:\/\/manderley.com\/#\/schema\/logo\/image\/","url":"https:\/\/manderley.com\/wp-content\/uploads\/2022\/09\/Group-2.svg","contentUrl":"https:\/\/manderley.com\/wp-content\/uploads\/2022\/09\/Group-2.svg","width":451,"height":194,"caption":"Manderley Sod"},"image":{"@id":"https:\/\/manderley.com\/#\/schema\/logo\/image\/"}}]}},"_links":{"self":[{"href":"https:\/\/manderley.com\/fr\/wp-json\/wp\/v2\/pages\/40125","targetHints":{"allow":["GET"]}}],"collection":[{"href":"https:\/\/manderley.com\/fr\/wp-json\/wp\/v2\/pages"}],"about":[{"href":"https:\/\/manderley.com\/fr\/wp-json\/wp\/v2\/types\/page"}],"author":[{"embeddable":true,"href":"https:\/\/manderley.com\/fr\/wp-json\/wp\/v2\/users\/1"}],"replies":[{"embeddable":true,"href":"https:\/\/manderley.com\/fr\/wp-json\/wp\/v2\/comments?post=40125"}],"version-history":[{"count":20,"href":"https:\/\/manderley.com\/fr\/wp-json\/wp\/v2\/pages\/40125\/revisions"}],"predecessor-version":[{"id":44533,"href":"https:\/\/manderley.com\/fr\/wp-json\/wp\/v2\/pages\/40125\/revisions\/44533"}],"wp:attachment":[{"href":"https:\/\/manderley.com\/fr\/wp-json\/wp\/v2\/media?parent=40125"}],"curies":[{"name":"wp","href":"https:\/\/api.w.org\/{rel}","templated":true}]}}