{"id":40129,"date":"2023-05-30T11:34:43","date_gmt":"2023-05-30T11:34:43","guid":{"rendered":"http:\/\/manderley.com\/faq\/"},"modified":"2024-02-14T22:21:52","modified_gmt":"2024-02-14T22:21:52","slug":"faq","status":"publish","type":"page","link":"https:\/\/manderley.com\/fr\/faq\/","title":{"rendered":"FAQ"},"content":{"rendered":"\t\t<div data-elementor-type=\"wp-page\" data-elementor-id=\"40129\" class=\"elementor elementor-40129 elementor-7588\" data-elementor-post-type=\"page\">\n\t\t\t\t\t\t<section class=\"elementor-section elementor-top-section elementor-element elementor-element-3d8f78f inner-banner elementor-section-boxed elementor-section-height-default elementor-section-height-default\" data-id=\"3d8f78f\" data-element_type=\"section\" data-settings=\"{&quot;background_background&quot;:&quot;classic&quot;}\">\n\t\t\t\t\t\t<div class=\"elementor-container elementor-column-gap-default\">\n\t\t\t\t\t<div class=\"elementor-column elementor-col-100 elementor-top-column elementor-element elementor-element-d592b94\" data-id=\"d592b94\" data-element_type=\"column\">\n\t\t\t<div class=\"elementor-widget-wrap elementor-element-populated\">\n\t\t\t\t\t\t<div class=\"elementor-element elementor-element-31c60b6 mb-0 cust-h5 elementor-widget elementor-widget-heading\" data-id=\"31c60b6\" data-element_type=\"widget\" data-widget_type=\"heading.default\">\n\t\t\t\t<div class=\"elementor-widget-container\">\n\t\t\t\t\t<h5 class=\"elementor-heading-title elementor-size-default\">PRODUITS POUR GAZON MANDERLEY<\/h5>\t\t\t\t<\/div>\n\t\t\t\t<\/div>\n\t\t\t\t<div class=\"elementor-element elementor-element-ae0f917 elementor-widget elementor-widget-heading\" data-id=\"ae0f917\" data-element_type=\"widget\" data-widget_type=\"heading.default\">\n\t\t\t\t<div class=\"elementor-widget-container\">\n\t\t\t\t\t<h1 class=\"elementor-heading-title elementor-size-default\">Questions fr\u00e9quemment pos\u00e9es<\/h1>\t\t\t\t<\/div>\n\t\t\t\t<\/div>\n\t\t\t\t<div class=\"elementor-element elementor-element-5f55ff8 banner-bottom-logo elementor-widget elementor-widget-image\" data-id=\"5f55ff8\" data-element_type=\"widget\" data-widget_type=\"image.default\">\n\t\t\t\t<div class=\"elementor-widget-container\">\n\t\t\t\t\t\t\t\t\t\t\t\t\t\t\t<img decoding=\"async\" width=\"198\" height=\"198\" src=\"https:\/\/manderley.com\/wp-content\/uploads\/2023\/05\/Group-132-1-1.png\" class=\"attachment-full size-full wp-image-37249\" alt=\"\" srcset=\"https:\/\/manderley.com\/wp-content\/uploads\/2023\/05\/Group-132-1-1.png 198w, https:\/\/manderley.com\/wp-content\/uploads\/2023\/05\/Group-132-1-1-100x100.png 100w, https:\/\/manderley.com\/wp-content\/uploads\/2023\/05\/Group-132-1-1-150x150.png 150w\" sizes=\"(max-width: 198px) 100vw, 198px\" \/>\t\t\t\t\t\t\t\t\t\t\t\t\t\t\t<\/div>\n\t\t\t\t<\/div>\n\t\t\t\t\t<\/div>\n\t\t<\/div>\n\t\t\t\t\t<\/div>\n\t\t<\/section>\n\t\t\t\t<section class=\"elementor-section elementor-top-section elementor-element elementor-element-0e11a75 simple-content faq-sec pt-100 p-lr elementor-section-boxed elementor-section-height-default elementor-section-height-default\" data-id=\"0e11a75\" data-element_type=\"section\">\n\t\t\t\t\t\t<div class=\"elementor-container elementor-column-gap-default\">\n\t\t\t\t\t<div class=\"elementor-column elementor-col-100 elementor-top-column elementor-element elementor-element-c83ee0f\" data-id=\"c83ee0f\" data-element_type=\"column\">\n\t\t\t<div class=\"elementor-widget-wrap elementor-element-populated\">\n\t\t\t\t\t\t<div class=\"elementor-element elementor-element-2fbc052 elementor-widget elementor-widget-heading\" data-id=\"2fbc052\" data-element_type=\"widget\" data-widget_type=\"heading.default\">\n\t\t\t\t<div class=\"elementor-widget-container\">\n\t\t\t\t\t<h5 class=\"elementor-heading-title elementor-size-default\">Ressources et r\u00e9ponses<\/h5>\t\t\t\t<\/div>\n\t\t\t\t<\/div>\n\t\t\t\t<div class=\"elementor-element elementor-element-08bf1fe elementor-widget elementor-widget-heading\" data-id=\"08bf1fe\" data-element_type=\"widget\" data-widget_type=\"heading.default\">\n\t\t\t\t<div class=\"elementor-widget-container\">\n\t\t\t\t\t<h2 class=\"elementor-heading-title elementor-size-default\">Voir les questions les plus fr\u00e9quentes <br>que nous posent les propri\u00e9taires <\/h2>\t\t\t\t<\/div>\n\t\t\t\t<\/div>\n\t\t\t\t<div class=\"elementor-element elementor-element-9bc8a64 pt-50 elementor-widget elementor-widget-accordion\" data-id=\"9bc8a64\" data-element_type=\"widget\" data-widget_type=\"accordion.default\">\n\t\t\t\t<div class=\"elementor-widget-container\">\n\t\t\t\t\t\t\t<div class=\"elementor-accordion\">\n\t\t\t\t\t\t\t<div class=\"elementor-accordion-item\">\n\t\t\t\t\t<h4 id=\"elementor-tab-title-1631\" class=\"elementor-tab-title\" data-tab=\"1\" role=\"button\" aria-controls=\"elementor-tab-content-1631\" aria-expanded=\"false\">\n\t\t\t\t\t\t\t\t\t\t\t\t\t<span class=\"elementor-accordion-icon elementor-accordion-icon-right\" aria-hidden=\"true\">\n\t\t\t\t\t\t\t\t\t\t\t\t\t\t\t<span class=\"elementor-accordion-icon-closed\"><svg xmlns=\"http:\/\/www.w3.org\/2000\/svg\" width=\"39\" height=\"24\" viewBox=\"0 0 39 24\" fill=\"none\"><path d=\"M2 21.5L19.5 4L37 21.5\" stroke=\"#0082CA\" stroke-width=\"5\"><\/path><\/svg><\/span>\n\t\t\t\t\t\t\t\t<span class=\"elementor-accordion-icon-opened\"><svg xmlns=\"http:\/\/www.w3.org\/2000\/svg\" width=\"39\" height=\"24\" viewBox=\"0 0 39 24\" fill=\"none\"><path d=\"M2 2L19.5 19.5L37 2\" stroke=\"black\" stroke-width=\"5\"><\/path><\/svg><\/span>\n\t\t\t\t\t\t\t\t\t\t\t\t\t\t<\/span>\n\t\t\t\t\t\t\t\t\t\t\t\t<a class=\"elementor-accordion-title\" tabindex=\"0\">Puis-je r\u00e9cup\u00e9rer des produits chez vous ?<\/a>\n\t\t\t\t\t<\/h4>\n\t\t\t\t\t<div id=\"elementor-tab-content-1631\" class=\"elementor-tab-content elementor-clearfix\" data-tab=\"1\" role=\"region\" aria-labelledby=\"elementor-tab-title-1631\"><p><span style=\"font-weight: 400;\">Oui, vous pouvez venir chercher du gazon, des\u00a0 semences\u00a0 et des engrais \u00e0 Carp dans la cour \u00e0 bois de KOTT. Nous avons du gazon frais disponible chez nous tout au long de la saison de croissance. Veuillez appeler \u00e0 l&rsquo;avance pour vous assurer que nous avons suffisamment de gazon disponible pour traiter votre commande. Il est pr\u00e9f\u00e9rable de r\u00e9server le gazon 24 heures \u00e0 l\u2019avance pour \u00eatre s\u00fbr d\u2019avoir la quantit\u00e9 suffisante.<\/span><\/p><\/div>\n\t\t\t\t<\/div>\n\t\t\t\t\t\t\t<div class=\"elementor-accordion-item\">\n\t\t\t\t\t<h4 id=\"elementor-tab-title-1632\" class=\"elementor-tab-title\" data-tab=\"2\" role=\"button\" aria-controls=\"elementor-tab-content-1632\" aria-expanded=\"false\">\n\t\t\t\t\t\t\t\t\t\t\t\t\t<span class=\"elementor-accordion-icon elementor-accordion-icon-right\" aria-hidden=\"true\">\n\t\t\t\t\t\t\t\t\t\t\t\t\t\t\t<span class=\"elementor-accordion-icon-closed\"><svg xmlns=\"http:\/\/www.w3.org\/2000\/svg\" width=\"39\" height=\"24\" viewBox=\"0 0 39 24\" fill=\"none\"><path d=\"M2 21.5L19.5 4L37 21.5\" stroke=\"#0082CA\" stroke-width=\"5\"><\/path><\/svg><\/span>\n\t\t\t\t\t\t\t\t<span class=\"elementor-accordion-icon-opened\"><svg xmlns=\"http:\/\/www.w3.org\/2000\/svg\" width=\"39\" height=\"24\" viewBox=\"0 0 39 24\" fill=\"none\"><path d=\"M2 2L19.5 19.5L37 2\" stroke=\"black\" stroke-width=\"5\"><\/path><\/svg><\/span>\n\t\t\t\t\t\t\t\t\t\t\t\t\t\t<\/span>\n\t\t\t\t\t\t\t\t\t\t\t\t<a class=\"elementor-accordion-title\" tabindex=\"0\">De quelle quantit\u00e9 de gazon ai-je besoin ?<\/a>\n\t\t\t\t\t<\/h4>\n\t\t\t\t\t<div id=\"elementor-tab-content-1632\" class=\"elementor-tab-content elementor-clearfix\" data-tab=\"2\" role=\"region\" aria-labelledby=\"elementor-tab-title-1632\"><p><span style=\"font-weight: 400;\">Pour d\u00e9terminer la quantit\u00e9 de gazon n\u00e9cessaire, vous devrez conna\u00eetre la superficie de votre terrain\u00a0 en pieds carr\u00e9s. Le gazon est vendu au pied carr\u00e9, en rouleaux de 12 pieds carr\u00e9s (6\u2019x2\u2019), et est exp\u00e9di\u00e9 sur des palettes. Nous vous recommandons d&rsquo;ajouter 5 % \u00e0 votre total si votre terrain\u00a0 a une forme r\u00e9guli\u00e8re\u00a0 pour tenir compte de la perte, de la coupe des bordures et de la coupe. Pour plus d\u2019informations sur les mesures, consultez notre guide de mesure et utilisez notre calculateur de gazon.<\/span><\/p><\/div>\n\t\t\t\t<\/div>\n\t\t\t\t\t\t\t<div class=\"elementor-accordion-item\">\n\t\t\t\t\t<h4 id=\"elementor-tab-title-1633\" class=\"elementor-tab-title\" data-tab=\"3\" role=\"button\" aria-controls=\"elementor-tab-content-1633\" aria-expanded=\"false\">\n\t\t\t\t\t\t\t\t\t\t\t\t\t<span class=\"elementor-accordion-icon elementor-accordion-icon-right\" aria-hidden=\"true\">\n\t\t\t\t\t\t\t\t\t\t\t\t\t\t\t<span class=\"elementor-accordion-icon-closed\"><svg xmlns=\"http:\/\/www.w3.org\/2000\/svg\" width=\"39\" height=\"24\" viewBox=\"0 0 39 24\" fill=\"none\"><path d=\"M2 21.5L19.5 4L37 21.5\" stroke=\"#0082CA\" stroke-width=\"5\"><\/path><\/svg><\/span>\n\t\t\t\t\t\t\t\t<span class=\"elementor-accordion-icon-opened\"><svg xmlns=\"http:\/\/www.w3.org\/2000\/svg\" width=\"39\" height=\"24\" viewBox=\"0 0 39 24\" fill=\"none\"><path d=\"M2 2L19.5 19.5L37 2\" stroke=\"black\" stroke-width=\"5\"><\/path><\/svg><\/span>\n\t\t\t\t\t\t\t\t\t\t\t\t\t\t<\/span>\n\t\t\t\t\t\t\t\t\t\t\t\t<a class=\"elementor-accordion-title\" tabindex=\"0\">Comment retourner mes palettes vides ?<\/a>\n\t\t\t\t\t<\/h4>\n\t\t\t\t\t<div id=\"elementor-tab-content-1633\" class=\"elementor-tab-content elementor-clearfix\" data-tab=\"3\" role=\"region\" aria-labelledby=\"elementor-tab-title-1633\"><p><span style=\"font-weight: 400;\">Vous pouvez retourner vos palettes vides pour un remboursement de votre d\u00e9p\u00f4t\u00a0 l\u00e0 o\u00f9 vous avez initialement achet\u00e9 votre gazon. Une fois restitu\u00e9es, votre d\u00e9p\u00f4t vous sera rembours\u00e9.<\/span><\/p><\/div>\n\t\t\t\t<\/div>\n\t\t\t\t\t\t\t\t<\/div>\n\t\t\t\t\t\t<\/div>\n\t\t\t\t<\/div>\n\t\t\t\t\t<\/div>\n\t\t<\/div>\n\t\t\t\t\t<\/div>\n\t\t<\/section>\n\t\t\t\t<section class=\"elementor-section elementor-top-section elementor-element elementor-element-bdadb7f elementor-section-full_width inner-call-to-action with-bg elementor-section-height-default elementor-section-height-default\" data-id=\"bdadb7f\" data-element_type=\"section\">\n\t\t\t\t\t\t<div class=\"elementor-container elementor-column-gap-no\">\n\t\t\t\t\t<div class=\"elementor-column elementor-col-100 elementor-top-column elementor-element elementor-element-d7810dc\" data-id=\"d7810dc\" data-element_type=\"column\">\n\t\t\t<div class=\"elementor-widget-wrap elementor-element-populated\">\n\t\t\t\t\t\t<div class=\"elementor-element elementor-element-4107e25 elementor-widget elementor-widget-template\" data-id=\"4107e25\" data-element_type=\"widget\" data-widget_type=\"template.default\">\n\t\t\t\t<div class=\"elementor-widget-container\">\n\t\t\t\t\t\t\t<div class=\"elementor-template\">\n\t\t\t\t\t<div data-elementor-type=\"section\" data-elementor-id=\"40347\" class=\"elementor elementor-40347 elementor-7740\" data-elementor-post-type=\"elementor_library\">\n\t\t\t\t\t<section class=\"elementor-section elementor-top-section elementor-element elementor-element-3a7d7e1 call-to-action-wrapp  max-1650 elementor-section-boxed elementor-section-height-default elementor-section-height-default\" data-id=\"3a7d7e1\" data-element_type=\"section\">\n\t\t\t\t\t\t<div class=\"elementor-container elementor-column-gap-default\">\n\t\t\t\t\t<div class=\"elementor-column elementor-col-100 elementor-top-column elementor-element elementor-element-6afc46e\" data-id=\"6afc46e\" data-element_type=\"column\">\n\t\t\t<div class=\"elementor-widget-wrap elementor-element-populated\">\n\t\t\t\t\t\t<div class=\"elementor-element elementor-element-c0edbd2 elementor-widget elementor-widget-heading\" data-id=\"c0edbd2\" data-element_type=\"widget\" data-widget_type=\"heading.default\">\n\t\t\t\t<div class=\"elementor-widget-container\">\n\t\t\t\t\t<h5 class=\"elementor-heading-title elementor-size-default\">MANDERLEY<\/h5>\t\t\t\t<\/div>\n\t\t\t\t<\/div>\n\t\t\t\t<div class=\"elementor-element elementor-element-9a624e6 elementor-widget elementor-widget-heading\" data-id=\"9a624e6\" data-element_type=\"widget\" data-widget_type=\"heading.default\">\n\t\t\t\t<div class=\"elementor-widget-container\">\n\t\t\t\t\t<h2 class=\"elementor-heading-title elementor-size-default\">Mettez votre pelouse<br> en valeur.<\/h2>\t\t\t\t<\/div>\n\t\t\t\t<\/div>\n\t\t\t\t<div class=\"elementor-element elementor-element-c01d86d elementor-widget elementor-widget-button\" data-id=\"c01d86d\" data-element_type=\"widget\" data-widget_type=\"button.default\">\n\t\t\t\t<div class=\"elementor-widget-container\">\n\t\t\t\t\t\t\t\t\t<div class=\"elementor-button-wrapper\">\n\t\t\t\t\t<a class=\"elementor-button elementor-button-link elementor-size-sm\" href=\"https:\/\/manderley.com\/fr\/nos-produits-fr\/\">\n\t\t\t\t\t\t<span class=\"elementor-button-content-wrapper\">\n\t\t\t\t\t\t\t\t\t<span class=\"elementor-button-text\">Commandez en ligne<\/span>\n\t\t\t\t\t<\/span>\n\t\t\t\t\t<\/a>\n\t\t\t\t<\/div>\n\t\t\t\t\t\t\t\t<\/div>\n\t\t\t\t<\/div>\n\t\t\t\t\t<\/div>\n\t\t<\/div>\n\t\t\t\t\t<\/div>\n\t\t<\/section>\n\t\t\t\t<\/div>\n\t\t\t\t<\/div>\n\t\t\t\t\t\t<\/div>\n\t\t\t\t<\/div>\n\t\t\t\t\t<\/div>\n\t\t<\/div>\n\t\t\t\t\t<\/div>\n\t\t<\/section>\n\t\t\t\t<\/div>\n\t\t","protected":false},"excerpt":{"rendered":"<p>PRODUITS POUR GAZON MANDERLEY Questions fr\u00e9quemment pos\u00e9es Ressources et r\u00e9ponses Voir les questions les plus fr\u00e9quentes que nous posent les propri\u00e9taires Puis-je r\u00e9cup\u00e9rer des produits chez vous ? Oui, vous pouvez venir chercher du gazon, des\u00a0 semences\u00a0 et des engrais \u00e0 Carp dans la cour \u00e0 bois de KOTT. Nous avons du gazon frais disponible [&hellip;]<\/p>\n","protected":false},"author":3,"featured_media":0,"parent":0,"menu_order":0,"comment_status":"closed","ping_status":"closed","template":"","meta":{"_acf_changed":false,"inline_featured_image":false,"footnotes":""},"class_list":["post-40129","page","type-page","status-publish","hentry"],"acf":[],"yoast_head":"<!-- This site is optimized with the Yoast SEO plugin v25.7 - https:\/\/yoast.com\/wordpress\/plugins\/seo\/ -->\n<title>Frequently Asked Questions (FAQ) | Manderley Turf Products<\/title>\n<meta name=\"description\" content=\"Looking for further reading resources? Take a look at our list of Frequently Asked Questions (FAQs).\" \/>\n<meta name=\"robots\" content=\"index, follow, max-snippet:-1, max-image-preview:large, max-video-preview:-1\" \/>\n<link rel=\"canonical\" href=\"https:\/\/manderley.com\/faq\/\" \/>\n<meta property=\"og:locale\" content=\"fr_FR\" \/>\n<meta property=\"og:type\" content=\"article\" \/>\n<meta property=\"og:title\" content=\"Frequently Asked Questions (FAQ) | Manderley Turf Products\" \/>\n<meta property=\"og:description\" content=\"Looking for further reading resources? Take a look at our list of Frequently Asked Questions (FAQs).\" \/>\n<meta property=\"og:url\" content=\"https:\/\/manderley.com\/faq\/\" \/>\n<meta property=\"og:site_name\" content=\"Manderley Sod\" \/>\n<meta property=\"article:modified_time\" content=\"2024-02-14T22:21:52+00:00\" \/>\n<meta property=\"og:image\" content=\"http:\/\/manderley.com\/wp-content\/uploads\/2023\/05\/Group-132-1-1.png\" \/>\n<meta name=\"twitter:card\" content=\"summary_large_image\" \/>\n<meta name=\"twitter:label1\" content=\"Dur\u00e9e de lecture estim\u00e9e\" \/>\n\t<meta name=\"twitter:data1\" content=\"2 minutes\" \/>\n<script type=\"application\/ld+json\" class=\"yoast-schema-graph\">{\"@context\":\"https:\/\/schema.org\",\"@graph\":[{\"@type\":\"WebPage\",\"@id\":\"https:\/\/manderley.com\/faq\/\",\"url\":\"https:\/\/manderley.com\/faq\/\",\"name\":\"Frequently Asked Questions (FAQ) | Manderley Turf Products\",\"isPartOf\":{\"@id\":\"https:\/\/manderley.com\/#website\"},\"primaryImageOfPage\":{\"@id\":\"https:\/\/manderley.com\/faq\/#primaryimage\"},\"image\":{\"@id\":\"https:\/\/manderley.com\/faq\/#primaryimage\"},\"thumbnailUrl\":\"http:\/\/manderley.com\/wp-content\/uploads\/2023\/05\/Group-132-1-1.png\",\"datePublished\":\"2023-05-30T11:34:43+00:00\",\"dateModified\":\"2024-02-14T22:21:52+00:00\",\"description\":\"Looking for further reading resources? Take a look at our list of Frequently Asked Questions (FAQs).\",\"breadcrumb\":{\"@id\":\"https:\/\/manderley.com\/faq\/#breadcrumb\"},\"inLanguage\":\"fr-FR\",\"potentialAction\":[{\"@type\":\"ReadAction\",\"target\":[\"https:\/\/manderley.com\/faq\/\"]}]},{\"@type\":\"ImageObject\",\"inLanguage\":\"fr-FR\",\"@id\":\"https:\/\/manderley.com\/faq\/#primaryimage\",\"url\":\"http:\/\/manderley.com\/wp-content\/uploads\/2023\/05\/Group-132-1-1.png\",\"contentUrl\":\"http:\/\/manderley.com\/wp-content\/uploads\/2023\/05\/Group-132-1-1.png\"},{\"@type\":\"BreadcrumbList\",\"@id\":\"https:\/\/manderley.com\/faq\/#breadcrumb\",\"itemListElement\":[{\"@type\":\"ListItem\",\"position\":1,\"name\":\"Home\",\"item\":\"https:\/\/manderley.com\/fr\/\"},{\"@type\":\"ListItem\",\"position\":2,\"name\":\"FAQ\"}]},{\"@type\":\"WebSite\",\"@id\":\"https:\/\/manderley.com\/#website\",\"url\":\"https:\/\/manderley.com\/\",\"name\":\"Manderley Sod\",\"description\":\"\",\"publisher\":{\"@id\":\"https:\/\/manderley.com\/#organization\"},\"potentialAction\":[{\"@type\":\"SearchAction\",\"target\":{\"@type\":\"EntryPoint\",\"urlTemplate\":\"https:\/\/manderley.com\/?s={search_term_string}\"},\"query-input\":{\"@type\":\"PropertyValueSpecification\",\"valueRequired\":true,\"valueName\":\"search_term_string\"}}],\"inLanguage\":\"fr-FR\"},{\"@type\":\"Organization\",\"@id\":\"https:\/\/manderley.com\/#organization\",\"name\":\"Manderley Sod\",\"url\":\"https:\/\/manderley.com\/\",\"logo\":{\"@type\":\"ImageObject\",\"inLanguage\":\"fr-FR\",\"@id\":\"https:\/\/manderley.com\/#\/schema\/logo\/image\/\",\"url\":\"https:\/\/manderley.com\/wp-content\/uploads\/2022\/09\/Group-2.svg\",\"contentUrl\":\"https:\/\/manderley.com\/wp-content\/uploads\/2022\/09\/Group-2.svg\",\"width\":451,\"height\":194,\"caption\":\"Manderley Sod\"},\"image\":{\"@id\":\"https:\/\/manderley.com\/#\/schema\/logo\/image\/\"}}]}<\/script>\n<!-- \/ Yoast SEO plugin. -->","yoast_head_json":{"title":"Frequently Asked Questions (FAQ) | Manderley Turf Products","description":"Looking for further reading resources? Take a look at our list of Frequently Asked Questions (FAQs).","robots":{"index":"index","follow":"follow","max-snippet":"max-snippet:-1","max-image-preview":"max-image-preview:large","max-video-preview":"max-video-preview:-1"},"canonical":"https:\/\/manderley.com\/faq\/","og_locale":"fr_FR","og_type":"article","og_title":"Frequently Asked Questions (FAQ) | Manderley Turf Products","og_description":"Looking for further reading resources? Take a look at our list of Frequently Asked Questions (FAQs).","og_url":"https:\/\/manderley.com\/faq\/","og_site_name":"Manderley Sod","article_modified_time":"2024-02-14T22:21:52+00:00","og_image":[{"url":"http:\/\/manderley.com\/wp-content\/uploads\/2023\/05\/Group-132-1-1.png","type":"","width":"","height":""}],"twitter_card":"summary_large_image","twitter_misc":{"Dur\u00e9e de lecture estim\u00e9e":"2 minutes"},"schema":{"@context":"https:\/\/schema.org","@graph":[{"@type":"WebPage","@id":"https:\/\/manderley.com\/faq\/","url":"https:\/\/manderley.com\/faq\/","name":"Frequently Asked Questions (FAQ) | Manderley Turf Products","isPartOf":{"@id":"https:\/\/manderley.com\/#website"},"primaryImageOfPage":{"@id":"https:\/\/manderley.com\/faq\/#primaryimage"},"image":{"@id":"https:\/\/manderley.com\/faq\/#primaryimage"},"thumbnailUrl":"http:\/\/manderley.com\/wp-content\/uploads\/2023\/05\/Group-132-1-1.png","datePublished":"2023-05-30T11:34:43+00:00","dateModified":"2024-02-14T22:21:52+00:00","description":"Looking for further reading resources? Take a look at our list of Frequently Asked Questions (FAQs).","breadcrumb":{"@id":"https:\/\/manderley.com\/faq\/#breadcrumb"},"inLanguage":"fr-FR","potentialAction":[{"@type":"ReadAction","target":["https:\/\/manderley.com\/faq\/"]}]},{"@type":"ImageObject","inLanguage":"fr-FR","@id":"https:\/\/manderley.com\/faq\/#primaryimage","url":"http:\/\/manderley.com\/wp-content\/uploads\/2023\/05\/Group-132-1-1.png","contentUrl":"http:\/\/manderley.com\/wp-content\/uploads\/2023\/05\/Group-132-1-1.png"},{"@type":"BreadcrumbList","@id":"https:\/\/manderley.com\/faq\/#breadcrumb","itemListElement":[{"@type":"ListItem","position":1,"name":"Home","item":"https:\/\/manderley.com\/fr\/"},{"@type":"ListItem","position":2,"name":"FAQ"}]},{"@type":"WebSite","@id":"https:\/\/manderley.com\/#website","url":"https:\/\/manderley.com\/","name":"Manderley Sod","description":"","publisher":{"@id":"https:\/\/manderley.com\/#organization"},"potentialAction":[{"@type":"SearchAction","target":{"@type":"EntryPoint","urlTemplate":"https:\/\/manderley.com\/?s={search_term_string}"},"query-input":{"@type":"PropertyValueSpecification","valueRequired":true,"valueName":"search_term_string"}}],"inLanguage":"fr-FR"},{"@type":"Organization","@id":"https:\/\/manderley.com\/#organization","name":"Manderley Sod","url":"https:\/\/manderley.com\/","logo":{"@type":"ImageObject","inLanguage":"fr-FR","@id":"https:\/\/manderley.com\/#\/schema\/logo\/image\/","url":"https:\/\/manderley.com\/wp-content\/uploads\/2022\/09\/Group-2.svg","contentUrl":"https:\/\/manderley.com\/wp-content\/uploads\/2022\/09\/Group-2.svg","width":451,"height":194,"caption":"Manderley Sod"},"image":{"@id":"https:\/\/manderley.com\/#\/schema\/logo\/image\/"}}]}},"_links":{"self":[{"href":"https:\/\/manderley.com\/fr\/wp-json\/wp\/v2\/pages\/40129","targetHints":{"allow":["GET"]}}],"collection":[{"href":"https:\/\/manderley.com\/fr\/wp-json\/wp\/v2\/pages"}],"about":[{"href":"https:\/\/manderley.com\/fr\/wp-json\/wp\/v2\/types\/page"}],"author":[{"embeddable":true,"href":"https:\/\/manderley.com\/fr\/wp-json\/wp\/v2\/users\/3"}],"replies":[{"embeddable":true,"href":"https:\/\/manderley.com\/fr\/wp-json\/wp\/v2\/comments?post=40129"}],"version-history":[{"count":15,"href":"https:\/\/manderley.com\/fr\/wp-json\/wp\/v2\/pages\/40129\/revisions"}],"predecessor-version":[{"id":41575,"href":"https:\/\/manderley.com\/fr\/wp-json\/wp\/v2\/pages\/40129\/revisions\/41575"}],"wp:attachment":[{"href":"https:\/\/manderley.com\/fr\/wp-json\/wp\/v2\/media?parent=40129"}],"curies":[{"name":"wp","href":"https:\/\/api.w.org\/{rel}","templated":true}]}}