{"id":40136,"date":"2023-06-01T13:26:27","date_gmt":"2023-06-01T13:26:27","guid":{"rendered":"http:\/\/manderley.com\/careers\/"},"modified":"2024-02-14T22:25:04","modified_gmt":"2024-02-14T22:25:04","slug":"carrieres","status":"publish","type":"page","link":"https:\/\/manderley.com\/fr\/carrieres\/","title":{"rendered":"Carri\u00e8res"},"content":{"rendered":"\t\t<div data-elementor-type=\"wp-page\" data-elementor-id=\"40136\" class=\"elementor elementor-40136 elementor-8441\" data-elementor-post-type=\"page\">\n\t\t\t\t\t\t<section class=\"elementor-section elementor-top-section elementor-element elementor-element-1f2525c inner-banner elementor-section-boxed elementor-section-height-default elementor-section-height-default\" data-id=\"1f2525c\" data-element_type=\"section\" data-settings=\"{&quot;background_background&quot;:&quot;classic&quot;}\">\n\t\t\t\t\t\t<div class=\"elementor-container elementor-column-gap-default\">\n\t\t\t\t\t<div class=\"elementor-column elementor-col-100 elementor-top-column elementor-element elementor-element-ddd9548\" data-id=\"ddd9548\" data-element_type=\"column\">\n\t\t\t<div class=\"elementor-widget-wrap elementor-element-populated\">\n\t\t\t\t\t\t<div class=\"elementor-element elementor-element-1be1e07 mb-0 elementor-widget elementor-widget-heading\" data-id=\"1be1e07\" data-element_type=\"widget\" data-widget_type=\"heading.default\">\n\t\t\t\t<div class=\"elementor-widget-container\">\n\t\t\t\t\t<h5 class=\"elementor-heading-title elementor-size-default\">PRODUITS POUR GAZON MANDERLEY<\/h5>\t\t\t\t<\/div>\n\t\t\t\t<\/div>\n\t\t\t\t<div class=\"elementor-element elementor-element-4e875f1 elementor-widget elementor-widget-heading\" data-id=\"4e875f1\" data-element_type=\"widget\" data-widget_type=\"heading.default\">\n\t\t\t\t<div class=\"elementor-widget-container\">\n\t\t\t\t\t<h1 class=\"elementor-heading-title elementor-size-default\">Carri\u00e8res<\/h1>\t\t\t\t<\/div>\n\t\t\t\t<\/div>\n\t\t\t\t\t<\/div>\n\t\t<\/div>\n\t\t\t\t\t<\/div>\n\t\t<\/section>\n\t\t\t\t<section class=\"elementor-section elementor-top-section elementor-element elementor-element-7cf32ba two-colum-content pt-80 p-lr elementor-section-boxed elementor-section-height-default elementor-section-height-default\" data-id=\"7cf32ba\" data-element_type=\"section\">\n\t\t\t\t\t\t<div class=\"elementor-container elementor-column-gap-default\">\n\t\t\t\t\t<div class=\"elementor-column elementor-col-50 elementor-top-column elementor-element elementor-element-f4d3a34\" data-id=\"f4d3a34\" data-element_type=\"column\">\n\t\t\t<div class=\"elementor-widget-wrap elementor-element-populated\">\n\t\t\t\t\t\t<div class=\"elementor-element elementor-element-6156025 pr-30 elementor-widget elementor-widget-heading\" data-id=\"6156025\" data-element_type=\"widget\" data-widget_type=\"heading.default\">\n\t\t\t\t<div class=\"elementor-widget-container\">\n\t\t\t\t\t<h5 class=\"elementor-heading-title elementor-size-default\">Rejoignez l'\u00e9quipe Manderley<\/h5>\t\t\t\t<\/div>\n\t\t\t\t<\/div>\n\t\t\t\t<div class=\"elementor-element elementor-element-1664b40 pr-30 elementor-widget elementor-widget-heading\" data-id=\"1664b40\" data-element_type=\"widget\" data-widget_type=\"heading.default\">\n\t\t\t\t<div class=\"elementor-widget-container\">\n\t\t\t\t\t<h2 class=\"elementor-heading-title elementor-size-default\">Des opportunit\u00e9s pour chaque niveau de comp\u00e9tence<\/h2>\t\t\t\t<\/div>\n\t\t\t\t<\/div>\n\t\t\t\t\t<\/div>\n\t\t<\/div>\n\t\t\t\t<div class=\"elementor-column elementor-col-50 elementor-top-column elementor-element elementor-element-96e622a\" data-id=\"96e622a\" data-element_type=\"column\">\n\t\t\t<div class=\"elementor-widget-wrap elementor-element-populated\">\n\t\t\t\t\t\t<div class=\"elementor-element elementor-element-2bbf42f elementor-widget elementor-widget-text-editor\" data-id=\"2bbf42f\" data-element_type=\"widget\" data-widget_type=\"text-editor.default\">\n\t\t\t\t<div class=\"elementor-widget-container\">\n\t\t\t\t\t\t\t\t\t<p><span style=\"font-weight: 400;\">Manderley est continuellement \u00e0 la recherche de personnes talentueuses et d\u00e9vou\u00e9es pour rejoindre son \u00e9quipe. Nous proposons une vari\u00e9t\u00e9 d&rsquo;options de carri\u00e8re dans les domaines de l&rsquo;entretien des pelouses et du gazon, du service \u00e0 la client\u00e8le et bien plus encore, que vous soyez un professionnel exp\u00e9riment\u00e9 ou que vous d\u00e9butiez tout juste. En tant que membre de notre \u00e9quipe, vous aurez la chance de collaborer et d\u2019aider un groupe de coll\u00e8gues enthousiastes \u00e0 fournir d\u2019excellents r\u00e9sultats \u00e0 nos clients. Nous offrons une vari\u00e9t\u00e9 d&rsquo;avantages sociaux, notamment une r\u00e9mun\u00e9ration comp\u00e9titive, une formation continue et du d\u00e9veloppement.<\/span><\/p><p><span style=\"font-weight: 400;\">Explorez nos postes disponibles et voyez comment\u00a0 faire progresser votre carri\u00e8re chez Manderley.<\/span><\/p><p><span style=\"font-weight: 400;\">Consultez notre page Entreprise Indeed pour d\u00e9couvrir les opportunit\u00e9s et bien plus encore.<\/span><\/p>\t\t\t\t\t\t\t\t<\/div>\n\t\t\t\t<\/div>\n\t\t\t\t<div class=\"elementor-element elementor-element-23def7b elementor-widget elementor-widget-button\" data-id=\"23def7b\" data-element_type=\"widget\" data-widget_type=\"button.default\">\n\t\t\t\t<div class=\"elementor-widget-container\">\n\t\t\t\t\t\t\t\t\t<div class=\"elementor-button-wrapper\">\n\t\t\t\t\t<a class=\"elementor-button elementor-button-link elementor-size-sm\" href=\"https:\/\/ca.indeed.com\/cmp\/Manderley-Turf-Products\" target=\"_blank\">\n\t\t\t\t\t\t<span class=\"elementor-button-content-wrapper\">\n\t\t\t\t\t\t\t\t\t<span class=\"elementor-button-text\">Notre page sur Indeed<\/span>\n\t\t\t\t\t<\/span>\n\t\t\t\t\t<\/a>\n\t\t\t\t<\/div>\n\t\t\t\t\t\t\t\t<\/div>\n\t\t\t\t<\/div>\n\t\t\t\t\t<\/div>\n\t\t<\/div>\n\t\t\t\t\t<\/div>\n\t\t<\/section>\n\t\t<div class=\"elementor-element elementor-element-4a14704 e-flex e-con-boxed e-con e-parent\" data-id=\"4a14704\" data-element_type=\"container\">\n\t\t\t\t\t<div class=\"e-con-inner\">\n\t\t\t\t<div class=\"elementor-element elementor-element-3aff7a6 elementor-widget elementor-widget-text-editor\" data-id=\"3aff7a6\" data-element_type=\"widget\" data-widget_type=\"text-editor.default\">\n\t\t\t\t<div class=\"elementor-widget-container\">\n\t\t\t\t\t\t\t\t\t<p>\u00a0<\/p><div id=\"BambooHR\"><p><script src=\"\/\/manderley.bamboohr.com\/js\/jobs2.php\" type=\"text\/javascript\"><\/script><\/p><div id=\"BambooHR-Footer\">Powered by <strong>BambooHR &#8211; HR software <\/strong><\/div><\/div>\t\t\t\t\t\t\t\t<\/div>\n\t\t\t\t<\/div>\n\t\t\t\t\t<\/div>\n\t\t\t\t<\/div>\n\t\t\t\t<\/div>\n\t\t","protected":false},"excerpt":{"rendered":"<p>PRODUITS POUR GAZON MANDERLEY Carri\u00e8res Rejoignez l&rsquo;\u00e9quipe Manderley Des opportunit\u00e9s pour chaque niveau de comp\u00e9tence Manderley est continuellement \u00e0 la recherche de personnes talentueuses et d\u00e9vou\u00e9es pour rejoindre son \u00e9quipe. Nous proposons une vari\u00e9t\u00e9 d&rsquo;options de carri\u00e8re dans les domaines de l&rsquo;entretien des pelouses et du gazon, du service \u00e0 la client\u00e8le et bien plus [&hellip;]<\/p>\n","protected":false},"author":3,"featured_media":0,"parent":0,"menu_order":0,"comment_status":"closed","ping_status":"closed","template":"","meta":{"_acf_changed":false,"inline_featured_image":false,"footnotes":""},"class_list":["post-40136","page","type-page","status-publish","hentry"],"acf":[],"yoast_head":"<!-- This site is optimized with the Yoast SEO plugin v25.7 - https:\/\/yoast.com\/wordpress\/plugins\/seo\/ -->\n<title>Careers | Manderley Turf Products<\/title>\n<meta name=\"description\" content=\"At Manderley, we value honest, dedicated and skilled employees, and we believe in recognition. Show us your potential by submitting your application today!\" \/>\n<meta name=\"robots\" content=\"index, follow, max-snippet:-1, max-image-preview:large, max-video-preview:-1\" \/>\n<link rel=\"canonical\" href=\"https:\/\/manderley.com\/careers\/\" \/>\n<meta property=\"og:locale\" content=\"fr_FR\" \/>\n<meta property=\"og:type\" content=\"article\" \/>\n<meta property=\"og:title\" content=\"Careers | Manderley Turf Products\" \/>\n<meta property=\"og:description\" content=\"At Manderley, we value honest, dedicated and skilled employees, and we believe in recognition. Show us your potential by submitting your application today!\" \/>\n<meta property=\"og:url\" content=\"https:\/\/manderley.com\/careers\/\" \/>\n<meta property=\"og:site_name\" content=\"Manderley Sod\" \/>\n<meta property=\"article:modified_time\" content=\"2024-02-14T22:25:04+00:00\" \/>\n<meta name=\"twitter:card\" content=\"summary_large_image\" \/>\n<meta name=\"twitter:label1\" content=\"Dur\u00e9e de lecture estim\u00e9e\" \/>\n\t<meta name=\"twitter:data1\" content=\"1 minute\" \/>\n<script type=\"application\/ld+json\" class=\"yoast-schema-graph\">{\"@context\":\"https:\/\/schema.org\",\"@graph\":[{\"@type\":\"WebPage\",\"@id\":\"https:\/\/manderley.com\/careers\/\",\"url\":\"https:\/\/manderley.com\/careers\/\",\"name\":\"Careers | Manderley Turf Products\",\"isPartOf\":{\"@id\":\"https:\/\/manderley.com\/#website\"},\"datePublished\":\"2023-06-01T13:26:27+00:00\",\"dateModified\":\"2024-02-14T22:25:04+00:00\",\"description\":\"At Manderley, we value honest, dedicated and skilled employees, and we believe in recognition. Show us your potential by submitting your application today!\",\"breadcrumb\":{\"@id\":\"https:\/\/manderley.com\/careers\/#breadcrumb\"},\"inLanguage\":\"fr-FR\",\"potentialAction\":[{\"@type\":\"ReadAction\",\"target\":[\"https:\/\/manderley.com\/careers\/\"]}]},{\"@type\":\"BreadcrumbList\",\"@id\":\"https:\/\/manderley.com\/careers\/#breadcrumb\",\"itemListElement\":[{\"@type\":\"ListItem\",\"position\":1,\"name\":\"Home\",\"item\":\"https:\/\/manderley.com\/fr\/\"},{\"@type\":\"ListItem\",\"position\":2,\"name\":\"Carri\u00e8res\"}]},{\"@type\":\"WebSite\",\"@id\":\"https:\/\/manderley.com\/#website\",\"url\":\"https:\/\/manderley.com\/\",\"name\":\"Manderley Sod\",\"description\":\"\",\"publisher\":{\"@id\":\"https:\/\/manderley.com\/#organization\"},\"potentialAction\":[{\"@type\":\"SearchAction\",\"target\":{\"@type\":\"EntryPoint\",\"urlTemplate\":\"https:\/\/manderley.com\/?s={search_term_string}\"},\"query-input\":{\"@type\":\"PropertyValueSpecification\",\"valueRequired\":true,\"valueName\":\"search_term_string\"}}],\"inLanguage\":\"fr-FR\"},{\"@type\":\"Organization\",\"@id\":\"https:\/\/manderley.com\/#organization\",\"name\":\"Manderley Sod\",\"url\":\"https:\/\/manderley.com\/\",\"logo\":{\"@type\":\"ImageObject\",\"inLanguage\":\"fr-FR\",\"@id\":\"https:\/\/manderley.com\/#\/schema\/logo\/image\/\",\"url\":\"https:\/\/manderley.com\/wp-content\/uploads\/2022\/09\/Group-2.svg\",\"contentUrl\":\"https:\/\/manderley.com\/wp-content\/uploads\/2022\/09\/Group-2.svg\",\"width\":451,\"height\":194,\"caption\":\"Manderley Sod\"},\"image\":{\"@id\":\"https:\/\/manderley.com\/#\/schema\/logo\/image\/\"}}]}<\/script>\n<!-- \/ Yoast SEO plugin. -->","yoast_head_json":{"title":"Careers | Manderley Turf Products","description":"At Manderley, we value honest, dedicated and skilled employees, and we believe in recognition. Show us your potential by submitting your application today!","robots":{"index":"index","follow":"follow","max-snippet":"max-snippet:-1","max-image-preview":"max-image-preview:large","max-video-preview":"max-video-preview:-1"},"canonical":"https:\/\/manderley.com\/careers\/","og_locale":"fr_FR","og_type":"article","og_title":"Careers | Manderley Turf Products","og_description":"At Manderley, we value honest, dedicated and skilled employees, and we believe in recognition. Show us your potential by submitting your application today!","og_url":"https:\/\/manderley.com\/careers\/","og_site_name":"Manderley Sod","article_modified_time":"2024-02-14T22:25:04+00:00","twitter_card":"summary_large_image","twitter_misc":{"Dur\u00e9e de lecture estim\u00e9e":"1 minute"},"schema":{"@context":"https:\/\/schema.org","@graph":[{"@type":"WebPage","@id":"https:\/\/manderley.com\/careers\/","url":"https:\/\/manderley.com\/careers\/","name":"Careers | Manderley Turf Products","isPartOf":{"@id":"https:\/\/manderley.com\/#website"},"datePublished":"2023-06-01T13:26:27+00:00","dateModified":"2024-02-14T22:25:04+00:00","description":"At Manderley, we value honest, dedicated and skilled employees, and we believe in recognition. Show us your potential by submitting your application today!","breadcrumb":{"@id":"https:\/\/manderley.com\/careers\/#breadcrumb"},"inLanguage":"fr-FR","potentialAction":[{"@type":"ReadAction","target":["https:\/\/manderley.com\/careers\/"]}]},{"@type":"BreadcrumbList","@id":"https:\/\/manderley.com\/careers\/#breadcrumb","itemListElement":[{"@type":"ListItem","position":1,"name":"Home","item":"https:\/\/manderley.com\/fr\/"},{"@type":"ListItem","position":2,"name":"Carri\u00e8res"}]},{"@type":"WebSite","@id":"https:\/\/manderley.com\/#website","url":"https:\/\/manderley.com\/","name":"Manderley Sod","description":"","publisher":{"@id":"https:\/\/manderley.com\/#organization"},"potentialAction":[{"@type":"SearchAction","target":{"@type":"EntryPoint","urlTemplate":"https:\/\/manderley.com\/?s={search_term_string}"},"query-input":{"@type":"PropertyValueSpecification","valueRequired":true,"valueName":"search_term_string"}}],"inLanguage":"fr-FR"},{"@type":"Organization","@id":"https:\/\/manderley.com\/#organization","name":"Manderley Sod","url":"https:\/\/manderley.com\/","logo":{"@type":"ImageObject","inLanguage":"fr-FR","@id":"https:\/\/manderley.com\/#\/schema\/logo\/image\/","url":"https:\/\/manderley.com\/wp-content\/uploads\/2022\/09\/Group-2.svg","contentUrl":"https:\/\/manderley.com\/wp-content\/uploads\/2022\/09\/Group-2.svg","width":451,"height":194,"caption":"Manderley Sod"},"image":{"@id":"https:\/\/manderley.com\/#\/schema\/logo\/image\/"}}]}},"_links":{"self":[{"href":"https:\/\/manderley.com\/fr\/wp-json\/wp\/v2\/pages\/40136","targetHints":{"allow":["GET"]}}],"collection":[{"href":"https:\/\/manderley.com\/fr\/wp-json\/wp\/v2\/pages"}],"about":[{"href":"https:\/\/manderley.com\/fr\/wp-json\/wp\/v2\/types\/page"}],"author":[{"embeddable":true,"href":"https:\/\/manderley.com\/fr\/wp-json\/wp\/v2\/users\/3"}],"replies":[{"embeddable":true,"href":"https:\/\/manderley.com\/fr\/wp-json\/wp\/v2\/comments?post=40136"}],"version-history":[{"count":7,"href":"https:\/\/manderley.com\/fr\/wp-json\/wp\/v2\/pages\/40136\/revisions"}],"predecessor-version":[{"id":41584,"href":"https:\/\/manderley.com\/fr\/wp-json\/wp\/v2\/pages\/40136\/revisions\/41584"}],"wp:attachment":[{"href":"https:\/\/manderley.com\/fr\/wp-json\/wp\/v2\/media?parent=40136"}],"curies":[{"name":"wp","href":"https:\/\/api.w.org\/{rel}","templated":true}]}}