{"id":43227,"date":"2024-05-03T15:05:05","date_gmt":"2024-05-03T15:05:05","guid":{"rendered":"http:\/\/manderley.com\/?post_type=product&#038;p=43227"},"modified":"2025-10-26T19:33:39","modified_gmt":"2025-10-26T23:33:39","slug":"fert-20kg-spring-formula-step-1-2","status":"publish","type":"product","link":"https:\/\/manderley.com\/fr\/product\/fert-20kg-spring-formula-step-1-2\/","title":{"rendered":"Manderley Engrais Formule Printemps (20KG)"},"content":{"rendered":"Printemps: \u00c9tape 1 \u2013 Con\u00e7u pour donner le coup d\u2019envoi \u00e0 votre pelouse apr\u00e8s la dormance hivernale, ce m\u00e9lange aide \u00e0 renforcer et \u00e0 r\u00e9parer n\u2019importe quelle pelouse dans l\u2019Est du Canada. L\u2019engrais de formule printani\u00e8re de Manderley aidera \u00e9galement votre pelouse \u00e0 obtenir une couleur verte en d\u00e9but de saison, pour une pelouse plus belle plus t\u00f4t.","protected":false},"excerpt":{"rendered":"<p>Printemps: \u00c9tape 1 \u2013 Con\u00e7u pour donner le coup d\u2019envoi \u00e0 votre pelouse apr\u00e8s la dormance hivernale, ce m\u00e9lange aide \u00e0 renforcer et \u00e0 r\u00e9parer n\u2019importe quelle pelouse dans l\u2019Est du Canada. L\u2019engrais de formule printani\u00e8re de Manderley aidera \u00e9galement votre pelouse \u00e0 obtenir une couleur verte en d\u00e9but de saison, pour une pelouse plus [&hellip;]<\/p>\n","protected":false},"featured_media":43432,"comment_status":"closed","ping_status":"closed","template":"","meta":{"_acf_changed":false,"inline_featured_image":false},"product_brand":[],"product_cat":[30],"product_tag":[317,193],"class_list":{"0":"post-43227","1":"product","2":"type-product","3":"status-publish","4":"has-post-thumbnail","6":"product_cat-fertilizer","7":"product_tag-montreal","8":"product_tag-ottawa","10":"first","11":"instock","12":"taxable","13":"shipping-taxable","14":"purchasable","15":"product-type-simple"},"acf":[],"yoast_head":"<!-- This site is optimized with the Yoast SEO plugin v25.7 - https:\/\/yoast.com\/wordpress\/plugins\/seo\/ -->\n<title>Fert (20KG) - Spring Formula - Step 1 - Manderley Sod<\/title>\n<meta name=\"description\" content=\"Designed to kick-start your lawn into action after winter dormancy, this blend helps to strengthen and repair any lawn in Eastern Canada.\" \/>\n<meta name=\"robots\" content=\"index, follow, max-snippet:-1, max-image-preview:large, max-video-preview:-1\" \/>\n<link rel=\"canonical\" href=\"https:\/\/manderley.com\/product\/fert-20kg-spring-formula-step-1-2\/\" \/>\n<meta property=\"og:locale\" content=\"fr_FR\" \/>\n<meta property=\"og:type\" content=\"article\" \/>\n<meta property=\"og:title\" content=\"Fert (20KG) - Spring Formula - Step 1 - Manderley Sod\" \/>\n<meta property=\"og:description\" content=\"Designed to kick-start your lawn into action after winter dormancy, this blend helps to strengthen and repair any lawn in Eastern Canada.\" \/>\n<meta property=\"og:url\" content=\"https:\/\/manderley.com\/product\/fert-20kg-spring-formula-step-1-2\/\" \/>\n<meta property=\"og:site_name\" content=\"Manderley Sod\" \/>\n<meta property=\"article:modified_time\" content=\"2025-10-26T23:33:39+00:00\" \/>\n<meta property=\"og:image\" content=\"https:\/\/manderley.com\/wp-content\/uploads\/2024\/05\/Sprint-Step-1-20kg-Fert-1024x683.png\" \/>\n\t<meta property=\"og:image:width\" content=\"1024\" \/>\n\t<meta property=\"og:image:height\" content=\"683\" \/>\n\t<meta property=\"og:image:type\" content=\"image\/png\" \/>\n<meta name=\"twitter:card\" content=\"summary_large_image\" \/>\n<meta name=\"twitter:label1\" content=\"Dur\u00e9e de lecture estim\u00e9e\" \/>\n\t<meta name=\"twitter:data1\" content=\"1 minute\" \/>\n<script type=\"application\/ld+json\" class=\"yoast-schema-graph\">{\"@context\":\"https:\/\/schema.org\",\"@graph\":[{\"@type\":\"WebPage\",\"@id\":\"https:\/\/manderley.com\/product\/fert-20kg-spring-formula-step-1-2\/\",\"url\":\"https:\/\/manderley.com\/product\/fert-20kg-spring-formula-step-1-2\/\",\"name\":\"Fert (20KG) - Spring Formula - Step 1 - Manderley Sod\",\"isPartOf\":{\"@id\":\"https:\/\/manderley.com\/#website\"},\"primaryImageOfPage\":{\"@id\":\"https:\/\/manderley.com\/product\/fert-20kg-spring-formula-step-1-2\/#primaryimage\"},\"image\":{\"@id\":\"https:\/\/manderley.com\/product\/fert-20kg-spring-formula-step-1-2\/#primaryimage\"},\"thumbnailUrl\":\"https:\/\/manderley.com\/wp-content\/uploads\/2024\/05\/Sprint-Step-1-20kg-Fert.png\",\"datePublished\":\"2024-05-03T15:05:05+00:00\",\"dateModified\":\"2025-10-26T23:33:39+00:00\",\"description\":\"Designed to kick-start your lawn into action after winter dormancy, this blend helps to strengthen and repair any lawn in Eastern Canada.\",\"breadcrumb\":{\"@id\":\"https:\/\/manderley.com\/product\/fert-20kg-spring-formula-step-1-2\/#breadcrumb\"},\"inLanguage\":\"fr-FR\",\"potentialAction\":[{\"@type\":\"ReadAction\",\"target\":[\"https:\/\/manderley.com\/product\/fert-20kg-spring-formula-step-1-2\/\"]}]},{\"@type\":\"ImageObject\",\"inLanguage\":\"fr-FR\",\"@id\":\"https:\/\/manderley.com\/product\/fert-20kg-spring-formula-step-1-2\/#primaryimage\",\"url\":\"https:\/\/manderley.com\/wp-content\/uploads\/2024\/05\/Sprint-Step-1-20kg-Fert.png\",\"contentUrl\":\"https:\/\/manderley.com\/wp-content\/uploads\/2024\/05\/Sprint-Step-1-20kg-Fert.png\",\"width\":1500,\"height\":1000,\"caption\":\"Manderley Spring Fertilizer - Step 1\"},{\"@type\":\"BreadcrumbList\",\"@id\":\"https:\/\/manderley.com\/product\/fert-20kg-spring-formula-step-1-2\/#breadcrumb\",\"itemListElement\":[{\"@type\":\"ListItem\",\"position\":1,\"name\":\"Home\",\"item\":\"https:\/\/manderley.com\/fr\/\"},{\"@type\":\"ListItem\",\"position\":2,\"name\":\"Shop\",\"item\":\"https:\/\/manderley.com\/fr\/boutique\/\"},{\"@type\":\"ListItem\",\"position\":3,\"name\":\"Fert (20KG) &#8211; Spring Formula &#8211; Step 1\"}]},{\"@type\":\"WebSite\",\"@id\":\"https:\/\/manderley.com\/#website\",\"url\":\"https:\/\/manderley.com\/\",\"name\":\"Manderley Sod\",\"description\":\"\",\"publisher\":{\"@id\":\"https:\/\/manderley.com\/#organization\"},\"potentialAction\":[{\"@type\":\"SearchAction\",\"target\":{\"@type\":\"EntryPoint\",\"urlTemplate\":\"https:\/\/manderley.com\/?s={search_term_string}\"},\"query-input\":{\"@type\":\"PropertyValueSpecification\",\"valueRequired\":true,\"valueName\":\"search_term_string\"}}],\"inLanguage\":\"fr-FR\"},{\"@type\":\"Organization\",\"@id\":\"https:\/\/manderley.com\/#organization\",\"name\":\"Manderley Sod\",\"url\":\"https:\/\/manderley.com\/\",\"logo\":{\"@type\":\"ImageObject\",\"inLanguage\":\"fr-FR\",\"@id\":\"https:\/\/manderley.com\/#\/schema\/logo\/image\/\",\"url\":\"https:\/\/manderley.com\/wp-content\/uploads\/2022\/09\/Group-2.svg\",\"contentUrl\":\"https:\/\/manderley.com\/wp-content\/uploads\/2022\/09\/Group-2.svg\",\"width\":451,\"height\":194,\"caption\":\"Manderley Sod\"},\"image\":{\"@id\":\"https:\/\/manderley.com\/#\/schema\/logo\/image\/\"}}]}<\/script>\n<!-- \/ Yoast SEO plugin. -->","yoast_head_json":{"title":"Fert (20KG) - Spring Formula - Step 1 - Manderley Sod","description":"Designed to kick-start your lawn into action after winter dormancy, this blend helps to strengthen and repair any lawn in Eastern Canada.","robots":{"index":"index","follow":"follow","max-snippet":"max-snippet:-1","max-image-preview":"max-image-preview:large","max-video-preview":"max-video-preview:-1"},"canonical":"https:\/\/manderley.com\/product\/fert-20kg-spring-formula-step-1-2\/","og_locale":"fr_FR","og_type":"article","og_title":"Fert (20KG) - Spring Formula - Step 1 - Manderley Sod","og_description":"Designed to kick-start your lawn into action after winter dormancy, this blend helps to strengthen and repair any lawn in Eastern Canada.","og_url":"https:\/\/manderley.com\/product\/fert-20kg-spring-formula-step-1-2\/","og_site_name":"Manderley Sod","article_modified_time":"2025-10-26T23:33:39+00:00","og_image":[{"width":1024,"height":683,"url":"https:\/\/manderley.com\/wp-content\/uploads\/2024\/05\/Sprint-Step-1-20kg-Fert-1024x683.png","type":"image\/png"}],"twitter_card":"summary_large_image","twitter_misc":{"Dur\u00e9e de lecture estim\u00e9e":"1 minute"},"schema":{"@context":"https:\/\/schema.org","@graph":[{"@type":"WebPage","@id":"https:\/\/manderley.com\/product\/fert-20kg-spring-formula-step-1-2\/","url":"https:\/\/manderley.com\/product\/fert-20kg-spring-formula-step-1-2\/","name":"Fert (20KG) - Spring Formula - Step 1 - Manderley Sod","isPartOf":{"@id":"https:\/\/manderley.com\/#website"},"primaryImageOfPage":{"@id":"https:\/\/manderley.com\/product\/fert-20kg-spring-formula-step-1-2\/#primaryimage"},"image":{"@id":"https:\/\/manderley.com\/product\/fert-20kg-spring-formula-step-1-2\/#primaryimage"},"thumbnailUrl":"https:\/\/manderley.com\/wp-content\/uploads\/2024\/05\/Sprint-Step-1-20kg-Fert.png","datePublished":"2024-05-03T15:05:05+00:00","dateModified":"2025-10-26T23:33:39+00:00","description":"Designed to kick-start your lawn into action after winter dormancy, this blend helps to strengthen and repair any lawn in Eastern Canada.","breadcrumb":{"@id":"https:\/\/manderley.com\/product\/fert-20kg-spring-formula-step-1-2\/#breadcrumb"},"inLanguage":"fr-FR","potentialAction":[{"@type":"ReadAction","target":["https:\/\/manderley.com\/product\/fert-20kg-spring-formula-step-1-2\/"]}]},{"@type":"ImageObject","inLanguage":"fr-FR","@id":"https:\/\/manderley.com\/product\/fert-20kg-spring-formula-step-1-2\/#primaryimage","url":"https:\/\/manderley.com\/wp-content\/uploads\/2024\/05\/Sprint-Step-1-20kg-Fert.png","contentUrl":"https:\/\/manderley.com\/wp-content\/uploads\/2024\/05\/Sprint-Step-1-20kg-Fert.png","width":1500,"height":1000,"caption":"Manderley Spring Fertilizer - Step 1"},{"@type":"BreadcrumbList","@id":"https:\/\/manderley.com\/product\/fert-20kg-spring-formula-step-1-2\/#breadcrumb","itemListElement":[{"@type":"ListItem","position":1,"name":"Home","item":"https:\/\/manderley.com\/fr\/"},{"@type":"ListItem","position":2,"name":"Shop","item":"https:\/\/manderley.com\/fr\/boutique\/"},{"@type":"ListItem","position":3,"name":"Fert (20KG) &#8211; Spring Formula &#8211; Step 1"}]},{"@type":"WebSite","@id":"https:\/\/manderley.com\/#website","url":"https:\/\/manderley.com\/","name":"Manderley Sod","description":"","publisher":{"@id":"https:\/\/manderley.com\/#organization"},"potentialAction":[{"@type":"SearchAction","target":{"@type":"EntryPoint","urlTemplate":"https:\/\/manderley.com\/?s={search_term_string}"},"query-input":{"@type":"PropertyValueSpecification","valueRequired":true,"valueName":"search_term_string"}}],"inLanguage":"fr-FR"},{"@type":"Organization","@id":"https:\/\/manderley.com\/#organization","name":"Manderley Sod","url":"https:\/\/manderley.com\/","logo":{"@type":"ImageObject","inLanguage":"fr-FR","@id":"https:\/\/manderley.com\/#\/schema\/logo\/image\/","url":"https:\/\/manderley.com\/wp-content\/uploads\/2022\/09\/Group-2.svg","contentUrl":"https:\/\/manderley.com\/wp-content\/uploads\/2022\/09\/Group-2.svg","width":451,"height":194,"caption":"Manderley Sod"},"image":{"@id":"https:\/\/manderley.com\/#\/schema\/logo\/image\/"}}]}},"_links":{"self":[{"href":"https:\/\/manderley.com\/fr\/wp-json\/wp\/v2\/product\/43227","targetHints":{"allow":["GET"]}}],"collection":[{"href":"https:\/\/manderley.com\/fr\/wp-json\/wp\/v2\/product"}],"about":[{"href":"https:\/\/manderley.com\/fr\/wp-json\/wp\/v2\/types\/product"}],"replies":[{"embeddable":true,"href":"https:\/\/manderley.com\/fr\/wp-json\/wp\/v2\/comments?post=43227"}],"version-history":[{"count":4,"href":"https:\/\/manderley.com\/fr\/wp-json\/wp\/v2\/product\/43227\/revisions"}],"predecessor-version":[{"id":44227,"href":"https:\/\/manderley.com\/fr\/wp-json\/wp\/v2\/product\/43227\/revisions\/44227"}],"wp:featuredmedia":[{"embeddable":true,"href":"https:\/\/manderley.com\/fr\/wp-json\/wp\/v2\/media\/43432"}],"wp:attachment":[{"href":"https:\/\/manderley.com\/fr\/wp-json\/wp\/v2\/media?parent=43227"}],"wp:term":[{"taxonomy":"product_brand","embeddable":true,"href":"https:\/\/manderley.com\/fr\/wp-json\/wp\/v2\/product_brand?post=43227"},{"taxonomy":"product_cat","embeddable":true,"href":"https:\/\/manderley.com\/fr\/wp-json\/wp\/v2\/product_cat?post=43227"},{"taxonomy":"product_tag","embeddable":true,"href":"https:\/\/manderley.com\/fr\/wp-json\/wp\/v2\/product_tag?post=43227"}],"curies":[{"name":"wp","href":"https:\/\/api.w.org\/{rel}","templated":true}]}}