{"id":43228,"date":"2024-05-03T15:05:05","date_gmt":"2024-05-03T15:05:05","guid":{"rendered":"http:\/\/manderley.com\/?post_type=product&#038;p=43228"},"modified":"2025-10-26T19:33:40","modified_gmt":"2025-10-26T23:33:40","slug":"fert-8kg-fall-formula-step-3-2","status":"publish","type":"product","link":"https:\/\/manderley.com\/fr\/product\/fert-8kg-fall-formula-step-3-2\/","title":{"rendered":"Manderley Engrais Formule d\u2019Automne (8KG)"},"content":{"rendered":"Programme d\u2019engrais saisonnier \u00e9tape 3 \u2013 Con\u00e7u pour l\u2019Est du Canada afin de pr\u00e9parer votre pelouse, ce m\u00e9lange riche en potassium aide \u00e0 am\u00e9liorer la r\u00e9sistance \u00e0 l\u2019hiver de votre pelouse et \u00e0 r\u00e9duire le risque de complications au printemps prochain. Une excellente finition pour la saison de croissance, vous pr\u00e9parant pour une pelouse saine au printemps.\r\n\r\nFormule: 15-0-30\r\nTaux d\u2019application:\r\n8 kg = 4,304 ft2\r\n20 kg = 10,760 ft2\r\n$29.99 \u2013 $61.79","protected":false},"excerpt":{"rendered":"<p>Programme d\u2019engrais saisonnier \u00e9tape 3 \u2013 Con\u00e7u pour l\u2019Est du Canada afin de pr\u00e9parer votre pelouse, ce m\u00e9lange riche en potassium aide \u00e0 am\u00e9liorer la r\u00e9sistance \u00e0 l\u2019hiver de votre pelouse et \u00e0 r\u00e9duire le risque de complications au printemps prochain. Une excellente finition pour la saison de croissance, vous pr\u00e9parant pour une pelouse saine [&hellip;]<\/p>\n","protected":false},"featured_media":43310,"comment_status":"closed","ping_status":"closed","template":"","meta":{"_acf_changed":false,"inline_featured_image":false},"product_brand":[],"product_cat":[30],"product_tag":[317,193],"class_list":{"0":"post-43228","1":"product","2":"type-product","3":"status-publish","4":"has-post-thumbnail","6":"product_cat-fertilizer","7":"product_tag-montreal","8":"product_tag-ottawa","10":"first","11":"instock","12":"taxable","13":"shipping-taxable","14":"purchasable","15":"product-type-simple"},"acf":[],"yoast_head":"<!-- This site is optimized with the Yoast SEO plugin v25.7 - https:\/\/yoast.com\/wordpress\/plugins\/seo\/ -->\n<title>Fert (8KG) - Fall Formula - Step 3 - Manderley Sod<\/title>\n<meta name=\"description\" content=\"Designed to prepare your lawn for Eastern Canadian this potassium-rich blend helps to improve your lawn\u2019s winter hardiness.\" \/>\n<meta name=\"robots\" content=\"index, follow, max-snippet:-1, max-image-preview:large, max-video-preview:-1\" \/>\n<link rel=\"canonical\" href=\"https:\/\/manderley.com\/product\/fert-8kg-fall-formula-step-3-2\/\" \/>\n<meta property=\"og:locale\" content=\"fr_FR\" \/>\n<meta property=\"og:type\" content=\"article\" \/>\n<meta property=\"og:title\" content=\"Fert (8KG) - Fall Formula - Step 3 - Manderley Sod\" \/>\n<meta property=\"og:description\" content=\"Designed to prepare your lawn for Eastern Canadian this potassium-rich blend helps to improve your lawn\u2019s winter hardiness.\" \/>\n<meta property=\"og:url\" content=\"https:\/\/manderley.com\/product\/fert-8kg-fall-formula-step-3-2\/\" \/>\n<meta property=\"og:site_name\" content=\"Manderley Sod\" \/>\n<meta property=\"article:modified_time\" content=\"2025-10-26T23:33:40+00:00\" \/>\n<meta property=\"og:image\" content=\"https:\/\/manderley.com\/wp-content\/uploads\/2024\/05\/Step-3-Fert-8kg-scaled.jpg\" \/>\n\t<meta property=\"og:image:width\" content=\"2560\" \/>\n\t<meta property=\"og:image:height\" content=\"1707\" \/>\n\t<meta property=\"og:image:type\" content=\"image\/jpeg\" \/>\n<meta name=\"twitter:card\" content=\"summary_large_image\" \/>\n<meta name=\"twitter:label1\" content=\"Dur\u00e9e de lecture estim\u00e9e\" \/>\n\t<meta name=\"twitter:data1\" content=\"1 minute\" \/>\n<script type=\"application\/ld+json\" class=\"yoast-schema-graph\">{\"@context\":\"https:\/\/schema.org\",\"@graph\":[{\"@type\":\"WebPage\",\"@id\":\"https:\/\/manderley.com\/product\/fert-8kg-fall-formula-step-3-2\/\",\"url\":\"https:\/\/manderley.com\/product\/fert-8kg-fall-formula-step-3-2\/\",\"name\":\"Fert (8KG) - Fall Formula - Step 3 - Manderley Sod\",\"isPartOf\":{\"@id\":\"https:\/\/manderley.com\/#website\"},\"primaryImageOfPage\":{\"@id\":\"https:\/\/manderley.com\/product\/fert-8kg-fall-formula-step-3-2\/#primaryimage\"},\"image\":{\"@id\":\"https:\/\/manderley.com\/product\/fert-8kg-fall-formula-step-3-2\/#primaryimage\"},\"thumbnailUrl\":\"https:\/\/manderley.com\/wp-content\/uploads\/2024\/05\/Step-3-Fert-8kg-scaled.jpg\",\"datePublished\":\"2024-05-03T15:05:05+00:00\",\"dateModified\":\"2025-10-26T23:33:40+00:00\",\"description\":\"Designed to prepare your lawn for Eastern Canadian this potassium-rich blend helps to improve your lawn\u2019s winter hardiness.\",\"breadcrumb\":{\"@id\":\"https:\/\/manderley.com\/product\/fert-8kg-fall-formula-step-3-2\/#breadcrumb\"},\"inLanguage\":\"fr-FR\",\"potentialAction\":[{\"@type\":\"ReadAction\",\"target\":[\"https:\/\/manderley.com\/product\/fert-8kg-fall-formula-step-3-2\/\"]}]},{\"@type\":\"ImageObject\",\"inLanguage\":\"fr-FR\",\"@id\":\"https:\/\/manderley.com\/product\/fert-8kg-fall-formula-step-3-2\/#primaryimage\",\"url\":\"https:\/\/manderley.com\/wp-content\/uploads\/2024\/05\/Step-3-Fert-8kg-scaled.jpg\",\"contentUrl\":\"https:\/\/manderley.com\/wp-content\/uploads\/2024\/05\/Step-3-Fert-8kg-scaled.jpg\",\"width\":2560,\"height\":1707,\"caption\":\"Step 3 Fert 8kg\"},{\"@type\":\"BreadcrumbList\",\"@id\":\"https:\/\/manderley.com\/product\/fert-8kg-fall-formula-step-3-2\/#breadcrumb\",\"itemListElement\":[{\"@type\":\"ListItem\",\"position\":1,\"name\":\"Home\",\"item\":\"https:\/\/manderley.com\/fr\/\"},{\"@type\":\"ListItem\",\"position\":2,\"name\":\"Shop\",\"item\":\"https:\/\/manderley.com\/fr\/boutique\/\"},{\"@type\":\"ListItem\",\"position\":3,\"name\":\"Fert (8KG) &#8211; Fall Formula &#8211; Step 3\"}]},{\"@type\":\"WebSite\",\"@id\":\"https:\/\/manderley.com\/#website\",\"url\":\"https:\/\/manderley.com\/\",\"name\":\"Manderley Sod\",\"description\":\"\",\"publisher\":{\"@id\":\"https:\/\/manderley.com\/#organization\"},\"potentialAction\":[{\"@type\":\"SearchAction\",\"target\":{\"@type\":\"EntryPoint\",\"urlTemplate\":\"https:\/\/manderley.com\/?s={search_term_string}\"},\"query-input\":{\"@type\":\"PropertyValueSpecification\",\"valueRequired\":true,\"valueName\":\"search_term_string\"}}],\"inLanguage\":\"fr-FR\"},{\"@type\":\"Organization\",\"@id\":\"https:\/\/manderley.com\/#organization\",\"name\":\"Manderley Sod\",\"url\":\"https:\/\/manderley.com\/\",\"logo\":{\"@type\":\"ImageObject\",\"inLanguage\":\"fr-FR\",\"@id\":\"https:\/\/manderley.com\/#\/schema\/logo\/image\/\",\"url\":\"https:\/\/manderley.com\/wp-content\/uploads\/2022\/09\/Group-2.svg\",\"contentUrl\":\"https:\/\/manderley.com\/wp-content\/uploads\/2022\/09\/Group-2.svg\",\"width\":451,\"height\":194,\"caption\":\"Manderley Sod\"},\"image\":{\"@id\":\"https:\/\/manderley.com\/#\/schema\/logo\/image\/\"}}]}<\/script>\n<!-- \/ Yoast SEO plugin. -->","yoast_head_json":{"title":"Fert (8KG) - Fall Formula - Step 3 - Manderley Sod","description":"Designed to prepare your lawn for Eastern Canadian this potassium-rich blend helps to improve your lawn\u2019s winter hardiness.","robots":{"index":"index","follow":"follow","max-snippet":"max-snippet:-1","max-image-preview":"max-image-preview:large","max-video-preview":"max-video-preview:-1"},"canonical":"https:\/\/manderley.com\/product\/fert-8kg-fall-formula-step-3-2\/","og_locale":"fr_FR","og_type":"article","og_title":"Fert (8KG) - Fall Formula - Step 3 - Manderley Sod","og_description":"Designed to prepare your lawn for Eastern Canadian this potassium-rich blend helps to improve your lawn\u2019s winter hardiness.","og_url":"https:\/\/manderley.com\/product\/fert-8kg-fall-formula-step-3-2\/","og_site_name":"Manderley Sod","article_modified_time":"2025-10-26T23:33:40+00:00","og_image":[{"width":2560,"height":1707,"url":"https:\/\/manderley.com\/wp-content\/uploads\/2024\/05\/Step-3-Fert-8kg-scaled.jpg","type":"image\/jpeg"}],"twitter_card":"summary_large_image","twitter_misc":{"Dur\u00e9e de lecture estim\u00e9e":"1 minute"},"schema":{"@context":"https:\/\/schema.org","@graph":[{"@type":"WebPage","@id":"https:\/\/manderley.com\/product\/fert-8kg-fall-formula-step-3-2\/","url":"https:\/\/manderley.com\/product\/fert-8kg-fall-formula-step-3-2\/","name":"Fert (8KG) - Fall Formula - Step 3 - Manderley Sod","isPartOf":{"@id":"https:\/\/manderley.com\/#website"},"primaryImageOfPage":{"@id":"https:\/\/manderley.com\/product\/fert-8kg-fall-formula-step-3-2\/#primaryimage"},"image":{"@id":"https:\/\/manderley.com\/product\/fert-8kg-fall-formula-step-3-2\/#primaryimage"},"thumbnailUrl":"https:\/\/manderley.com\/wp-content\/uploads\/2024\/05\/Step-3-Fert-8kg-scaled.jpg","datePublished":"2024-05-03T15:05:05+00:00","dateModified":"2025-10-26T23:33:40+00:00","description":"Designed to prepare your lawn for Eastern Canadian this potassium-rich blend helps to improve your lawn\u2019s winter hardiness.","breadcrumb":{"@id":"https:\/\/manderley.com\/product\/fert-8kg-fall-formula-step-3-2\/#breadcrumb"},"inLanguage":"fr-FR","potentialAction":[{"@type":"ReadAction","target":["https:\/\/manderley.com\/product\/fert-8kg-fall-formula-step-3-2\/"]}]},{"@type":"ImageObject","inLanguage":"fr-FR","@id":"https:\/\/manderley.com\/product\/fert-8kg-fall-formula-step-3-2\/#primaryimage","url":"https:\/\/manderley.com\/wp-content\/uploads\/2024\/05\/Step-3-Fert-8kg-scaled.jpg","contentUrl":"https:\/\/manderley.com\/wp-content\/uploads\/2024\/05\/Step-3-Fert-8kg-scaled.jpg","width":2560,"height":1707,"caption":"Step 3 Fert 8kg"},{"@type":"BreadcrumbList","@id":"https:\/\/manderley.com\/product\/fert-8kg-fall-formula-step-3-2\/#breadcrumb","itemListElement":[{"@type":"ListItem","position":1,"name":"Home","item":"https:\/\/manderley.com\/fr\/"},{"@type":"ListItem","position":2,"name":"Shop","item":"https:\/\/manderley.com\/fr\/boutique\/"},{"@type":"ListItem","position":3,"name":"Fert (8KG) &#8211; Fall Formula &#8211; Step 3"}]},{"@type":"WebSite","@id":"https:\/\/manderley.com\/#website","url":"https:\/\/manderley.com\/","name":"Manderley Sod","description":"","publisher":{"@id":"https:\/\/manderley.com\/#organization"},"potentialAction":[{"@type":"SearchAction","target":{"@type":"EntryPoint","urlTemplate":"https:\/\/manderley.com\/?s={search_term_string}"},"query-input":{"@type":"PropertyValueSpecification","valueRequired":true,"valueName":"search_term_string"}}],"inLanguage":"fr-FR"},{"@type":"Organization","@id":"https:\/\/manderley.com\/#organization","name":"Manderley Sod","url":"https:\/\/manderley.com\/","logo":{"@type":"ImageObject","inLanguage":"fr-FR","@id":"https:\/\/manderley.com\/#\/schema\/logo\/image\/","url":"https:\/\/manderley.com\/wp-content\/uploads\/2022\/09\/Group-2.svg","contentUrl":"https:\/\/manderley.com\/wp-content\/uploads\/2022\/09\/Group-2.svg","width":451,"height":194,"caption":"Manderley Sod"},"image":{"@id":"https:\/\/manderley.com\/#\/schema\/logo\/image\/"}}]}},"_links":{"self":[{"href":"https:\/\/manderley.com\/fr\/wp-json\/wp\/v2\/product\/43228","targetHints":{"allow":["GET"]}}],"collection":[{"href":"https:\/\/manderley.com\/fr\/wp-json\/wp\/v2\/product"}],"about":[{"href":"https:\/\/manderley.com\/fr\/wp-json\/wp\/v2\/types\/product"}],"replies":[{"embeddable":true,"href":"https:\/\/manderley.com\/fr\/wp-json\/wp\/v2\/comments?post=43228"}],"version-history":[{"count":4,"href":"https:\/\/manderley.com\/fr\/wp-json\/wp\/v2\/product\/43228\/revisions"}],"predecessor-version":[{"id":44218,"href":"https:\/\/manderley.com\/fr\/wp-json\/wp\/v2\/product\/43228\/revisions\/44218"}],"wp:featuredmedia":[{"embeddable":true,"href":"https:\/\/manderley.com\/fr\/wp-json\/wp\/v2\/media\/43310"}],"wp:attachment":[{"href":"https:\/\/manderley.com\/fr\/wp-json\/wp\/v2\/media?parent=43228"}],"wp:term":[{"taxonomy":"product_brand","embeddable":true,"href":"https:\/\/manderley.com\/fr\/wp-json\/wp\/v2\/product_brand?post=43228"},{"taxonomy":"product_cat","embeddable":true,"href":"https:\/\/manderley.com\/fr\/wp-json\/wp\/v2\/product_cat?post=43228"},{"taxonomy":"product_tag","embeddable":true,"href":"https:\/\/manderley.com\/fr\/wp-json\/wp\/v2\/product_tag?post=43228"}],"curies":[{"name":"wp","href":"https:\/\/api.w.org\/{rel}","templated":true}]}}