{"id":43241,"date":"2024-05-03T15:05:01","date_gmt":"2024-05-03T15:05:01","guid":{"rendered":"http:\/\/manderley.com\/?post_type=product&#038;p=43241"},"modified":"2025-10-26T19:34:55","modified_gmt":"2025-10-26T23:34:55","slug":"seed-1-kg-lw-full-sun-high-traffic","status":"publish","type":"product","link":"https:\/\/manderley.com\/fr\/product\/seed-1-kg-lw-full-sun-high-traffic\/","title":{"rendered":"Manderley Moins d\u2019Eau Plein Soleil\/Trafic Intense (1KG)"},"content":{"rendered":"Diminuer le co\u00fbt de la vie tout en augmentant la valeur de la propri\u00e9t\u00e9, avec une semence r\u00e9sistante \u00e0 la s\u00e9cheresse qui donne l\u2019herbe la plus verte et luxuriante, et ce, tout en consommant jusqu\u2019\u00e0 50% moins d\u2019eau que les produits traditionnels de gazon; le choix id\u00e9al pour votre pelouse \u00e0 la maison, o\u00f9 la maintenance et la consommation sont des pr\u00e9occupations.","protected":false},"excerpt":{"rendered":"<p>Diminuer le co\u00fbt de la vie tout en augmentant la valeur de la propri\u00e9t\u00e9, avec une semence r\u00e9sistante \u00e0 la s\u00e9cheresse qui donne l\u2019herbe la plus verte et luxuriante, et ce, tout en consommant jusqu\u2019\u00e0 50% moins d\u2019eau que les produits traditionnels de gazon; le choix id\u00e9al pour votre pelouse \u00e0 la maison, o\u00f9 la [&hellip;]<\/p>\n","protected":false},"featured_media":43397,"comment_status":"closed","ping_status":"closed","template":"","meta":{"_acf_changed":false,"inline_featured_image":false},"product_brand":[],"product_cat":[29],"product_tag":[198,196,193],"class_list":{"0":"post-43241","1":"product","2":"type-product","3":"status-publish","4":"has-post-thumbnail","6":"product_cat-seed","7":"product_tag-calgary","8":"product_tag-edmonton","9":"product_tag-ottawa","11":"first","12":"instock","13":"taxable","14":"shipping-taxable","15":"purchasable","16":"product-type-simple"},"acf":[],"yoast_head":"<!-- This site is optimized with the Yoast SEO plugin v25.7 - https:\/\/yoast.com\/wordpress\/plugins\/seo\/ -->\n<title>Seed (1 KG)-LW Full Sun\/High Traffic - Manderley Sod<\/title>\n<meta name=\"description\" content=\"Superior quality blend of TWCA qualified cultivars, designed to perform in full sun and high traffic areas. Consumes up to 50% less water.\" \/>\n<meta name=\"robots\" content=\"index, follow, max-snippet:-1, max-image-preview:large, max-video-preview:-1\" \/>\n<link rel=\"canonical\" href=\"https:\/\/manderley.com\/product\/seed-1-kg-lw-full-sun-high-traffic\/\" \/>\n<meta property=\"og:locale\" content=\"fr_FR\" \/>\n<meta property=\"og:type\" content=\"article\" \/>\n<meta property=\"og:title\" content=\"Seed (1 KG)-LW Full Sun\/High Traffic - Manderley Sod\" \/>\n<meta property=\"og:description\" content=\"Superior quality blend of TWCA qualified cultivars, designed to perform in full sun and high traffic areas. Consumes up to 50% less water.\" \/>\n<meta property=\"og:url\" content=\"https:\/\/manderley.com\/product\/seed-1-kg-lw-full-sun-high-traffic\/\" \/>\n<meta property=\"og:site_name\" content=\"Manderley Sod\" \/>\n<meta property=\"article:modified_time\" content=\"2025-10-26T23:34:55+00:00\" \/>\n<meta property=\"og:image\" content=\"https:\/\/manderley.com\/wp-content\/uploads\/2024\/05\/Less-Water-FS-HT-1kg-Seed-scaled.jpg\" \/>\n\t<meta property=\"og:image:width\" content=\"2560\" \/>\n\t<meta property=\"og:image:height\" content=\"1707\" \/>\n\t<meta property=\"og:image:type\" content=\"image\/jpeg\" \/>\n<meta name=\"twitter:card\" content=\"summary_large_image\" \/>\n<meta name=\"twitter:label1\" content=\"Dur\u00e9e de lecture estim\u00e9e\" \/>\n\t<meta name=\"twitter:data1\" content=\"1 minute\" \/>\n<script type=\"application\/ld+json\" class=\"yoast-schema-graph\">{\"@context\":\"https:\/\/schema.org\",\"@graph\":[{\"@type\":\"WebPage\",\"@id\":\"https:\/\/manderley.com\/product\/seed-1-kg-lw-full-sun-high-traffic\/\",\"url\":\"https:\/\/manderley.com\/product\/seed-1-kg-lw-full-sun-high-traffic\/\",\"name\":\"Seed (1 KG)-LW Full Sun\/High Traffic - Manderley Sod\",\"isPartOf\":{\"@id\":\"https:\/\/manderley.com\/#website\"},\"primaryImageOfPage\":{\"@id\":\"https:\/\/manderley.com\/product\/seed-1-kg-lw-full-sun-high-traffic\/#primaryimage\"},\"image\":{\"@id\":\"https:\/\/manderley.com\/product\/seed-1-kg-lw-full-sun-high-traffic\/#primaryimage\"},\"thumbnailUrl\":\"https:\/\/manderley.com\/wp-content\/uploads\/2024\/05\/Less-Water-FS-HT-1kg-Seed-scaled.jpg\",\"datePublished\":\"2024-05-03T15:05:01+00:00\",\"dateModified\":\"2025-10-26T23:34:55+00:00\",\"description\":\"Superior quality blend of TWCA qualified cultivars, designed to perform in full sun and high traffic areas. Consumes up to 50% less water.\",\"breadcrumb\":{\"@id\":\"https:\/\/manderley.com\/product\/seed-1-kg-lw-full-sun-high-traffic\/#breadcrumb\"},\"inLanguage\":\"fr-FR\",\"potentialAction\":[{\"@type\":\"ReadAction\",\"target\":[\"https:\/\/manderley.com\/product\/seed-1-kg-lw-full-sun-high-traffic\/\"]}]},{\"@type\":\"ImageObject\",\"inLanguage\":\"fr-FR\",\"@id\":\"https:\/\/manderley.com\/product\/seed-1-kg-lw-full-sun-high-traffic\/#primaryimage\",\"url\":\"https:\/\/manderley.com\/wp-content\/uploads\/2024\/05\/Less-Water-FS-HT-1kg-Seed-scaled.jpg\",\"contentUrl\":\"https:\/\/manderley.com\/wp-content\/uploads\/2024\/05\/Less-Water-FS-HT-1kg-Seed-scaled.jpg\",\"width\":2560,\"height\":1707,\"caption\":\"Manderley Less Water Full Sun High Traffic Grass Seed\"},{\"@type\":\"BreadcrumbList\",\"@id\":\"https:\/\/manderley.com\/product\/seed-1-kg-lw-full-sun-high-traffic\/#breadcrumb\",\"itemListElement\":[{\"@type\":\"ListItem\",\"position\":1,\"name\":\"Home\",\"item\":\"https:\/\/manderley.com\/fr\/\"},{\"@type\":\"ListItem\",\"position\":2,\"name\":\"Shop\",\"item\":\"https:\/\/manderley.com\/fr\/boutique\/\"},{\"@type\":\"ListItem\",\"position\":3,\"name\":\"Seed (1 KG)-LW Full Sun\/High Traffic\"}]},{\"@type\":\"WebSite\",\"@id\":\"https:\/\/manderley.com\/#website\",\"url\":\"https:\/\/manderley.com\/\",\"name\":\"Manderley Sod\",\"description\":\"\",\"publisher\":{\"@id\":\"https:\/\/manderley.com\/#organization\"},\"potentialAction\":[{\"@type\":\"SearchAction\",\"target\":{\"@type\":\"EntryPoint\",\"urlTemplate\":\"https:\/\/manderley.com\/?s={search_term_string}\"},\"query-input\":{\"@type\":\"PropertyValueSpecification\",\"valueRequired\":true,\"valueName\":\"search_term_string\"}}],\"inLanguage\":\"fr-FR\"},{\"@type\":\"Organization\",\"@id\":\"https:\/\/manderley.com\/#organization\",\"name\":\"Manderley Sod\",\"url\":\"https:\/\/manderley.com\/\",\"logo\":{\"@type\":\"ImageObject\",\"inLanguage\":\"fr-FR\",\"@id\":\"https:\/\/manderley.com\/#\/schema\/logo\/image\/\",\"url\":\"https:\/\/manderley.com\/wp-content\/uploads\/2022\/09\/Group-2.svg\",\"contentUrl\":\"https:\/\/manderley.com\/wp-content\/uploads\/2022\/09\/Group-2.svg\",\"width\":451,\"height\":194,\"caption\":\"Manderley Sod\"},\"image\":{\"@id\":\"https:\/\/manderley.com\/#\/schema\/logo\/image\/\"}}]}<\/script>\n<!-- \/ Yoast SEO plugin. -->","yoast_head_json":{"title":"Seed (1 KG)-LW Full Sun\/High Traffic - Manderley Sod","description":"Superior quality blend of TWCA qualified cultivars, designed to perform in full sun and high traffic areas. Consumes up to 50% less water.","robots":{"index":"index","follow":"follow","max-snippet":"max-snippet:-1","max-image-preview":"max-image-preview:large","max-video-preview":"max-video-preview:-1"},"canonical":"https:\/\/manderley.com\/product\/seed-1-kg-lw-full-sun-high-traffic\/","og_locale":"fr_FR","og_type":"article","og_title":"Seed (1 KG)-LW Full Sun\/High Traffic - Manderley Sod","og_description":"Superior quality blend of TWCA qualified cultivars, designed to perform in full sun and high traffic areas. Consumes up to 50% less water.","og_url":"https:\/\/manderley.com\/product\/seed-1-kg-lw-full-sun-high-traffic\/","og_site_name":"Manderley Sod","article_modified_time":"2025-10-26T23:34:55+00:00","og_image":[{"width":2560,"height":1707,"url":"https:\/\/manderley.com\/wp-content\/uploads\/2024\/05\/Less-Water-FS-HT-1kg-Seed-scaled.jpg","type":"image\/jpeg"}],"twitter_card":"summary_large_image","twitter_misc":{"Dur\u00e9e de lecture estim\u00e9e":"1 minute"},"schema":{"@context":"https:\/\/schema.org","@graph":[{"@type":"WebPage","@id":"https:\/\/manderley.com\/product\/seed-1-kg-lw-full-sun-high-traffic\/","url":"https:\/\/manderley.com\/product\/seed-1-kg-lw-full-sun-high-traffic\/","name":"Seed (1 KG)-LW Full Sun\/High Traffic - Manderley Sod","isPartOf":{"@id":"https:\/\/manderley.com\/#website"},"primaryImageOfPage":{"@id":"https:\/\/manderley.com\/product\/seed-1-kg-lw-full-sun-high-traffic\/#primaryimage"},"image":{"@id":"https:\/\/manderley.com\/product\/seed-1-kg-lw-full-sun-high-traffic\/#primaryimage"},"thumbnailUrl":"https:\/\/manderley.com\/wp-content\/uploads\/2024\/05\/Less-Water-FS-HT-1kg-Seed-scaled.jpg","datePublished":"2024-05-03T15:05:01+00:00","dateModified":"2025-10-26T23:34:55+00:00","description":"Superior quality blend of TWCA qualified cultivars, designed to perform in full sun and high traffic areas. Consumes up to 50% less water.","breadcrumb":{"@id":"https:\/\/manderley.com\/product\/seed-1-kg-lw-full-sun-high-traffic\/#breadcrumb"},"inLanguage":"fr-FR","potentialAction":[{"@type":"ReadAction","target":["https:\/\/manderley.com\/product\/seed-1-kg-lw-full-sun-high-traffic\/"]}]},{"@type":"ImageObject","inLanguage":"fr-FR","@id":"https:\/\/manderley.com\/product\/seed-1-kg-lw-full-sun-high-traffic\/#primaryimage","url":"https:\/\/manderley.com\/wp-content\/uploads\/2024\/05\/Less-Water-FS-HT-1kg-Seed-scaled.jpg","contentUrl":"https:\/\/manderley.com\/wp-content\/uploads\/2024\/05\/Less-Water-FS-HT-1kg-Seed-scaled.jpg","width":2560,"height":1707,"caption":"Manderley Less Water Full Sun High Traffic Grass Seed"},{"@type":"BreadcrumbList","@id":"https:\/\/manderley.com\/product\/seed-1-kg-lw-full-sun-high-traffic\/#breadcrumb","itemListElement":[{"@type":"ListItem","position":1,"name":"Home","item":"https:\/\/manderley.com\/fr\/"},{"@type":"ListItem","position":2,"name":"Shop","item":"https:\/\/manderley.com\/fr\/boutique\/"},{"@type":"ListItem","position":3,"name":"Seed (1 KG)-LW Full Sun\/High Traffic"}]},{"@type":"WebSite","@id":"https:\/\/manderley.com\/#website","url":"https:\/\/manderley.com\/","name":"Manderley Sod","description":"","publisher":{"@id":"https:\/\/manderley.com\/#organization"},"potentialAction":[{"@type":"SearchAction","target":{"@type":"EntryPoint","urlTemplate":"https:\/\/manderley.com\/?s={search_term_string}"},"query-input":{"@type":"PropertyValueSpecification","valueRequired":true,"valueName":"search_term_string"}}],"inLanguage":"fr-FR"},{"@type":"Organization","@id":"https:\/\/manderley.com\/#organization","name":"Manderley Sod","url":"https:\/\/manderley.com\/","logo":{"@type":"ImageObject","inLanguage":"fr-FR","@id":"https:\/\/manderley.com\/#\/schema\/logo\/image\/","url":"https:\/\/manderley.com\/wp-content\/uploads\/2022\/09\/Group-2.svg","contentUrl":"https:\/\/manderley.com\/wp-content\/uploads\/2022\/09\/Group-2.svg","width":451,"height":194,"caption":"Manderley Sod"},"image":{"@id":"https:\/\/manderley.com\/#\/schema\/logo\/image\/"}}]}},"_links":{"self":[{"href":"https:\/\/manderley.com\/fr\/wp-json\/wp\/v2\/product\/43241","targetHints":{"allow":["GET"]}}],"collection":[{"href":"https:\/\/manderley.com\/fr\/wp-json\/wp\/v2\/product"}],"about":[{"href":"https:\/\/manderley.com\/fr\/wp-json\/wp\/v2\/types\/product"}],"replies":[{"embeddable":true,"href":"https:\/\/manderley.com\/fr\/wp-json\/wp\/v2\/comments?post=43241"}],"version-history":[{"count":6,"href":"https:\/\/manderley.com\/fr\/wp-json\/wp\/v2\/product\/43241\/revisions"}],"predecessor-version":[{"id":44546,"href":"https:\/\/manderley.com\/fr\/wp-json\/wp\/v2\/product\/43241\/revisions\/44546"}],"wp:featuredmedia":[{"embeddable":true,"href":"https:\/\/manderley.com\/fr\/wp-json\/wp\/v2\/media\/43397"}],"wp:attachment":[{"href":"https:\/\/manderley.com\/fr\/wp-json\/wp\/v2\/media?parent=43241"}],"wp:term":[{"taxonomy":"product_brand","embeddable":true,"href":"https:\/\/manderley.com\/fr\/wp-json\/wp\/v2\/product_brand?post=43241"},{"taxonomy":"product_cat","embeddable":true,"href":"https:\/\/manderley.com\/fr\/wp-json\/wp\/v2\/product_cat?post=43241"},{"taxonomy":"product_tag","embeddable":true,"href":"https:\/\/manderley.com\/fr\/wp-json\/wp\/v2\/product_tag?post=43241"}],"curies":[{"name":"wp","href":"https:\/\/api.w.org\/{rel}","templated":true}]}}