{"id":43247,"date":"2024-05-03T11:04:59","date_gmt":"2024-05-03T15:04:59","guid":{"rendered":"http:\/\/manderley.com\/?post_type=product&#038;p=43247"},"modified":"2025-10-26T19:34:59","modified_gmt":"2025-10-26T23:34:59","slug":"seed-1kg-lw-low-maintenance-grass-seed","status":"publish","type":"product","link":"https:\/\/manderley.com\/fr\/product\/seed-1kg-lw-low-maintenance-grass-seed\/","title":{"rendered":"Les semences Moins d\u2019Eau Entretien Minimum de  Manderley (1kg) en soutien au CHEO"},"content":{"rendered":"<p><b>Tout le mois de septembre, pour chaque sac de 1 kg vendu \u00e0 Ottawa, 5 $ seront vers\u00e9s au CHEO afin de soutenir le Mois de la sensibilisation au cancer infantile.<\/b><\/p>\r\n<br>\r\n<p>Septembre et octobre sont les p\u00e9riodes id\u00e9ales pour semer! Les semences de gazon Moins d'Eau et Faible Entretien de Manderley sont un m\u00e9lange con\u00e7u pour renforcer et r\u00e9parer votre pelouse tout en contribuant \u00e0 fortifier les zones moins expos\u00e9es au soleil. Non seulement elles cr\u00e9ent une pelouse luxuriante et durable n\u00e9cessitant moins d'arrosage et de tonte, mais chaque achat contribue \u00e9galement \u00e0 soutenir les enfants et les familles de notre communaut\u00e9.<\/p>\r\n<br>\r\n<p>\u00c9conomisez de l'eau. Embellissez votre ext\u00e9rieur. Et surtout, soutenez une bonne cause !<\/p>\r\n<br>\r\nM\u00e9lange de semences : 60 % de f\u00e9tuque fine, 20 % de p\u00e2turin du Kentucky, 20 % de ray-grass vivace.","protected":false},"excerpt":{"rendered":"<p>Tout le mois de septembre, pour chaque sac de 1 kg vendu \u00e0 Ottawa, 5 $ seront vers\u00e9s au CHEO afin de soutenir le Mois de la sensibilisation au cancer infantile. Septembre et octobre sont les p\u00e9riodes id\u00e9ales pour semer! Les semences de gazon Moins d&rsquo;Eau et Faible Entretien de Manderley sont un m\u00e9lange con\u00e7u [&hellip;]<\/p>\n","protected":false},"featured_media":49810,"comment_status":"closed","ping_status":"closed","template":"","meta":{"_acf_changed":false,"inline_featured_image":false},"product_brand":[],"product_cat":[29],"product_tag":[198,196,317,193],"class_list":{"0":"post-43247","1":"product","2":"type-product","3":"status-publish","4":"has-post-thumbnail","6":"product_cat-seed","7":"product_tag-calgary","8":"product_tag-edmonton","9":"product_tag-montreal","10":"product_tag-ottawa","12":"first","13":"instock","14":"taxable","15":"shipping-taxable","16":"purchasable","17":"product-type-simple"},"acf":[],"yoast_head":"<!-- This site is optimized with the Yoast SEO plugin v25.7 - https:\/\/yoast.com\/wordpress\/plugins\/seo\/ -->\n<title>Seed (1KG)-LW Low Maintenance Grass Seed (CHEO) - Manderley Sod<\/title>\n<meta name=\"description\" content=\"Excellent for low traffic full-sun and partial shade areas, this seed mix can help to reduce time spent watering and mowing. Consumes up to 30% less water.\" \/>\n<meta name=\"robots\" content=\"index, follow, max-snippet:-1, max-image-preview:large, max-video-preview:-1\" \/>\n<link rel=\"canonical\" href=\"https:\/\/manderley.com\/product\/seed-1kg-lw-low-maintenance-grass-seed\/\" \/>\n<meta property=\"og:locale\" content=\"fr_FR\" \/>\n<meta property=\"og:type\" content=\"article\" \/>\n<meta property=\"og:title\" content=\"Seed (1KG)-LW Low Maintenance Grass Seed (CHEO) - Manderley Sod\" \/>\n<meta property=\"og:description\" content=\"Excellent for low traffic full-sun and partial shade areas, this seed mix can help to reduce time spent watering and mowing. Consumes up to 30% less water.\" \/>\n<meta property=\"og:url\" content=\"https:\/\/manderley.com\/product\/seed-1kg-lw-low-maintenance-grass-seed\/\" \/>\n<meta property=\"og:site_name\" content=\"Manderley Sod\" \/>\n<meta property=\"article:modified_time\" content=\"2025-10-26T23:34:59+00:00\" \/>\n<meta property=\"og:image\" content=\"https:\/\/manderley.com\/wp-content\/uploads\/2024\/05\/cheo-low-maintenance-seed-min-min.jpg\" \/>\n\t<meta property=\"og:image:width\" content=\"1000\" \/>\n\t<meta property=\"og:image:height\" content=\"1000\" \/>\n\t<meta property=\"og:image:type\" content=\"image\/jpeg\" \/>\n<meta name=\"twitter:card\" content=\"summary_large_image\" \/>\n<meta name=\"twitter:label1\" content=\"Dur\u00e9e de lecture estim\u00e9e\" \/>\n\t<meta name=\"twitter:data1\" content=\"1 minute\" \/>\n<script type=\"application\/ld+json\" class=\"yoast-schema-graph\">{\"@context\":\"https:\/\/schema.org\",\"@graph\":[{\"@type\":\"WebPage\",\"@id\":\"https:\/\/manderley.com\/product\/seed-1kg-lw-low-maintenance-grass-seed\/\",\"url\":\"https:\/\/manderley.com\/product\/seed-1kg-lw-low-maintenance-grass-seed\/\",\"name\":\"Seed (1KG)-LW Low Maintenance Grass Seed (CHEO) - Manderley Sod\",\"isPartOf\":{\"@id\":\"https:\/\/manderley.com\/#website\"},\"primaryImageOfPage\":{\"@id\":\"https:\/\/manderley.com\/product\/seed-1kg-lw-low-maintenance-grass-seed\/#primaryimage\"},\"image\":{\"@id\":\"https:\/\/manderley.com\/product\/seed-1kg-lw-low-maintenance-grass-seed\/#primaryimage\"},\"thumbnailUrl\":\"https:\/\/manderley.com\/wp-content\/uploads\/2024\/05\/cheo-low-maintenance-seed-min-min.jpg\",\"datePublished\":\"2024-05-03T15:04:59+00:00\",\"dateModified\":\"2025-10-26T23:34:59+00:00\",\"description\":\"Excellent for low traffic full-sun and partial shade areas, this seed mix can help to reduce time spent watering and mowing. Consumes up to 30% less water.\",\"breadcrumb\":{\"@id\":\"https:\/\/manderley.com\/product\/seed-1kg-lw-low-maintenance-grass-seed\/#breadcrumb\"},\"inLanguage\":\"fr-FR\",\"potentialAction\":[{\"@type\":\"ReadAction\",\"target\":[\"https:\/\/manderley.com\/product\/seed-1kg-lw-low-maintenance-grass-seed\/\"]}]},{\"@type\":\"ImageObject\",\"inLanguage\":\"fr-FR\",\"@id\":\"https:\/\/manderley.com\/product\/seed-1kg-lw-low-maintenance-grass-seed\/#primaryimage\",\"url\":\"https:\/\/manderley.com\/wp-content\/uploads\/2024\/05\/cheo-low-maintenance-seed-min-min.jpg\",\"contentUrl\":\"https:\/\/manderley.com\/wp-content\/uploads\/2024\/05\/cheo-low-maintenance-seed-min-min.jpg\",\"width\":1000,\"height\":1000},{\"@type\":\"BreadcrumbList\",\"@id\":\"https:\/\/manderley.com\/product\/seed-1kg-lw-low-maintenance-grass-seed\/#breadcrumb\",\"itemListElement\":[{\"@type\":\"ListItem\",\"position\":1,\"name\":\"Home\",\"item\":\"https:\/\/manderley.com\/fr\/\"},{\"@type\":\"ListItem\",\"position\":2,\"name\":\"Shop\",\"item\":\"https:\/\/manderley.com\/fr\/boutique\/\"},{\"@type\":\"ListItem\",\"position\":3,\"name\":\"Seed (1KG)-LW Low Maintenance Grass Seed (CHEO)\"}]},{\"@type\":\"WebSite\",\"@id\":\"https:\/\/manderley.com\/#website\",\"url\":\"https:\/\/manderley.com\/\",\"name\":\"Manderley Sod\",\"description\":\"\",\"publisher\":{\"@id\":\"https:\/\/manderley.com\/#organization\"},\"potentialAction\":[{\"@type\":\"SearchAction\",\"target\":{\"@type\":\"EntryPoint\",\"urlTemplate\":\"https:\/\/manderley.com\/?s={search_term_string}\"},\"query-input\":{\"@type\":\"PropertyValueSpecification\",\"valueRequired\":true,\"valueName\":\"search_term_string\"}}],\"inLanguage\":\"fr-FR\"},{\"@type\":\"Organization\",\"@id\":\"https:\/\/manderley.com\/#organization\",\"name\":\"Manderley Sod\",\"url\":\"https:\/\/manderley.com\/\",\"logo\":{\"@type\":\"ImageObject\",\"inLanguage\":\"fr-FR\",\"@id\":\"https:\/\/manderley.com\/#\/schema\/logo\/image\/\",\"url\":\"https:\/\/manderley.com\/wp-content\/uploads\/2022\/09\/Group-2.svg\",\"contentUrl\":\"https:\/\/manderley.com\/wp-content\/uploads\/2022\/09\/Group-2.svg\",\"width\":451,\"height\":194,\"caption\":\"Manderley Sod\"},\"image\":{\"@id\":\"https:\/\/manderley.com\/#\/schema\/logo\/image\/\"}}]}<\/script>\n<!-- \/ Yoast SEO plugin. -->","yoast_head_json":{"title":"Seed (1KG)-LW Low Maintenance Grass Seed (CHEO) - Manderley Sod","description":"Excellent for low traffic full-sun and partial shade areas, this seed mix can help to reduce time spent watering and mowing. Consumes up to 30% less water.","robots":{"index":"index","follow":"follow","max-snippet":"max-snippet:-1","max-image-preview":"max-image-preview:large","max-video-preview":"max-video-preview:-1"},"canonical":"https:\/\/manderley.com\/product\/seed-1kg-lw-low-maintenance-grass-seed\/","og_locale":"fr_FR","og_type":"article","og_title":"Seed (1KG)-LW Low Maintenance Grass Seed (CHEO) - Manderley Sod","og_description":"Excellent for low traffic full-sun and partial shade areas, this seed mix can help to reduce time spent watering and mowing. Consumes up to 30% less water.","og_url":"https:\/\/manderley.com\/product\/seed-1kg-lw-low-maintenance-grass-seed\/","og_site_name":"Manderley Sod","article_modified_time":"2025-10-26T23:34:59+00:00","og_image":[{"width":1000,"height":1000,"url":"https:\/\/manderley.com\/wp-content\/uploads\/2024\/05\/cheo-low-maintenance-seed-min-min.jpg","type":"image\/jpeg"}],"twitter_card":"summary_large_image","twitter_misc":{"Dur\u00e9e de lecture estim\u00e9e":"1 minute"},"schema":{"@context":"https:\/\/schema.org","@graph":[{"@type":"WebPage","@id":"https:\/\/manderley.com\/product\/seed-1kg-lw-low-maintenance-grass-seed\/","url":"https:\/\/manderley.com\/product\/seed-1kg-lw-low-maintenance-grass-seed\/","name":"Seed (1KG)-LW Low Maintenance Grass Seed (CHEO) - Manderley Sod","isPartOf":{"@id":"https:\/\/manderley.com\/#website"},"primaryImageOfPage":{"@id":"https:\/\/manderley.com\/product\/seed-1kg-lw-low-maintenance-grass-seed\/#primaryimage"},"image":{"@id":"https:\/\/manderley.com\/product\/seed-1kg-lw-low-maintenance-grass-seed\/#primaryimage"},"thumbnailUrl":"https:\/\/manderley.com\/wp-content\/uploads\/2024\/05\/cheo-low-maintenance-seed-min-min.jpg","datePublished":"2024-05-03T15:04:59+00:00","dateModified":"2025-10-26T23:34:59+00:00","description":"Excellent for low traffic full-sun and partial shade areas, this seed mix can help to reduce time spent watering and mowing. Consumes up to 30% less water.","breadcrumb":{"@id":"https:\/\/manderley.com\/product\/seed-1kg-lw-low-maintenance-grass-seed\/#breadcrumb"},"inLanguage":"fr-FR","potentialAction":[{"@type":"ReadAction","target":["https:\/\/manderley.com\/product\/seed-1kg-lw-low-maintenance-grass-seed\/"]}]},{"@type":"ImageObject","inLanguage":"fr-FR","@id":"https:\/\/manderley.com\/product\/seed-1kg-lw-low-maintenance-grass-seed\/#primaryimage","url":"https:\/\/manderley.com\/wp-content\/uploads\/2024\/05\/cheo-low-maintenance-seed-min-min.jpg","contentUrl":"https:\/\/manderley.com\/wp-content\/uploads\/2024\/05\/cheo-low-maintenance-seed-min-min.jpg","width":1000,"height":1000},{"@type":"BreadcrumbList","@id":"https:\/\/manderley.com\/product\/seed-1kg-lw-low-maintenance-grass-seed\/#breadcrumb","itemListElement":[{"@type":"ListItem","position":1,"name":"Home","item":"https:\/\/manderley.com\/fr\/"},{"@type":"ListItem","position":2,"name":"Shop","item":"https:\/\/manderley.com\/fr\/boutique\/"},{"@type":"ListItem","position":3,"name":"Seed (1KG)-LW Low Maintenance Grass Seed (CHEO)"}]},{"@type":"WebSite","@id":"https:\/\/manderley.com\/#website","url":"https:\/\/manderley.com\/","name":"Manderley Sod","description":"","publisher":{"@id":"https:\/\/manderley.com\/#organization"},"potentialAction":[{"@type":"SearchAction","target":{"@type":"EntryPoint","urlTemplate":"https:\/\/manderley.com\/?s={search_term_string}"},"query-input":{"@type":"PropertyValueSpecification","valueRequired":true,"valueName":"search_term_string"}}],"inLanguage":"fr-FR"},{"@type":"Organization","@id":"https:\/\/manderley.com\/#organization","name":"Manderley Sod","url":"https:\/\/manderley.com\/","logo":{"@type":"ImageObject","inLanguage":"fr-FR","@id":"https:\/\/manderley.com\/#\/schema\/logo\/image\/","url":"https:\/\/manderley.com\/wp-content\/uploads\/2022\/09\/Group-2.svg","contentUrl":"https:\/\/manderley.com\/wp-content\/uploads\/2022\/09\/Group-2.svg","width":451,"height":194,"caption":"Manderley Sod"},"image":{"@id":"https:\/\/manderley.com\/#\/schema\/logo\/image\/"}}]}},"_links":{"self":[{"href":"https:\/\/manderley.com\/fr\/wp-json\/wp\/v2\/product\/43247","targetHints":{"allow":["GET"]}}],"collection":[{"href":"https:\/\/manderley.com\/fr\/wp-json\/wp\/v2\/product"}],"about":[{"href":"https:\/\/manderley.com\/fr\/wp-json\/wp\/v2\/types\/product"}],"replies":[{"embeddable":true,"href":"https:\/\/manderley.com\/fr\/wp-json\/wp\/v2\/comments?post=43247"}],"version-history":[{"count":21,"href":"https:\/\/manderley.com\/fr\/wp-json\/wp\/v2\/product\/43247\/revisions"}],"predecessor-version":[{"id":49839,"href":"https:\/\/manderley.com\/fr\/wp-json\/wp\/v2\/product\/43247\/revisions\/49839"}],"wp:featuredmedia":[{"embeddable":true,"href":"https:\/\/manderley.com\/fr\/wp-json\/wp\/v2\/media\/49810"}],"wp:attachment":[{"href":"https:\/\/manderley.com\/fr\/wp-json\/wp\/v2\/media?parent=43247"}],"wp:term":[{"taxonomy":"product_brand","embeddable":true,"href":"https:\/\/manderley.com\/fr\/wp-json\/wp\/v2\/product_brand?post=43247"},{"taxonomy":"product_cat","embeddable":true,"href":"https:\/\/manderley.com\/fr\/wp-json\/wp\/v2\/product_cat?post=43247"},{"taxonomy":"product_tag","embeddable":true,"href":"https:\/\/manderley.com\/fr\/wp-json\/wp\/v2\/product_tag?post=43247"}],"curies":[{"name":"wp","href":"https:\/\/api.w.org\/{rel}","templated":true}]}}