{"id":43248,"date":"2024-05-03T15:04:58","date_gmt":"2024-05-03T15:04:58","guid":{"rendered":"http:\/\/manderley.com\/?post_type=product&#038;p=43248"},"modified":"2025-10-26T19:35:00","modified_gmt":"2025-10-26T23:35:00","slug":"seed-1kg-quick-start-grass-seed","status":"publish","type":"product","link":"https:\/\/manderley.com\/fr\/product\/seed-1kg-quick-start-grass-seed\/","title":{"rendered":"Manderley Qualit\u00e9 PRO D\u00e9part Rapide (1KG)"},"content":{"rendered":"Un m\u00e9lange de premi\u00e8re qualit\u00e9 de 50% Ivraie vivace \u00e0 germination rapide, 30% F\u00e9tuque fine et 20% de P\u00e2turin du Kentucky. Un bon choix comme m\u00e9lange de sursemis et lorsque des r\u00e9sultats rapides sont souhait\u00e9s.","protected":false},"excerpt":{"rendered":"<p>Un m\u00e9lange de premi\u00e8re qualit\u00e9 de 50% Ivraie vivace \u00e0 germination rapide, 30% F\u00e9tuque fine et 20% de P\u00e2turin du Kentucky. Un bon choix comme m\u00e9lange de sursemis et lorsque des r\u00e9sultats rapides sont souhait\u00e9s.<\/p>\n","protected":false},"featured_media":43422,"comment_status":"closed","ping_status":"closed","template":"","meta":{"_acf_changed":false,"inline_featured_image":false},"product_brand":[],"product_cat":[29],"product_tag":[198,196,317,193],"class_list":{"0":"post-43248","1":"product","2":"type-product","3":"status-publish","4":"has-post-thumbnail","6":"product_cat-seed","7":"product_tag-calgary","8":"product_tag-edmonton","9":"product_tag-montreal","10":"product_tag-ottawa","12":"first","13":"instock","14":"taxable","15":"shipping-taxable","16":"purchasable","17":"product-type-simple"},"acf":[],"yoast_head":"<!-- This site is optimized with the Yoast SEO plugin v25.7 - https:\/\/yoast.com\/wordpress\/plugins\/seo\/ -->\n<title>Seed (1KG)-Quick Start Grass Seed - Manderley Sod<\/title>\n<meta name=\"description\" content=\"A premium blend of 50% fast germinating Ryegrass, 30% Fine Fescue and 20% Kentucky Bluegrass. Great when quick results are desired or for overseeding!\" \/>\n<meta name=\"robots\" content=\"index, follow, max-snippet:-1, max-image-preview:large, max-video-preview:-1\" \/>\n<link rel=\"canonical\" href=\"https:\/\/manderley.com\/product\/seed-1kg-quick-start-grass-seed\/\" \/>\n<meta property=\"og:locale\" content=\"fr_FR\" \/>\n<meta property=\"og:type\" content=\"article\" \/>\n<meta property=\"og:title\" content=\"Seed (1KG)-Quick Start Grass Seed - Manderley Sod\" \/>\n<meta property=\"og:description\" content=\"A premium blend of 50% fast germinating Ryegrass, 30% Fine Fescue and 20% Kentucky Bluegrass. Great when quick results are desired or for overseeding!\" \/>\n<meta property=\"og:url\" content=\"https:\/\/manderley.com\/product\/seed-1kg-quick-start-grass-seed\/\" \/>\n<meta property=\"og:site_name\" content=\"Manderley Sod\" \/>\n<meta property=\"article:modified_time\" content=\"2025-10-26T23:35:00+00:00\" \/>\n<meta property=\"og:image\" content=\"https:\/\/manderley.com\/wp-content\/uploads\/2024\/05\/Quick-Start-1-kg-Seed-01-scaled.jpg\" \/>\n\t<meta property=\"og:image:width\" content=\"2560\" \/>\n\t<meta property=\"og:image:height\" content=\"1707\" \/>\n\t<meta property=\"og:image:type\" content=\"image\/jpeg\" \/>\n<meta name=\"twitter:card\" content=\"summary_large_image\" \/>\n<meta name=\"twitter:label1\" content=\"Dur\u00e9e de lecture estim\u00e9e\" \/>\n\t<meta name=\"twitter:data1\" content=\"1 minute\" \/>\n<script type=\"application\/ld+json\" class=\"yoast-schema-graph\">{\"@context\":\"https:\/\/schema.org\",\"@graph\":[{\"@type\":\"WebPage\",\"@id\":\"https:\/\/manderley.com\/product\/seed-1kg-quick-start-grass-seed\/\",\"url\":\"https:\/\/manderley.com\/product\/seed-1kg-quick-start-grass-seed\/\",\"name\":\"Seed (1KG)-Quick Start Grass Seed - Manderley Sod\",\"isPartOf\":{\"@id\":\"https:\/\/manderley.com\/#website\"},\"primaryImageOfPage\":{\"@id\":\"https:\/\/manderley.com\/product\/seed-1kg-quick-start-grass-seed\/#primaryimage\"},\"image\":{\"@id\":\"https:\/\/manderley.com\/product\/seed-1kg-quick-start-grass-seed\/#primaryimage\"},\"thumbnailUrl\":\"https:\/\/manderley.com\/wp-content\/uploads\/2024\/05\/Quick-Start-1-kg-Seed-01-scaled.jpg\",\"datePublished\":\"2024-05-03T15:04:58+00:00\",\"dateModified\":\"2025-10-26T23:35:00+00:00\",\"description\":\"A premium blend of 50% fast germinating Ryegrass, 30% Fine Fescue and 20% Kentucky Bluegrass. Great when quick results are desired or for overseeding!\",\"breadcrumb\":{\"@id\":\"https:\/\/manderley.com\/product\/seed-1kg-quick-start-grass-seed\/#breadcrumb\"},\"inLanguage\":\"fr-FR\",\"potentialAction\":[{\"@type\":\"ReadAction\",\"target\":[\"https:\/\/manderley.com\/product\/seed-1kg-quick-start-grass-seed\/\"]}]},{\"@type\":\"ImageObject\",\"inLanguage\":\"fr-FR\",\"@id\":\"https:\/\/manderley.com\/product\/seed-1kg-quick-start-grass-seed\/#primaryimage\",\"url\":\"https:\/\/manderley.com\/wp-content\/uploads\/2024\/05\/Quick-Start-1-kg-Seed-01-scaled.jpg\",\"contentUrl\":\"https:\/\/manderley.com\/wp-content\/uploads\/2024\/05\/Quick-Start-1-kg-Seed-01-scaled.jpg\",\"width\":2560,\"height\":1707,\"caption\":\"Manderley Quick Start Grass Seed\"},{\"@type\":\"BreadcrumbList\",\"@id\":\"https:\/\/manderley.com\/product\/seed-1kg-quick-start-grass-seed\/#breadcrumb\",\"itemListElement\":[{\"@type\":\"ListItem\",\"position\":1,\"name\":\"Home\",\"item\":\"https:\/\/manderley.com\/fr\/\"},{\"@type\":\"ListItem\",\"position\":2,\"name\":\"Shop\",\"item\":\"https:\/\/manderley.com\/fr\/boutique\/\"},{\"@type\":\"ListItem\",\"position\":3,\"name\":\"Seed (1KG)-Quick Start Grass Seed\"}]},{\"@type\":\"WebSite\",\"@id\":\"https:\/\/manderley.com\/#website\",\"url\":\"https:\/\/manderley.com\/\",\"name\":\"Manderley Sod\",\"description\":\"\",\"publisher\":{\"@id\":\"https:\/\/manderley.com\/#organization\"},\"potentialAction\":[{\"@type\":\"SearchAction\",\"target\":{\"@type\":\"EntryPoint\",\"urlTemplate\":\"https:\/\/manderley.com\/?s={search_term_string}\"},\"query-input\":{\"@type\":\"PropertyValueSpecification\",\"valueRequired\":true,\"valueName\":\"search_term_string\"}}],\"inLanguage\":\"fr-FR\"},{\"@type\":\"Organization\",\"@id\":\"https:\/\/manderley.com\/#organization\",\"name\":\"Manderley Sod\",\"url\":\"https:\/\/manderley.com\/\",\"logo\":{\"@type\":\"ImageObject\",\"inLanguage\":\"fr-FR\",\"@id\":\"https:\/\/manderley.com\/#\/schema\/logo\/image\/\",\"url\":\"https:\/\/manderley.com\/wp-content\/uploads\/2022\/09\/Group-2.svg\",\"contentUrl\":\"https:\/\/manderley.com\/wp-content\/uploads\/2022\/09\/Group-2.svg\",\"width\":451,\"height\":194,\"caption\":\"Manderley Sod\"},\"image\":{\"@id\":\"https:\/\/manderley.com\/#\/schema\/logo\/image\/\"}}]}<\/script>\n<!-- \/ Yoast SEO plugin. -->","yoast_head_json":{"title":"Seed (1KG)-Quick Start Grass Seed - Manderley Sod","description":"A premium blend of 50% fast germinating Ryegrass, 30% Fine Fescue and 20% Kentucky Bluegrass. Great when quick results are desired or for overseeding!","robots":{"index":"index","follow":"follow","max-snippet":"max-snippet:-1","max-image-preview":"max-image-preview:large","max-video-preview":"max-video-preview:-1"},"canonical":"https:\/\/manderley.com\/product\/seed-1kg-quick-start-grass-seed\/","og_locale":"fr_FR","og_type":"article","og_title":"Seed (1KG)-Quick Start Grass Seed - Manderley Sod","og_description":"A premium blend of 50% fast germinating Ryegrass, 30% Fine Fescue and 20% Kentucky Bluegrass. Great when quick results are desired or for overseeding!","og_url":"https:\/\/manderley.com\/product\/seed-1kg-quick-start-grass-seed\/","og_site_name":"Manderley Sod","article_modified_time":"2025-10-26T23:35:00+00:00","og_image":[{"width":2560,"height":1707,"url":"https:\/\/manderley.com\/wp-content\/uploads\/2024\/05\/Quick-Start-1-kg-Seed-01-scaled.jpg","type":"image\/jpeg"}],"twitter_card":"summary_large_image","twitter_misc":{"Dur\u00e9e de lecture estim\u00e9e":"1 minute"},"schema":{"@context":"https:\/\/schema.org","@graph":[{"@type":"WebPage","@id":"https:\/\/manderley.com\/product\/seed-1kg-quick-start-grass-seed\/","url":"https:\/\/manderley.com\/product\/seed-1kg-quick-start-grass-seed\/","name":"Seed (1KG)-Quick Start Grass Seed - Manderley Sod","isPartOf":{"@id":"https:\/\/manderley.com\/#website"},"primaryImageOfPage":{"@id":"https:\/\/manderley.com\/product\/seed-1kg-quick-start-grass-seed\/#primaryimage"},"image":{"@id":"https:\/\/manderley.com\/product\/seed-1kg-quick-start-grass-seed\/#primaryimage"},"thumbnailUrl":"https:\/\/manderley.com\/wp-content\/uploads\/2024\/05\/Quick-Start-1-kg-Seed-01-scaled.jpg","datePublished":"2024-05-03T15:04:58+00:00","dateModified":"2025-10-26T23:35:00+00:00","description":"A premium blend of 50% fast germinating Ryegrass, 30% Fine Fescue and 20% Kentucky Bluegrass. Great when quick results are desired or for overseeding!","breadcrumb":{"@id":"https:\/\/manderley.com\/product\/seed-1kg-quick-start-grass-seed\/#breadcrumb"},"inLanguage":"fr-FR","potentialAction":[{"@type":"ReadAction","target":["https:\/\/manderley.com\/product\/seed-1kg-quick-start-grass-seed\/"]}]},{"@type":"ImageObject","inLanguage":"fr-FR","@id":"https:\/\/manderley.com\/product\/seed-1kg-quick-start-grass-seed\/#primaryimage","url":"https:\/\/manderley.com\/wp-content\/uploads\/2024\/05\/Quick-Start-1-kg-Seed-01-scaled.jpg","contentUrl":"https:\/\/manderley.com\/wp-content\/uploads\/2024\/05\/Quick-Start-1-kg-Seed-01-scaled.jpg","width":2560,"height":1707,"caption":"Manderley Quick Start Grass Seed"},{"@type":"BreadcrumbList","@id":"https:\/\/manderley.com\/product\/seed-1kg-quick-start-grass-seed\/#breadcrumb","itemListElement":[{"@type":"ListItem","position":1,"name":"Home","item":"https:\/\/manderley.com\/fr\/"},{"@type":"ListItem","position":2,"name":"Shop","item":"https:\/\/manderley.com\/fr\/boutique\/"},{"@type":"ListItem","position":3,"name":"Seed (1KG)-Quick Start Grass Seed"}]},{"@type":"WebSite","@id":"https:\/\/manderley.com\/#website","url":"https:\/\/manderley.com\/","name":"Manderley Sod","description":"","publisher":{"@id":"https:\/\/manderley.com\/#organization"},"potentialAction":[{"@type":"SearchAction","target":{"@type":"EntryPoint","urlTemplate":"https:\/\/manderley.com\/?s={search_term_string}"},"query-input":{"@type":"PropertyValueSpecification","valueRequired":true,"valueName":"search_term_string"}}],"inLanguage":"fr-FR"},{"@type":"Organization","@id":"https:\/\/manderley.com\/#organization","name":"Manderley Sod","url":"https:\/\/manderley.com\/","logo":{"@type":"ImageObject","inLanguage":"fr-FR","@id":"https:\/\/manderley.com\/#\/schema\/logo\/image\/","url":"https:\/\/manderley.com\/wp-content\/uploads\/2022\/09\/Group-2.svg","contentUrl":"https:\/\/manderley.com\/wp-content\/uploads\/2022\/09\/Group-2.svg","width":451,"height":194,"caption":"Manderley Sod"},"image":{"@id":"https:\/\/manderley.com\/#\/schema\/logo\/image\/"}}]}},"_links":{"self":[{"href":"https:\/\/manderley.com\/fr\/wp-json\/wp\/v2\/product\/43248","targetHints":{"allow":["GET"]}}],"collection":[{"href":"https:\/\/manderley.com\/fr\/wp-json\/wp\/v2\/product"}],"about":[{"href":"https:\/\/manderley.com\/fr\/wp-json\/wp\/v2\/types\/product"}],"replies":[{"embeddable":true,"href":"https:\/\/manderley.com\/fr\/wp-json\/wp\/v2\/comments?post=43248"}],"version-history":[{"count":6,"href":"https:\/\/manderley.com\/fr\/wp-json\/wp\/v2\/product\/43248\/revisions"}],"predecessor-version":[{"id":44555,"href":"https:\/\/manderley.com\/fr\/wp-json\/wp\/v2\/product\/43248\/revisions\/44555"}],"wp:featuredmedia":[{"embeddable":true,"href":"https:\/\/manderley.com\/fr\/wp-json\/wp\/v2\/media\/43422"}],"wp:attachment":[{"href":"https:\/\/manderley.com\/fr\/wp-json\/wp\/v2\/media?parent=43248"}],"wp:term":[{"taxonomy":"product_brand","embeddable":true,"href":"https:\/\/manderley.com\/fr\/wp-json\/wp\/v2\/product_brand?post=43248"},{"taxonomy":"product_cat","embeddable":true,"href":"https:\/\/manderley.com\/fr\/wp-json\/wp\/v2\/product_cat?post=43248"},{"taxonomy":"product_tag","embeddable":true,"href":"https:\/\/manderley.com\/fr\/wp-json\/wp\/v2\/product_tag?post=43248"}],"curies":[{"name":"wp","href":"https:\/\/api.w.org\/{rel}","templated":true}]}}