{"id":43253,"date":"2024-05-03T14:45:19","date_gmt":"2024-05-03T14:45:19","guid":{"rendered":"http:\/\/manderley.com\/product\/native-seed-25-lb-low-grow-mix\/"},"modified":"2025-10-26T19:35:03","modified_gmt":"2025-10-26T23:35:03","slug":"native-seed-25-lb-low-grow-mix","status":"publish","type":"product","link":"https:\/\/manderley.com\/fr\/product\/native-seed-25-lb-low-grow-mix\/","title":{"rendered":"Graines indig\u00e8nes - 25 lb - M\u00e9lange \u00e0 faible croissance"},"content":{"rendered":"M\u00e9lange de gramin\u00e9es vivaces de saison fra\u00eeche avec une tol\u00e9rance exceptionnelle \u00e0 la s\u00e9cheresse. Ce m\u00e9lange pousse de 8 \u00e0 12 pouces par an sans entretien et fournit une excellente couverture et stabilit\u00e9 du sol. Id\u00e9al pour les zones o\u00f9 il est difficile de tondre ou lorsqu'une esth\u00e9tique plus longue est souhait\u00e9e.","protected":false},"excerpt":{"rendered":"<p>M\u00e9lange de gramin\u00e9es vivaces de saison fra\u00eeche avec une tol\u00e9rance exceptionnelle \u00e0 la s\u00e9cheresse. Ce m\u00e9lange pousse de 8 \u00e0 12 pouces par an sans entretien et fournit une excellente couverture et stabilit\u00e9 du sol. Id\u00e9al pour les zones o\u00f9 il est difficile de tondre ou lorsqu&rsquo;une esth\u00e9tique plus longue est souhait\u00e9e.<\/p>\n","protected":false},"featured_media":38333,"comment_status":"open","ping_status":"closed","template":"","meta":{"_acf_changed":false,"inline_featured_image":false},"product_brand":[],"product_cat":[29],"product_tag":[198,196],"class_list":{"0":"post-43253","1":"product","2":"type-product","3":"status-publish","4":"has-post-thumbnail","6":"product_cat-seed","7":"product_tag-calgary","8":"product_tag-edmonton","10":"first","11":"instock","12":"taxable","13":"shipping-taxable","14":"purchasable","15":"product-type-simple"},"acf":[],"yoast_head":"<!-- This site is optimized with the Yoast SEO plugin v25.7 - https:\/\/yoast.com\/wordpress\/plugins\/seo\/ -->\n<title>Native Seed - 25 lb - Low Grow Mix - Manderley Sod<\/title>\n<meta name=\"description\" content=\"A mix of perennial, cool season grasses with exceptional drought tolerance. This blend grows between 8 to 12 inches per year without maintenance.\" \/>\n<meta name=\"robots\" content=\"index, follow, max-snippet:-1, max-image-preview:large, max-video-preview:-1\" \/>\n<link rel=\"canonical\" href=\"https:\/\/manderley.com\/product\/native-seed-25-lb-low-grow-mix\/\" \/>\n<meta property=\"og:locale\" content=\"fr_FR\" \/>\n<meta property=\"og:type\" content=\"article\" \/>\n<meta property=\"og:title\" content=\"Native Seed - 25 lb - Low Grow Mix - Manderley Sod\" \/>\n<meta property=\"og:description\" content=\"A mix of perennial, cool season grasses with exceptional drought tolerance. This blend grows between 8 to 12 inches per year without maintenance.\" \/>\n<meta property=\"og:url\" content=\"https:\/\/manderley.com\/product\/native-seed-25-lb-low-grow-mix\/\" \/>\n<meta property=\"og:site_name\" content=\"Manderley Sod\" \/>\n<meta property=\"article:modified_time\" content=\"2025-10-26T23:35:03+00:00\" \/>\n<meta property=\"og:image\" content=\"https:\/\/manderley.com\/wp-content\/uploads\/2023\/08\/low-grow-mix.jpg\" \/>\n\t<meta property=\"og:image:width\" content=\"539\" \/>\n\t<meta property=\"og:image:height\" content=\"236\" \/>\n\t<meta property=\"og:image:type\" content=\"image\/jpeg\" \/>\n<meta name=\"twitter:card\" content=\"summary_large_image\" \/>\n<meta name=\"twitter:label1\" content=\"Dur\u00e9e de lecture estim\u00e9e\" \/>\n\t<meta name=\"twitter:data1\" content=\"1 minute\" \/>\n<script type=\"application\/ld+json\" class=\"yoast-schema-graph\">{\"@context\":\"https:\/\/schema.org\",\"@graph\":[{\"@type\":\"WebPage\",\"@id\":\"https:\/\/manderley.com\/product\/native-seed-25-lb-low-grow-mix\/\",\"url\":\"https:\/\/manderley.com\/product\/native-seed-25-lb-low-grow-mix\/\",\"name\":\"Native Seed - 25 lb - Low Grow Mix - Manderley Sod\",\"isPartOf\":{\"@id\":\"https:\/\/manderley.com\/#website\"},\"primaryImageOfPage\":{\"@id\":\"https:\/\/manderley.com\/product\/native-seed-25-lb-low-grow-mix\/#primaryimage\"},\"image\":{\"@id\":\"https:\/\/manderley.com\/product\/native-seed-25-lb-low-grow-mix\/#primaryimage\"},\"thumbnailUrl\":\"https:\/\/manderley.com\/wp-content\/uploads\/2023\/08\/low-grow-mix.jpg\",\"datePublished\":\"2024-05-03T14:45:19+00:00\",\"dateModified\":\"2025-10-26T23:35:03+00:00\",\"description\":\"A mix of perennial, cool season grasses with exceptional drought tolerance. This blend grows between 8 to 12 inches per year without maintenance.\",\"breadcrumb\":{\"@id\":\"https:\/\/manderley.com\/product\/native-seed-25-lb-low-grow-mix\/#breadcrumb\"},\"inLanguage\":\"fr-FR\",\"potentialAction\":[{\"@type\":\"ReadAction\",\"target\":[\"https:\/\/manderley.com\/product\/native-seed-25-lb-low-grow-mix\/\"]}]},{\"@type\":\"ImageObject\",\"inLanguage\":\"fr-FR\",\"@id\":\"https:\/\/manderley.com\/product\/native-seed-25-lb-low-grow-mix\/#primaryimage\",\"url\":\"https:\/\/manderley.com\/wp-content\/uploads\/2023\/08\/low-grow-mix.jpg\",\"contentUrl\":\"https:\/\/manderley.com\/wp-content\/uploads\/2023\/08\/low-grow-mix.jpg\",\"width\":539,\"height\":236},{\"@type\":\"BreadcrumbList\",\"@id\":\"https:\/\/manderley.com\/product\/native-seed-25-lb-low-grow-mix\/#breadcrumb\",\"itemListElement\":[{\"@type\":\"ListItem\",\"position\":1,\"name\":\"Home\",\"item\":\"https:\/\/manderley.com\/fr\/\"},{\"@type\":\"ListItem\",\"position\":2,\"name\":\"Shop\",\"item\":\"https:\/\/manderley.com\/fr\/boutique\/\"},{\"@type\":\"ListItem\",\"position\":3,\"name\":\"Native Seed &#8211; 25 lb &#8211; Low Grow Mix\"}]},{\"@type\":\"WebSite\",\"@id\":\"https:\/\/manderley.com\/#website\",\"url\":\"https:\/\/manderley.com\/\",\"name\":\"Manderley Sod\",\"description\":\"\",\"publisher\":{\"@id\":\"https:\/\/manderley.com\/#organization\"},\"potentialAction\":[{\"@type\":\"SearchAction\",\"target\":{\"@type\":\"EntryPoint\",\"urlTemplate\":\"https:\/\/manderley.com\/?s={search_term_string}\"},\"query-input\":{\"@type\":\"PropertyValueSpecification\",\"valueRequired\":true,\"valueName\":\"search_term_string\"}}],\"inLanguage\":\"fr-FR\"},{\"@type\":\"Organization\",\"@id\":\"https:\/\/manderley.com\/#organization\",\"name\":\"Manderley Sod\",\"url\":\"https:\/\/manderley.com\/\",\"logo\":{\"@type\":\"ImageObject\",\"inLanguage\":\"fr-FR\",\"@id\":\"https:\/\/manderley.com\/#\/schema\/logo\/image\/\",\"url\":\"https:\/\/manderley.com\/wp-content\/uploads\/2022\/09\/Group-2.svg\",\"contentUrl\":\"https:\/\/manderley.com\/wp-content\/uploads\/2022\/09\/Group-2.svg\",\"width\":451,\"height\":194,\"caption\":\"Manderley Sod\"},\"image\":{\"@id\":\"https:\/\/manderley.com\/#\/schema\/logo\/image\/\"}}]}<\/script>\n<!-- \/ Yoast SEO plugin. -->","yoast_head_json":{"title":"Native Seed - 25 lb - Low Grow Mix - Manderley Sod","description":"A mix of perennial, cool season grasses with exceptional drought tolerance. This blend grows between 8 to 12 inches per year without maintenance.","robots":{"index":"index","follow":"follow","max-snippet":"max-snippet:-1","max-image-preview":"max-image-preview:large","max-video-preview":"max-video-preview:-1"},"canonical":"https:\/\/manderley.com\/product\/native-seed-25-lb-low-grow-mix\/","og_locale":"fr_FR","og_type":"article","og_title":"Native Seed - 25 lb - Low Grow Mix - Manderley Sod","og_description":"A mix of perennial, cool season grasses with exceptional drought tolerance. This blend grows between 8 to 12 inches per year without maintenance.","og_url":"https:\/\/manderley.com\/product\/native-seed-25-lb-low-grow-mix\/","og_site_name":"Manderley Sod","article_modified_time":"2025-10-26T23:35:03+00:00","og_image":[{"width":539,"height":236,"url":"https:\/\/manderley.com\/wp-content\/uploads\/2023\/08\/low-grow-mix.jpg","type":"image\/jpeg"}],"twitter_card":"summary_large_image","twitter_misc":{"Dur\u00e9e de lecture estim\u00e9e":"1 minute"},"schema":{"@context":"https:\/\/schema.org","@graph":[{"@type":"WebPage","@id":"https:\/\/manderley.com\/product\/native-seed-25-lb-low-grow-mix\/","url":"https:\/\/manderley.com\/product\/native-seed-25-lb-low-grow-mix\/","name":"Native Seed - 25 lb - Low Grow Mix - Manderley Sod","isPartOf":{"@id":"https:\/\/manderley.com\/#website"},"primaryImageOfPage":{"@id":"https:\/\/manderley.com\/product\/native-seed-25-lb-low-grow-mix\/#primaryimage"},"image":{"@id":"https:\/\/manderley.com\/product\/native-seed-25-lb-low-grow-mix\/#primaryimage"},"thumbnailUrl":"https:\/\/manderley.com\/wp-content\/uploads\/2023\/08\/low-grow-mix.jpg","datePublished":"2024-05-03T14:45:19+00:00","dateModified":"2025-10-26T23:35:03+00:00","description":"A mix of perennial, cool season grasses with exceptional drought tolerance. This blend grows between 8 to 12 inches per year without maintenance.","breadcrumb":{"@id":"https:\/\/manderley.com\/product\/native-seed-25-lb-low-grow-mix\/#breadcrumb"},"inLanguage":"fr-FR","potentialAction":[{"@type":"ReadAction","target":["https:\/\/manderley.com\/product\/native-seed-25-lb-low-grow-mix\/"]}]},{"@type":"ImageObject","inLanguage":"fr-FR","@id":"https:\/\/manderley.com\/product\/native-seed-25-lb-low-grow-mix\/#primaryimage","url":"https:\/\/manderley.com\/wp-content\/uploads\/2023\/08\/low-grow-mix.jpg","contentUrl":"https:\/\/manderley.com\/wp-content\/uploads\/2023\/08\/low-grow-mix.jpg","width":539,"height":236},{"@type":"BreadcrumbList","@id":"https:\/\/manderley.com\/product\/native-seed-25-lb-low-grow-mix\/#breadcrumb","itemListElement":[{"@type":"ListItem","position":1,"name":"Home","item":"https:\/\/manderley.com\/fr\/"},{"@type":"ListItem","position":2,"name":"Shop","item":"https:\/\/manderley.com\/fr\/boutique\/"},{"@type":"ListItem","position":3,"name":"Native Seed &#8211; 25 lb &#8211; Low Grow Mix"}]},{"@type":"WebSite","@id":"https:\/\/manderley.com\/#website","url":"https:\/\/manderley.com\/","name":"Manderley Sod","description":"","publisher":{"@id":"https:\/\/manderley.com\/#organization"},"potentialAction":[{"@type":"SearchAction","target":{"@type":"EntryPoint","urlTemplate":"https:\/\/manderley.com\/?s={search_term_string}"},"query-input":{"@type":"PropertyValueSpecification","valueRequired":true,"valueName":"search_term_string"}}],"inLanguage":"fr-FR"},{"@type":"Organization","@id":"https:\/\/manderley.com\/#organization","name":"Manderley Sod","url":"https:\/\/manderley.com\/","logo":{"@type":"ImageObject","inLanguage":"fr-FR","@id":"https:\/\/manderley.com\/#\/schema\/logo\/image\/","url":"https:\/\/manderley.com\/wp-content\/uploads\/2022\/09\/Group-2.svg","contentUrl":"https:\/\/manderley.com\/wp-content\/uploads\/2022\/09\/Group-2.svg","width":451,"height":194,"caption":"Manderley Sod"},"image":{"@id":"https:\/\/manderley.com\/#\/schema\/logo\/image\/"}}]}},"_links":{"self":[{"href":"https:\/\/manderley.com\/fr\/wp-json\/wp\/v2\/product\/43253","targetHints":{"allow":["GET"]}}],"collection":[{"href":"https:\/\/manderley.com\/fr\/wp-json\/wp\/v2\/product"}],"about":[{"href":"https:\/\/manderley.com\/fr\/wp-json\/wp\/v2\/types\/product"}],"replies":[{"embeddable":true,"href":"https:\/\/manderley.com\/fr\/wp-json\/wp\/v2\/comments?post=43253"}],"version-history":[{"count":2,"href":"https:\/\/manderley.com\/fr\/wp-json\/wp\/v2\/product\/43253\/revisions"}],"predecessor-version":[{"id":43854,"href":"https:\/\/manderley.com\/fr\/wp-json\/wp\/v2\/product\/43253\/revisions\/43854"}],"wp:featuredmedia":[{"embeddable":true,"href":"https:\/\/manderley.com\/fr\/wp-json\/wp\/v2\/media\/38333"}],"wp:attachment":[{"href":"https:\/\/manderley.com\/fr\/wp-json\/wp\/v2\/media?parent=43253"}],"wp:term":[{"taxonomy":"product_brand","embeddable":true,"href":"https:\/\/manderley.com\/fr\/wp-json\/wp\/v2\/product_brand?post=43253"},{"taxonomy":"product_cat","embeddable":true,"href":"https:\/\/manderley.com\/fr\/wp-json\/wp\/v2\/product_cat?post=43253"},{"taxonomy":"product_tag","embeddable":true,"href":"https:\/\/manderley.com\/fr\/wp-json\/wp\/v2\/product_tag?post=43253"}],"curies":[{"name":"wp","href":"https:\/\/api.w.org\/{rel}","templated":true}]}}