{"id":43259,"date":"2024-05-03T14:45:26","date_gmt":"2024-05-03T14:45:26","guid":{"rendered":"http:\/\/manderley.com\/product\/micro-clover-5kg\/"},"modified":"2025-10-26T19:35:07","modified_gmt":"2025-10-26T23:35:07","slug":"micro-clover-5kg","status":"publish","type":"product","link":"https:\/\/manderley.com\/fr\/product\/micro-clover-5kg\/","title":{"rendered":"Graines de micro-tr\u00e8fle 5kg"},"content":{"rendered":"Le micro-tr\u00e8fle de Manderley offre une couverture verte luxuriante et r\u00e9sistante pour les zones difficiles \u00e0 \u00e9tablir avec les vari\u00e9t\u00e9s de gramin\u00e9es conventionnelles. Le micro-tr\u00e8fle a une croissance lente et d\u00e9veloppe moins de fleurs que les autres tr\u00e8fles. Il n\u00e9cessite peu d'entretien et pr\u00e9sente une tol\u00e9rance exceptionnelle \u00e0 la chaleur et \u00e0 la s\u00e9cheresse. Le micro-tr\u00e8fle supplante les mauvaises herbes et se m\u00e9lange bien avec d'autres gramin\u00e9es, ce qui permet de combler les zones touch\u00e9es et de conserver un aspect vert tout au long de l'ann\u00e9e.\r\n\r\n","protected":false},"excerpt":{"rendered":"<p>Le micro-tr\u00e8fle de Manderley offre une couverture verte luxuriante et r\u00e9sistante pour les zones difficiles \u00e0 \u00e9tablir avec les vari\u00e9t\u00e9s de gramin\u00e9es conventionnelles. Le micro-tr\u00e8fle a une croissance lente et d\u00e9veloppe moins de fleurs que les autres tr\u00e8fles. Il n\u00e9cessite peu d&rsquo;entretien et pr\u00e9sente une tol\u00e9rance exceptionnelle \u00e0 la chaleur et \u00e0 la s\u00e9cheresse. Le [&hellip;]<\/p>\n","protected":false},"featured_media":43512,"comment_status":"open","ping_status":"closed","template":"","meta":{"_acf_changed":false,"inline_featured_image":false},"product_brand":[],"product_cat":[29],"product_tag":[198,196,193],"class_list":{"0":"post-43259","1":"product","2":"type-product","3":"status-publish","4":"has-post-thumbnail","6":"product_cat-seed","7":"product_tag-calgary","8":"product_tag-edmonton","9":"product_tag-ottawa","11":"first","12":"instock","13":"taxable","14":"shipping-taxable","15":"purchasable","16":"product-type-simple"},"acf":[],"yoast_head":"<!-- This site is optimized with the Yoast SEO plugin v25.7 - https:\/\/yoast.com\/wordpress\/plugins\/seo\/ -->\n<title>Micro Clover 5kg - Manderley Sod<\/title>\n<meta name=\"description\" content=\"Manderley Micro Clover offers a lush and hearty green cover for areas that are difficult to establish with conventional grass varieties.\" \/>\n<meta name=\"robots\" content=\"index, follow, max-snippet:-1, max-image-preview:large, max-video-preview:-1\" \/>\n<link rel=\"canonical\" href=\"https:\/\/manderley.com\/product\/micro-clover-5kg\/\" \/>\n<meta property=\"og:locale\" content=\"fr_FR\" \/>\n<meta property=\"og:type\" content=\"article\" \/>\n<meta property=\"og:title\" content=\"Micro Clover 5kg - Manderley Sod\" \/>\n<meta property=\"og:description\" content=\"Manderley Micro Clover offers a lush and hearty green cover for areas that are difficult to establish with conventional grass varieties.\" \/>\n<meta property=\"og:url\" content=\"https:\/\/manderley.com\/product\/micro-clover-5kg\/\" \/>\n<meta property=\"og:site_name\" content=\"Manderley Sod\" \/>\n<meta property=\"article:modified_time\" content=\"2025-10-26T23:35:07+00:00\" \/>\n<meta property=\"og:image\" content=\"https:\/\/manderley.com\/wp-content\/uploads\/2024\/05\/Micro-Clover-5KG-1024x683.png\" \/>\n\t<meta property=\"og:image:width\" content=\"1024\" \/>\n\t<meta property=\"og:image:height\" content=\"683\" \/>\n\t<meta property=\"og:image:type\" content=\"image\/png\" \/>\n<meta name=\"twitter:card\" content=\"summary_large_image\" \/>\n<meta name=\"twitter:label1\" content=\"Dur\u00e9e de lecture estim\u00e9e\" \/>\n\t<meta name=\"twitter:data1\" content=\"1 minute\" \/>\n<script type=\"application\/ld+json\" class=\"yoast-schema-graph\">{\"@context\":\"https:\/\/schema.org\",\"@graph\":[{\"@type\":\"WebPage\",\"@id\":\"https:\/\/manderley.com\/product\/micro-clover-5kg\/\",\"url\":\"https:\/\/manderley.com\/product\/micro-clover-5kg\/\",\"name\":\"Micro Clover 5kg - Manderley Sod\",\"isPartOf\":{\"@id\":\"https:\/\/manderley.com\/#website\"},\"primaryImageOfPage\":{\"@id\":\"https:\/\/manderley.com\/product\/micro-clover-5kg\/#primaryimage\"},\"image\":{\"@id\":\"https:\/\/manderley.com\/product\/micro-clover-5kg\/#primaryimage\"},\"thumbnailUrl\":\"https:\/\/manderley.com\/wp-content\/uploads\/2024\/05\/Micro-Clover-5KG.png\",\"datePublished\":\"2024-05-03T14:45:26+00:00\",\"dateModified\":\"2025-10-26T23:35:07+00:00\",\"description\":\"Manderley Micro Clover offers a lush and hearty green cover for areas that are difficult to establish with conventional grass varieties.\",\"breadcrumb\":{\"@id\":\"https:\/\/manderley.com\/product\/micro-clover-5kg\/#breadcrumb\"},\"inLanguage\":\"fr-FR\",\"potentialAction\":[{\"@type\":\"ReadAction\",\"target\":[\"https:\/\/manderley.com\/product\/micro-clover-5kg\/\"]}]},{\"@type\":\"ImageObject\",\"inLanguage\":\"fr-FR\",\"@id\":\"https:\/\/manderley.com\/product\/micro-clover-5kg\/#primaryimage\",\"url\":\"https:\/\/manderley.com\/wp-content\/uploads\/2024\/05\/Micro-Clover-5KG.png\",\"contentUrl\":\"https:\/\/manderley.com\/wp-content\/uploads\/2024\/05\/Micro-Clover-5KG.png\",\"width\":1500,\"height\":1000,\"caption\":\"Manderley 5KG Micro Clover Seed\"},{\"@type\":\"BreadcrumbList\",\"@id\":\"https:\/\/manderley.com\/product\/micro-clover-5kg\/#breadcrumb\",\"itemListElement\":[{\"@type\":\"ListItem\",\"position\":1,\"name\":\"Home\",\"item\":\"https:\/\/manderley.com\/fr\/\"},{\"@type\":\"ListItem\",\"position\":2,\"name\":\"Shop\",\"item\":\"https:\/\/manderley.com\/fr\/boutique\/\"},{\"@type\":\"ListItem\",\"position\":3,\"name\":\"Micro Clover 5kg\"}]},{\"@type\":\"WebSite\",\"@id\":\"https:\/\/manderley.com\/#website\",\"url\":\"https:\/\/manderley.com\/\",\"name\":\"Manderley Sod\",\"description\":\"\",\"publisher\":{\"@id\":\"https:\/\/manderley.com\/#organization\"},\"potentialAction\":[{\"@type\":\"SearchAction\",\"target\":{\"@type\":\"EntryPoint\",\"urlTemplate\":\"https:\/\/manderley.com\/?s={search_term_string}\"},\"query-input\":{\"@type\":\"PropertyValueSpecification\",\"valueRequired\":true,\"valueName\":\"search_term_string\"}}],\"inLanguage\":\"fr-FR\"},{\"@type\":\"Organization\",\"@id\":\"https:\/\/manderley.com\/#organization\",\"name\":\"Manderley Sod\",\"url\":\"https:\/\/manderley.com\/\",\"logo\":{\"@type\":\"ImageObject\",\"inLanguage\":\"fr-FR\",\"@id\":\"https:\/\/manderley.com\/#\/schema\/logo\/image\/\",\"url\":\"https:\/\/manderley.com\/wp-content\/uploads\/2022\/09\/Group-2.svg\",\"contentUrl\":\"https:\/\/manderley.com\/wp-content\/uploads\/2022\/09\/Group-2.svg\",\"width\":451,\"height\":194,\"caption\":\"Manderley Sod\"},\"image\":{\"@id\":\"https:\/\/manderley.com\/#\/schema\/logo\/image\/\"}}]}<\/script>\n<!-- \/ Yoast SEO plugin. -->","yoast_head_json":{"title":"Micro Clover 5kg - Manderley Sod","description":"Manderley Micro Clover offers a lush and hearty green cover for areas that are difficult to establish with conventional grass varieties.","robots":{"index":"index","follow":"follow","max-snippet":"max-snippet:-1","max-image-preview":"max-image-preview:large","max-video-preview":"max-video-preview:-1"},"canonical":"https:\/\/manderley.com\/product\/micro-clover-5kg\/","og_locale":"fr_FR","og_type":"article","og_title":"Micro Clover 5kg - Manderley Sod","og_description":"Manderley Micro Clover offers a lush and hearty green cover for areas that are difficult to establish with conventional grass varieties.","og_url":"https:\/\/manderley.com\/product\/micro-clover-5kg\/","og_site_name":"Manderley Sod","article_modified_time":"2025-10-26T23:35:07+00:00","og_image":[{"width":1024,"height":683,"url":"https:\/\/manderley.com\/wp-content\/uploads\/2024\/05\/Micro-Clover-5KG-1024x683.png","type":"image\/png"}],"twitter_card":"summary_large_image","twitter_misc":{"Dur\u00e9e de lecture estim\u00e9e":"1 minute"},"schema":{"@context":"https:\/\/schema.org","@graph":[{"@type":"WebPage","@id":"https:\/\/manderley.com\/product\/micro-clover-5kg\/","url":"https:\/\/manderley.com\/product\/micro-clover-5kg\/","name":"Micro Clover 5kg - Manderley Sod","isPartOf":{"@id":"https:\/\/manderley.com\/#website"},"primaryImageOfPage":{"@id":"https:\/\/manderley.com\/product\/micro-clover-5kg\/#primaryimage"},"image":{"@id":"https:\/\/manderley.com\/product\/micro-clover-5kg\/#primaryimage"},"thumbnailUrl":"https:\/\/manderley.com\/wp-content\/uploads\/2024\/05\/Micro-Clover-5KG.png","datePublished":"2024-05-03T14:45:26+00:00","dateModified":"2025-10-26T23:35:07+00:00","description":"Manderley Micro Clover offers a lush and hearty green cover for areas that are difficult to establish with conventional grass varieties.","breadcrumb":{"@id":"https:\/\/manderley.com\/product\/micro-clover-5kg\/#breadcrumb"},"inLanguage":"fr-FR","potentialAction":[{"@type":"ReadAction","target":["https:\/\/manderley.com\/product\/micro-clover-5kg\/"]}]},{"@type":"ImageObject","inLanguage":"fr-FR","@id":"https:\/\/manderley.com\/product\/micro-clover-5kg\/#primaryimage","url":"https:\/\/manderley.com\/wp-content\/uploads\/2024\/05\/Micro-Clover-5KG.png","contentUrl":"https:\/\/manderley.com\/wp-content\/uploads\/2024\/05\/Micro-Clover-5KG.png","width":1500,"height":1000,"caption":"Manderley 5KG Micro Clover Seed"},{"@type":"BreadcrumbList","@id":"https:\/\/manderley.com\/product\/micro-clover-5kg\/#breadcrumb","itemListElement":[{"@type":"ListItem","position":1,"name":"Home","item":"https:\/\/manderley.com\/fr\/"},{"@type":"ListItem","position":2,"name":"Shop","item":"https:\/\/manderley.com\/fr\/boutique\/"},{"@type":"ListItem","position":3,"name":"Micro Clover 5kg"}]},{"@type":"WebSite","@id":"https:\/\/manderley.com\/#website","url":"https:\/\/manderley.com\/","name":"Manderley Sod","description":"","publisher":{"@id":"https:\/\/manderley.com\/#organization"},"potentialAction":[{"@type":"SearchAction","target":{"@type":"EntryPoint","urlTemplate":"https:\/\/manderley.com\/?s={search_term_string}"},"query-input":{"@type":"PropertyValueSpecification","valueRequired":true,"valueName":"search_term_string"}}],"inLanguage":"fr-FR"},{"@type":"Organization","@id":"https:\/\/manderley.com\/#organization","name":"Manderley Sod","url":"https:\/\/manderley.com\/","logo":{"@type":"ImageObject","inLanguage":"fr-FR","@id":"https:\/\/manderley.com\/#\/schema\/logo\/image\/","url":"https:\/\/manderley.com\/wp-content\/uploads\/2022\/09\/Group-2.svg","contentUrl":"https:\/\/manderley.com\/wp-content\/uploads\/2022\/09\/Group-2.svg","width":451,"height":194,"caption":"Manderley Sod"},"image":{"@id":"https:\/\/manderley.com\/#\/schema\/logo\/image\/"}}]}},"_links":{"self":[{"href":"https:\/\/manderley.com\/fr\/wp-json\/wp\/v2\/product\/43259","targetHints":{"allow":["GET"]}}],"collection":[{"href":"https:\/\/manderley.com\/fr\/wp-json\/wp\/v2\/product"}],"about":[{"href":"https:\/\/manderley.com\/fr\/wp-json\/wp\/v2\/types\/product"}],"replies":[{"embeddable":true,"href":"https:\/\/manderley.com\/fr\/wp-json\/wp\/v2\/comments?post=43259"}],"version-history":[{"count":3,"href":"https:\/\/manderley.com\/fr\/wp-json\/wp\/v2\/product\/43259\/revisions"}],"predecessor-version":[{"id":43853,"href":"https:\/\/manderley.com\/fr\/wp-json\/wp\/v2\/product\/43259\/revisions\/43853"}],"wp:featuredmedia":[{"embeddable":true,"href":"https:\/\/manderley.com\/fr\/wp-json\/wp\/v2\/media\/43512"}],"wp:attachment":[{"href":"https:\/\/manderley.com\/fr\/wp-json\/wp\/v2\/media?parent=43259"}],"wp:term":[{"taxonomy":"product_brand","embeddable":true,"href":"https:\/\/manderley.com\/fr\/wp-json\/wp\/v2\/product_brand?post=43259"},{"taxonomy":"product_cat","embeddable":true,"href":"https:\/\/manderley.com\/fr\/wp-json\/wp\/v2\/product_cat?post=43259"},{"taxonomy":"product_tag","embeddable":true,"href":"https:\/\/manderley.com\/fr\/wp-json\/wp\/v2\/product_tag?post=43259"}],"curies":[{"name":"wp","href":"https:\/\/api.w.org\/{rel}","templated":true}]}}