{"id":43264,"date":"2024-05-03T14:45:32","date_gmt":"2024-05-03T14:45:32","guid":{"rendered":"http:\/\/manderley.com\/product\/west-utility-knife\/"},"modified":"2025-10-26T19:35:10","modified_gmt":"2025-10-26T23:35:10","slug":"west-utility-knife","status":"publish","type":"product","link":"https:\/\/manderley.com\/fr\/product\/west-utility-knife\/","title":{"rendered":"Couteau utilitaire (Ouest)"},"content":{"rendered":"Le couteau utilitaire ROK de 18 mm \u00e0 lame noire est id\u00e9al pour les applications l\u00e9g\u00e8res ou professionnelles. Il est fabriqu\u00e9 en acier au carbone tremp\u00e9 pour une meilleure r\u00e9tention du tranchant et une plus grande durabilit\u00e9, et la lame dentel\u00e9e emp\u00eache le glissement. La lame dentel\u00e9e ne glisse pas. La poign\u00e9e ergonomique assure confort et contr\u00f4le. Parfait pour un usage quotidien.","protected":false},"excerpt":{"rendered":"<p>Le couteau utilitaire ROK de 18 mm \u00e0 lame noire est id\u00e9al pour les applications l\u00e9g\u00e8res ou professionnelles. Il est fabriqu\u00e9 en acier au carbone tremp\u00e9 pour une meilleure r\u00e9tention du tranchant et une plus grande durabilit\u00e9, et la lame dentel\u00e9e emp\u00eache le glissement. La lame dentel\u00e9e ne glisse pas. La poign\u00e9e ergonomique assure confort [&hellip;]<\/p>\n","protected":false},"featured_media":43448,"comment_status":"open","ping_status":"closed","template":"","meta":{"_acf_changed":false,"inline_featured_image":false},"product_brand":[],"product_cat":[319],"product_tag":[198],"class_list":{"0":"post-43264","1":"product","2":"type-product","3":"status-publish","4":"has-post-thumbnail","6":"product_cat-supplies","7":"product_tag-calgary","9":"first","10":"instock","11":"taxable","12":"shipping-taxable","13":"purchasable","14":"product-type-simple"},"acf":[],"yoast_head":"<!-- This site is optimized with the Yoast SEO plugin v25.7 - https:\/\/yoast.com\/wordpress\/plugins\/seo\/ -->\n<title>WEST - Utility Knife - Manderley Sod<\/title>\n<meta name=\"description\" content=\"The ROK 18mm Utility Knife Black Blade is ideal for light-duty to professional applications.\" \/>\n<meta name=\"robots\" content=\"index, follow, max-snippet:-1, max-image-preview:large, max-video-preview:-1\" \/>\n<link rel=\"canonical\" href=\"https:\/\/manderley.com\/product\/west-utility-knife\/\" \/>\n<meta property=\"og:locale\" content=\"fr_FR\" \/>\n<meta property=\"og:type\" content=\"article\" \/>\n<meta property=\"og:title\" content=\"WEST - Utility Knife - Manderley Sod\" \/>\n<meta property=\"og:description\" content=\"The ROK 18mm Utility Knife Black Blade is ideal for light-duty to professional applications.\" \/>\n<meta property=\"og:url\" content=\"https:\/\/manderley.com\/product\/west-utility-knife\/\" \/>\n<meta property=\"og:site_name\" content=\"Manderley Sod\" \/>\n<meta property=\"article:modified_time\" content=\"2025-10-26T23:35:10+00:00\" \/>\n<meta property=\"og:image\" content=\"https:\/\/manderley.com\/wp-content\/uploads\/2024\/05\/18mm-utility-knife.jpg\" \/>\n\t<meta property=\"og:image:width\" content=\"768\" \/>\n\t<meta property=\"og:image:height\" content=\"768\" \/>\n\t<meta property=\"og:image:type\" content=\"image\/jpeg\" \/>\n<meta name=\"twitter:card\" content=\"summary_large_image\" \/>\n<meta name=\"twitter:label1\" content=\"Dur\u00e9e de lecture estim\u00e9e\" \/>\n\t<meta name=\"twitter:data1\" content=\"1 minute\" \/>\n<script type=\"application\/ld+json\" class=\"yoast-schema-graph\">{\"@context\":\"https:\/\/schema.org\",\"@graph\":[{\"@type\":\"WebPage\",\"@id\":\"https:\/\/manderley.com\/product\/west-utility-knife\/\",\"url\":\"https:\/\/manderley.com\/product\/west-utility-knife\/\",\"name\":\"WEST - Utility Knife - Manderley Sod\",\"isPartOf\":{\"@id\":\"https:\/\/manderley.com\/#website\"},\"primaryImageOfPage\":{\"@id\":\"https:\/\/manderley.com\/product\/west-utility-knife\/#primaryimage\"},\"image\":{\"@id\":\"https:\/\/manderley.com\/product\/west-utility-knife\/#primaryimage\"},\"thumbnailUrl\":\"https:\/\/manderley.com\/wp-content\/uploads\/2024\/05\/18mm-utility-knife.jpg\",\"datePublished\":\"2024-05-03T14:45:32+00:00\",\"dateModified\":\"2025-10-26T23:35:10+00:00\",\"description\":\"The ROK 18mm Utility Knife Black Blade is ideal for light-duty to professional applications.\",\"breadcrumb\":{\"@id\":\"https:\/\/manderley.com\/product\/west-utility-knife\/#breadcrumb\"},\"inLanguage\":\"fr-FR\",\"potentialAction\":[{\"@type\":\"ReadAction\",\"target\":[\"https:\/\/manderley.com\/product\/west-utility-knife\/\"]}]},{\"@type\":\"ImageObject\",\"inLanguage\":\"fr-FR\",\"@id\":\"https:\/\/manderley.com\/product\/west-utility-knife\/#primaryimage\",\"url\":\"https:\/\/manderley.com\/wp-content\/uploads\/2024\/05\/18mm-utility-knife.jpg\",\"contentUrl\":\"https:\/\/manderley.com\/wp-content\/uploads\/2024\/05\/18mm-utility-knife.jpg\",\"width\":768,\"height\":768},{\"@type\":\"BreadcrumbList\",\"@id\":\"https:\/\/manderley.com\/product\/west-utility-knife\/#breadcrumb\",\"itemListElement\":[{\"@type\":\"ListItem\",\"position\":1,\"name\":\"Home\",\"item\":\"https:\/\/manderley.com\/fr\/\"},{\"@type\":\"ListItem\",\"position\":2,\"name\":\"Shop\",\"item\":\"https:\/\/manderley.com\/fr\/boutique\/\"},{\"@type\":\"ListItem\",\"position\":3,\"name\":\"WEST &#8211; Utility Knife\"}]},{\"@type\":\"WebSite\",\"@id\":\"https:\/\/manderley.com\/#website\",\"url\":\"https:\/\/manderley.com\/\",\"name\":\"Manderley Sod\",\"description\":\"\",\"publisher\":{\"@id\":\"https:\/\/manderley.com\/#organization\"},\"potentialAction\":[{\"@type\":\"SearchAction\",\"target\":{\"@type\":\"EntryPoint\",\"urlTemplate\":\"https:\/\/manderley.com\/?s={search_term_string}\"},\"query-input\":{\"@type\":\"PropertyValueSpecification\",\"valueRequired\":true,\"valueName\":\"search_term_string\"}}],\"inLanguage\":\"fr-FR\"},{\"@type\":\"Organization\",\"@id\":\"https:\/\/manderley.com\/#organization\",\"name\":\"Manderley Sod\",\"url\":\"https:\/\/manderley.com\/\",\"logo\":{\"@type\":\"ImageObject\",\"inLanguage\":\"fr-FR\",\"@id\":\"https:\/\/manderley.com\/#\/schema\/logo\/image\/\",\"url\":\"https:\/\/manderley.com\/wp-content\/uploads\/2022\/09\/Group-2.svg\",\"contentUrl\":\"https:\/\/manderley.com\/wp-content\/uploads\/2022\/09\/Group-2.svg\",\"width\":451,\"height\":194,\"caption\":\"Manderley Sod\"},\"image\":{\"@id\":\"https:\/\/manderley.com\/#\/schema\/logo\/image\/\"}}]}<\/script>\n<!-- \/ Yoast SEO plugin. -->","yoast_head_json":{"title":"WEST - Utility Knife - Manderley Sod","description":"The ROK 18mm Utility Knife Black Blade is ideal for light-duty to professional applications.","robots":{"index":"index","follow":"follow","max-snippet":"max-snippet:-1","max-image-preview":"max-image-preview:large","max-video-preview":"max-video-preview:-1"},"canonical":"https:\/\/manderley.com\/product\/west-utility-knife\/","og_locale":"fr_FR","og_type":"article","og_title":"WEST - Utility Knife - Manderley Sod","og_description":"The ROK 18mm Utility Knife Black Blade is ideal for light-duty to professional applications.","og_url":"https:\/\/manderley.com\/product\/west-utility-knife\/","og_site_name":"Manderley Sod","article_modified_time":"2025-10-26T23:35:10+00:00","og_image":[{"width":768,"height":768,"url":"https:\/\/manderley.com\/wp-content\/uploads\/2024\/05\/18mm-utility-knife.jpg","type":"image\/jpeg"}],"twitter_card":"summary_large_image","twitter_misc":{"Dur\u00e9e de lecture estim\u00e9e":"1 minute"},"schema":{"@context":"https:\/\/schema.org","@graph":[{"@type":"WebPage","@id":"https:\/\/manderley.com\/product\/west-utility-knife\/","url":"https:\/\/manderley.com\/product\/west-utility-knife\/","name":"WEST - Utility Knife - Manderley Sod","isPartOf":{"@id":"https:\/\/manderley.com\/#website"},"primaryImageOfPage":{"@id":"https:\/\/manderley.com\/product\/west-utility-knife\/#primaryimage"},"image":{"@id":"https:\/\/manderley.com\/product\/west-utility-knife\/#primaryimage"},"thumbnailUrl":"https:\/\/manderley.com\/wp-content\/uploads\/2024\/05\/18mm-utility-knife.jpg","datePublished":"2024-05-03T14:45:32+00:00","dateModified":"2025-10-26T23:35:10+00:00","description":"The ROK 18mm Utility Knife Black Blade is ideal for light-duty to professional applications.","breadcrumb":{"@id":"https:\/\/manderley.com\/product\/west-utility-knife\/#breadcrumb"},"inLanguage":"fr-FR","potentialAction":[{"@type":"ReadAction","target":["https:\/\/manderley.com\/product\/west-utility-knife\/"]}]},{"@type":"ImageObject","inLanguage":"fr-FR","@id":"https:\/\/manderley.com\/product\/west-utility-knife\/#primaryimage","url":"https:\/\/manderley.com\/wp-content\/uploads\/2024\/05\/18mm-utility-knife.jpg","contentUrl":"https:\/\/manderley.com\/wp-content\/uploads\/2024\/05\/18mm-utility-knife.jpg","width":768,"height":768},{"@type":"BreadcrumbList","@id":"https:\/\/manderley.com\/product\/west-utility-knife\/#breadcrumb","itemListElement":[{"@type":"ListItem","position":1,"name":"Home","item":"https:\/\/manderley.com\/fr\/"},{"@type":"ListItem","position":2,"name":"Shop","item":"https:\/\/manderley.com\/fr\/boutique\/"},{"@type":"ListItem","position":3,"name":"WEST &#8211; Utility Knife"}]},{"@type":"WebSite","@id":"https:\/\/manderley.com\/#website","url":"https:\/\/manderley.com\/","name":"Manderley Sod","description":"","publisher":{"@id":"https:\/\/manderley.com\/#organization"},"potentialAction":[{"@type":"SearchAction","target":{"@type":"EntryPoint","urlTemplate":"https:\/\/manderley.com\/?s={search_term_string}"},"query-input":{"@type":"PropertyValueSpecification","valueRequired":true,"valueName":"search_term_string"}}],"inLanguage":"fr-FR"},{"@type":"Organization","@id":"https:\/\/manderley.com\/#organization","name":"Manderley Sod","url":"https:\/\/manderley.com\/","logo":{"@type":"ImageObject","inLanguage":"fr-FR","@id":"https:\/\/manderley.com\/#\/schema\/logo\/image\/","url":"https:\/\/manderley.com\/wp-content\/uploads\/2022\/09\/Group-2.svg","contentUrl":"https:\/\/manderley.com\/wp-content\/uploads\/2022\/09\/Group-2.svg","width":451,"height":194,"caption":"Manderley Sod"},"image":{"@id":"https:\/\/manderley.com\/#\/schema\/logo\/image\/"}}]}},"_links":{"self":[{"href":"https:\/\/manderley.com\/fr\/wp-json\/wp\/v2\/product\/43264","targetHints":{"allow":["GET"]}}],"collection":[{"href":"https:\/\/manderley.com\/fr\/wp-json\/wp\/v2\/product"}],"about":[{"href":"https:\/\/manderley.com\/fr\/wp-json\/wp\/v2\/types\/product"}],"replies":[{"embeddable":true,"href":"https:\/\/manderley.com\/fr\/wp-json\/wp\/v2\/comments?post=43264"}],"version-history":[{"count":2,"href":"https:\/\/manderley.com\/fr\/wp-json\/wp\/v2\/product\/43264\/revisions"}],"predecessor-version":[{"id":44248,"href":"https:\/\/manderley.com\/fr\/wp-json\/wp\/v2\/product\/43264\/revisions\/44248"}],"wp:featuredmedia":[{"embeddable":true,"href":"https:\/\/manderley.com\/fr\/wp-json\/wp\/v2\/media\/43448"}],"wp:attachment":[{"href":"https:\/\/manderley.com\/fr\/wp-json\/wp\/v2\/media?parent=43264"}],"wp:term":[{"taxonomy":"product_brand","embeddable":true,"href":"https:\/\/manderley.com\/fr\/wp-json\/wp\/v2\/product_brand?post=43264"},{"taxonomy":"product_cat","embeddable":true,"href":"https:\/\/manderley.com\/fr\/wp-json\/wp\/v2\/product_cat?post=43264"},{"taxonomy":"product_tag","embeddable":true,"href":"https:\/\/manderley.com\/fr\/wp-json\/wp\/v2\/product_tag?post=43264"}],"curies":[{"name":"wp","href":"https:\/\/api.w.org\/{rel}","templated":true}]}}