{"id":43265,"date":"2024-05-03T14:45:34","date_gmt":"2024-05-03T14:45:34","guid":{"rendered":"http:\/\/manderley.com\/product\/west-replacement-knife-blades\/"},"modified":"2025-10-26T19:35:11","modified_gmt":"2025-10-26T23:35:11","slug":"west-replacement-knife-blades","status":"publish","type":"product","link":"https:\/\/manderley.com\/fr\/product\/west-replacement-knife-blades\/","title":{"rendered":"Lames de couteau de remplacement (Ouest)"},"content":{"rendered":"La lame noire de remplacement ROK 18 mm en 10 pi\u00e8ces est con\u00e7ue pour offrir des performances et une pr\u00e9cision durables. Fabriqu\u00e9e en acier inoxydable, elle r\u00e9siste \u00e0 la rouille et \u00e0 la corrosion et ne s'\u00e9caille pas, ne se fissure pas et ne se d\u00e9forme pas. Les bords de pr\u00e9cision permettent une coupe nette \u00e0 chaque fois.","protected":false},"excerpt":{"rendered":"<p>La lame noire de remplacement ROK 18 mm en 10 pi\u00e8ces est con\u00e7ue pour offrir des performances et une pr\u00e9cision durables. Fabriqu\u00e9e en acier inoxydable, elle r\u00e9siste \u00e0 la rouille et \u00e0 la corrosion et ne s&rsquo;\u00e9caille pas, ne se fissure pas et ne se d\u00e9forme pas. Les bords de pr\u00e9cision permettent une coupe nette [&hellip;]<\/p>\n","protected":false},"featured_media":43444,"comment_status":"open","ping_status":"closed","template":"","meta":{"_acf_changed":false,"inline_featured_image":false},"product_brand":[],"product_cat":[319],"product_tag":[198],"class_list":{"0":"post-43265","1":"product","2":"type-product","3":"status-publish","4":"has-post-thumbnail","6":"product_cat-supplies","7":"product_tag-calgary","9":"first","10":"instock","11":"taxable","12":"shipping-taxable","13":"purchasable","14":"product-type-simple"},"acf":[],"yoast_head":"<!-- This site is optimized with the Yoast SEO plugin v25.7 - https:\/\/yoast.com\/wordpress\/plugins\/seo\/ -->\n<title>WEST - Replacement Knife Blades - Manderley Sod<\/title>\n<meta name=\"description\" content=\"Designed to provide long-lasting performance and accuracy it is resistant to rust and corrosion and won&#039;t chip, crack, or distort.\" \/>\n<meta name=\"robots\" content=\"index, follow, max-snippet:-1, max-image-preview:large, max-video-preview:-1\" \/>\n<link rel=\"canonical\" href=\"https:\/\/manderley.com\/product\/west-replacement-knife-blades\/\" \/>\n<meta property=\"og:locale\" content=\"fr_FR\" \/>\n<meta property=\"og:type\" content=\"article\" \/>\n<meta property=\"og:title\" content=\"WEST - Replacement Knife Blades - Manderley Sod\" \/>\n<meta property=\"og:description\" content=\"Designed to provide long-lasting performance and accuracy it is resistant to rust and corrosion and won&#039;t chip, crack, or distort.\" \/>\n<meta property=\"og:url\" content=\"https:\/\/manderley.com\/product\/west-replacement-knife-blades\/\" \/>\n<meta property=\"og:site_name\" content=\"Manderley Sod\" \/>\n<meta property=\"article:modified_time\" content=\"2025-10-26T23:35:11+00:00\" \/>\n<meta property=\"og:image\" content=\"https:\/\/manderley.com\/wp-content\/uploads\/2024\/05\/replacement-blades.jpg\" \/>\n\t<meta property=\"og:image:width\" content=\"1024\" \/>\n\t<meta property=\"og:image:height\" content=\"1024\" \/>\n\t<meta property=\"og:image:type\" content=\"image\/jpeg\" \/>\n<meta name=\"twitter:card\" content=\"summary_large_image\" \/>\n<meta name=\"twitter:label1\" content=\"Dur\u00e9e de lecture estim\u00e9e\" \/>\n\t<meta name=\"twitter:data1\" content=\"1 minute\" \/>\n<script type=\"application\/ld+json\" class=\"yoast-schema-graph\">{\"@context\":\"https:\/\/schema.org\",\"@graph\":[{\"@type\":\"WebPage\",\"@id\":\"https:\/\/manderley.com\/product\/west-replacement-knife-blades\/\",\"url\":\"https:\/\/manderley.com\/product\/west-replacement-knife-blades\/\",\"name\":\"WEST - Replacement Knife Blades - Manderley Sod\",\"isPartOf\":{\"@id\":\"https:\/\/manderley.com\/#website\"},\"primaryImageOfPage\":{\"@id\":\"https:\/\/manderley.com\/product\/west-replacement-knife-blades\/#primaryimage\"},\"image\":{\"@id\":\"https:\/\/manderley.com\/product\/west-replacement-knife-blades\/#primaryimage\"},\"thumbnailUrl\":\"https:\/\/manderley.com\/wp-content\/uploads\/2024\/05\/replacement-blades.jpg\",\"datePublished\":\"2024-05-03T14:45:34+00:00\",\"dateModified\":\"2025-10-26T23:35:11+00:00\",\"description\":\"Designed to provide long-lasting performance and accuracy it is resistant to rust and corrosion and won't chip, crack, or distort.\",\"breadcrumb\":{\"@id\":\"https:\/\/manderley.com\/product\/west-replacement-knife-blades\/#breadcrumb\"},\"inLanguage\":\"fr-FR\",\"potentialAction\":[{\"@type\":\"ReadAction\",\"target\":[\"https:\/\/manderley.com\/product\/west-replacement-knife-blades\/\"]}]},{\"@type\":\"ImageObject\",\"inLanguage\":\"fr-FR\",\"@id\":\"https:\/\/manderley.com\/product\/west-replacement-knife-blades\/#primaryimage\",\"url\":\"https:\/\/manderley.com\/wp-content\/uploads\/2024\/05\/replacement-blades.jpg\",\"contentUrl\":\"https:\/\/manderley.com\/wp-content\/uploads\/2024\/05\/replacement-blades.jpg\",\"width\":1024,\"height\":1024,\"caption\":\"Replacement knife blades\"},{\"@type\":\"BreadcrumbList\",\"@id\":\"https:\/\/manderley.com\/product\/west-replacement-knife-blades\/#breadcrumb\",\"itemListElement\":[{\"@type\":\"ListItem\",\"position\":1,\"name\":\"Home\",\"item\":\"https:\/\/manderley.com\/fr\/\"},{\"@type\":\"ListItem\",\"position\":2,\"name\":\"Shop\",\"item\":\"https:\/\/manderley.com\/fr\/boutique\/\"},{\"@type\":\"ListItem\",\"position\":3,\"name\":\"WEST &#8211; Replacement Knife Blades\"}]},{\"@type\":\"WebSite\",\"@id\":\"https:\/\/manderley.com\/#website\",\"url\":\"https:\/\/manderley.com\/\",\"name\":\"Manderley Sod\",\"description\":\"\",\"publisher\":{\"@id\":\"https:\/\/manderley.com\/#organization\"},\"potentialAction\":[{\"@type\":\"SearchAction\",\"target\":{\"@type\":\"EntryPoint\",\"urlTemplate\":\"https:\/\/manderley.com\/?s={search_term_string}\"},\"query-input\":{\"@type\":\"PropertyValueSpecification\",\"valueRequired\":true,\"valueName\":\"search_term_string\"}}],\"inLanguage\":\"fr-FR\"},{\"@type\":\"Organization\",\"@id\":\"https:\/\/manderley.com\/#organization\",\"name\":\"Manderley Sod\",\"url\":\"https:\/\/manderley.com\/\",\"logo\":{\"@type\":\"ImageObject\",\"inLanguage\":\"fr-FR\",\"@id\":\"https:\/\/manderley.com\/#\/schema\/logo\/image\/\",\"url\":\"https:\/\/manderley.com\/wp-content\/uploads\/2022\/09\/Group-2.svg\",\"contentUrl\":\"https:\/\/manderley.com\/wp-content\/uploads\/2022\/09\/Group-2.svg\",\"width\":451,\"height\":194,\"caption\":\"Manderley Sod\"},\"image\":{\"@id\":\"https:\/\/manderley.com\/#\/schema\/logo\/image\/\"}}]}<\/script>\n<!-- \/ Yoast SEO plugin. -->","yoast_head_json":{"title":"WEST - Replacement Knife Blades - Manderley Sod","description":"Designed to provide long-lasting performance and accuracy it is resistant to rust and corrosion and won't chip, crack, or distort.","robots":{"index":"index","follow":"follow","max-snippet":"max-snippet:-1","max-image-preview":"max-image-preview:large","max-video-preview":"max-video-preview:-1"},"canonical":"https:\/\/manderley.com\/product\/west-replacement-knife-blades\/","og_locale":"fr_FR","og_type":"article","og_title":"WEST - Replacement Knife Blades - Manderley Sod","og_description":"Designed to provide long-lasting performance and accuracy it is resistant to rust and corrosion and won't chip, crack, or distort.","og_url":"https:\/\/manderley.com\/product\/west-replacement-knife-blades\/","og_site_name":"Manderley Sod","article_modified_time":"2025-10-26T23:35:11+00:00","og_image":[{"width":1024,"height":1024,"url":"https:\/\/manderley.com\/wp-content\/uploads\/2024\/05\/replacement-blades.jpg","type":"image\/jpeg"}],"twitter_card":"summary_large_image","twitter_misc":{"Dur\u00e9e de lecture estim\u00e9e":"1 minute"},"schema":{"@context":"https:\/\/schema.org","@graph":[{"@type":"WebPage","@id":"https:\/\/manderley.com\/product\/west-replacement-knife-blades\/","url":"https:\/\/manderley.com\/product\/west-replacement-knife-blades\/","name":"WEST - Replacement Knife Blades - Manderley Sod","isPartOf":{"@id":"https:\/\/manderley.com\/#website"},"primaryImageOfPage":{"@id":"https:\/\/manderley.com\/product\/west-replacement-knife-blades\/#primaryimage"},"image":{"@id":"https:\/\/manderley.com\/product\/west-replacement-knife-blades\/#primaryimage"},"thumbnailUrl":"https:\/\/manderley.com\/wp-content\/uploads\/2024\/05\/replacement-blades.jpg","datePublished":"2024-05-03T14:45:34+00:00","dateModified":"2025-10-26T23:35:11+00:00","description":"Designed to provide long-lasting performance and accuracy it is resistant to rust and corrosion and won't chip, crack, or distort.","breadcrumb":{"@id":"https:\/\/manderley.com\/product\/west-replacement-knife-blades\/#breadcrumb"},"inLanguage":"fr-FR","potentialAction":[{"@type":"ReadAction","target":["https:\/\/manderley.com\/product\/west-replacement-knife-blades\/"]}]},{"@type":"ImageObject","inLanguage":"fr-FR","@id":"https:\/\/manderley.com\/product\/west-replacement-knife-blades\/#primaryimage","url":"https:\/\/manderley.com\/wp-content\/uploads\/2024\/05\/replacement-blades.jpg","contentUrl":"https:\/\/manderley.com\/wp-content\/uploads\/2024\/05\/replacement-blades.jpg","width":1024,"height":1024,"caption":"Replacement knife blades"},{"@type":"BreadcrumbList","@id":"https:\/\/manderley.com\/product\/west-replacement-knife-blades\/#breadcrumb","itemListElement":[{"@type":"ListItem","position":1,"name":"Home","item":"https:\/\/manderley.com\/fr\/"},{"@type":"ListItem","position":2,"name":"Shop","item":"https:\/\/manderley.com\/fr\/boutique\/"},{"@type":"ListItem","position":3,"name":"WEST &#8211; Replacement Knife Blades"}]},{"@type":"WebSite","@id":"https:\/\/manderley.com\/#website","url":"https:\/\/manderley.com\/","name":"Manderley Sod","description":"","publisher":{"@id":"https:\/\/manderley.com\/#organization"},"potentialAction":[{"@type":"SearchAction","target":{"@type":"EntryPoint","urlTemplate":"https:\/\/manderley.com\/?s={search_term_string}"},"query-input":{"@type":"PropertyValueSpecification","valueRequired":true,"valueName":"search_term_string"}}],"inLanguage":"fr-FR"},{"@type":"Organization","@id":"https:\/\/manderley.com\/#organization","name":"Manderley Sod","url":"https:\/\/manderley.com\/","logo":{"@type":"ImageObject","inLanguage":"fr-FR","@id":"https:\/\/manderley.com\/#\/schema\/logo\/image\/","url":"https:\/\/manderley.com\/wp-content\/uploads\/2022\/09\/Group-2.svg","contentUrl":"https:\/\/manderley.com\/wp-content\/uploads\/2022\/09\/Group-2.svg","width":451,"height":194,"caption":"Manderley Sod"},"image":{"@id":"https:\/\/manderley.com\/#\/schema\/logo\/image\/"}}]}},"_links":{"self":[{"href":"https:\/\/manderley.com\/fr\/wp-json\/wp\/v2\/product\/43265","targetHints":{"allow":["GET"]}}],"collection":[{"href":"https:\/\/manderley.com\/fr\/wp-json\/wp\/v2\/product"}],"about":[{"href":"https:\/\/manderley.com\/fr\/wp-json\/wp\/v2\/types\/product"}],"replies":[{"embeddable":true,"href":"https:\/\/manderley.com\/fr\/wp-json\/wp\/v2\/comments?post=43265"}],"version-history":[{"count":3,"href":"https:\/\/manderley.com\/fr\/wp-json\/wp\/v2\/product\/43265\/revisions"}],"predecessor-version":[{"id":44247,"href":"https:\/\/manderley.com\/fr\/wp-json\/wp\/v2\/product\/43265\/revisions\/44247"}],"wp:featuredmedia":[{"embeddable":true,"href":"https:\/\/manderley.com\/fr\/wp-json\/wp\/v2\/media\/43444"}],"wp:attachment":[{"href":"https:\/\/manderley.com\/fr\/wp-json\/wp\/v2\/media?parent=43265"}],"wp:term":[{"taxonomy":"product_brand","embeddable":true,"href":"https:\/\/manderley.com\/fr\/wp-json\/wp\/v2\/product_brand?post=43265"},{"taxonomy":"product_cat","embeddable":true,"href":"https:\/\/manderley.com\/fr\/wp-json\/wp\/v2\/product_cat?post=43265"},{"taxonomy":"product_tag","embeddable":true,"href":"https:\/\/manderley.com\/fr\/wp-json\/wp\/v2\/product_tag?post=43265"}],"curies":[{"name":"wp","href":"https:\/\/api.w.org\/{rel}","templated":true}]}}