{"id":43489,"date":"2024-05-06T19:37:26","date_gmt":"2024-05-06T19:37:26","guid":{"rendered":"http:\/\/manderley.com\/?post_type=product&#038;p=43489"},"modified":"2025-10-30T12:41:16","modified_gmt":"2025-10-30T16:41:16","slug":"west-manderley-less-water-sod","status":"publish","type":"product","link":"https:\/\/manderley.com\/fr\/product\/west-manderley-less-water-sod\/","title":{"rendered":"Gazon Moins d\u2019Eau Manderley (Ouest)"},"content":{"rendered":"Ouvrant la voie en termes de durabilit\u00e9 et exigeant un faible entretien, le gazon moins d\u2019eau Manderley est durable et r\u00e9sistant au trafic \u00e9lev\u00e9. De plus, il peut vous faire \u00e9conomiser, car il exige aussi peu que la moiti\u00e9 de quantit\u00e9 d\u2019eau que toute autre pelouse conventionnelle.","protected":false},"excerpt":{"rendered":"<p>Ouvrant la voie en termes de durabilit\u00e9 et exigeant un faible entretien, le gazon moins d\u2019eau Manderley est durable et r\u00e9sistant au trafic \u00e9lev\u00e9. De plus, il peut vous faire \u00e9conomiser, car il exige aussi peu que la moiti\u00e9 de quantit\u00e9 d\u2019eau que toute autre pelouse conventionnelle.<\/p>\n","protected":false},"featured_media":36325,"comment_status":"closed","ping_status":"closed","template":"","meta":{"_acf_changed":false,"inline_featured_image":false},"product_brand":[],"product_cat":[62],"product_tag":[198,196],"class_list":{"0":"post-43489","1":"product","2":"type-product","3":"status-publish","4":"has-post-thumbnail","6":"product_cat-sod","7":"product_tag-calgary","8":"product_tag-edmonton","10":"first","11":"instock","12":"taxable","13":"shipping-taxable","14":"purchasable","15":"product-type-simple"},"acf":[],"yoast_head":"<!-- This site is optimized with the Yoast SEO plugin v25.7 - https:\/\/yoast.com\/wordpress\/plugins\/seo\/ -->\n<title>WEST Less Water Sod - Manderley Sod<\/title>\n<meta name=\"description\" content=\"Leading the way in terms of sustainability and low input requirements, Manderley Less Water Sod is durable and tolerant of high traffic and best of all can save you time and money.\" \/>\n<meta name=\"robots\" content=\"index, follow, max-snippet:-1, max-image-preview:large, max-video-preview:-1\" \/>\n<link rel=\"canonical\" href=\"https:\/\/manderley.com\/product\/west-manderley-less-water-sod\/\" \/>\n<meta property=\"og:locale\" content=\"fr_FR\" \/>\n<meta property=\"og:type\" content=\"article\" \/>\n<meta property=\"og:title\" content=\"WEST Less Water Sod - Manderley Sod\" \/>\n<meta property=\"og:description\" content=\"Leading the way in terms of sustainability and low input requirements, Manderley Less Water Sod is durable and tolerant of high traffic and best of all can save you time and money.\" \/>\n<meta property=\"og:url\" content=\"https:\/\/manderley.com\/product\/west-manderley-less-water-sod\/\" \/>\n<meta property=\"og:site_name\" content=\"Manderley Sod\" \/>\n<meta property=\"article:modified_time\" content=\"2025-10-30T16:41:16+00:00\" \/>\n<meta property=\"og:image\" content=\"https:\/\/manderley.com\/wp-content\/uploads\/2023\/07\/Manderley-Sod-Roll-with-Soil-Less-Water-BILINGUAL.jpg\" \/>\n\t<meta property=\"og:image:width\" content=\"2220\" \/>\n\t<meta property=\"og:image:height\" content=\"2220\" \/>\n\t<meta property=\"og:image:type\" content=\"image\/jpeg\" \/>\n<meta name=\"twitter:card\" content=\"summary_large_image\" \/>\n<meta name=\"twitter:label1\" content=\"Dur\u00e9e de lecture estim\u00e9e\" \/>\n\t<meta name=\"twitter:data1\" content=\"3 minutes\" \/>\n<script type=\"application\/ld+json\" class=\"yoast-schema-graph\">{\"@context\":\"https:\/\/schema.org\",\"@graph\":[{\"@type\":\"WebPage\",\"@id\":\"https:\/\/manderley.com\/product\/west-manderley-less-water-sod\/\",\"url\":\"https:\/\/manderley.com\/product\/west-manderley-less-water-sod\/\",\"name\":\"WEST Less Water Sod - Manderley Sod\",\"isPartOf\":{\"@id\":\"https:\/\/manderley.com\/#website\"},\"primaryImageOfPage\":{\"@id\":\"https:\/\/manderley.com\/product\/west-manderley-less-water-sod\/#primaryimage\"},\"image\":{\"@id\":\"https:\/\/manderley.com\/product\/west-manderley-less-water-sod\/#primaryimage\"},\"thumbnailUrl\":\"https:\/\/manderley.com\/wp-content\/uploads\/2023\/07\/Manderley-Sod-Roll-with-Soil-Less-Water-BILINGUAL.jpg\",\"datePublished\":\"2024-05-06T19:37:26+00:00\",\"dateModified\":\"2025-10-30T16:41:16+00:00\",\"description\":\"Leading the way in terms of sustainability and low input requirements, Manderley Less Water Sod is durable and tolerant of high traffic and best of all can save you time and money.\",\"breadcrumb\":{\"@id\":\"https:\/\/manderley.com\/product\/west-manderley-less-water-sod\/#breadcrumb\"},\"inLanguage\":\"fr-FR\",\"potentialAction\":[{\"@type\":\"ReadAction\",\"target\":[\"https:\/\/manderley.com\/product\/west-manderley-less-water-sod\/\"]}]},{\"@type\":\"ImageObject\",\"inLanguage\":\"fr-FR\",\"@id\":\"https:\/\/manderley.com\/product\/west-manderley-less-water-sod\/#primaryimage\",\"url\":\"https:\/\/manderley.com\/wp-content\/uploads\/2023\/07\/Manderley-Sod-Roll-with-Soil-Less-Water-BILINGUAL.jpg\",\"contentUrl\":\"https:\/\/manderley.com\/wp-content\/uploads\/2023\/07\/Manderley-Sod-Roll-with-Soil-Less-Water-BILINGUAL.jpg\",\"width\":2220,\"height\":2220},{\"@type\":\"BreadcrumbList\",\"@id\":\"https:\/\/manderley.com\/product\/west-manderley-less-water-sod\/#breadcrumb\",\"itemListElement\":[{\"@type\":\"ListItem\",\"position\":1,\"name\":\"Home\",\"item\":\"https:\/\/manderley.com\/fr\/\"},{\"@type\":\"ListItem\",\"position\":2,\"name\":\"Shop\",\"item\":\"https:\/\/manderley.com\/fr\/boutique\/\"},{\"@type\":\"ListItem\",\"position\":3,\"name\":\"WEST Less Water Sod\"}]},{\"@type\":\"WebSite\",\"@id\":\"https:\/\/manderley.com\/#website\",\"url\":\"https:\/\/manderley.com\/\",\"name\":\"Manderley Sod\",\"description\":\"\",\"publisher\":{\"@id\":\"https:\/\/manderley.com\/#organization\"},\"potentialAction\":[{\"@type\":\"SearchAction\",\"target\":{\"@type\":\"EntryPoint\",\"urlTemplate\":\"https:\/\/manderley.com\/?s={search_term_string}\"},\"query-input\":{\"@type\":\"PropertyValueSpecification\",\"valueRequired\":true,\"valueName\":\"search_term_string\"}}],\"inLanguage\":\"fr-FR\"},{\"@type\":\"Organization\",\"@id\":\"https:\/\/manderley.com\/#organization\",\"name\":\"Manderley Sod\",\"url\":\"https:\/\/manderley.com\/\",\"logo\":{\"@type\":\"ImageObject\",\"inLanguage\":\"fr-FR\",\"@id\":\"https:\/\/manderley.com\/#\/schema\/logo\/image\/\",\"url\":\"https:\/\/manderley.com\/wp-content\/uploads\/2022\/09\/Group-2.svg\",\"contentUrl\":\"https:\/\/manderley.com\/wp-content\/uploads\/2022\/09\/Group-2.svg\",\"width\":451,\"height\":194,\"caption\":\"Manderley Sod\"},\"image\":{\"@id\":\"https:\/\/manderley.com\/#\/schema\/logo\/image\/\"}}]}<\/script>\n<!-- \/ Yoast SEO plugin. -->","yoast_head_json":{"title":"WEST Less Water Sod - Manderley Sod","description":"Leading the way in terms of sustainability and low input requirements, Manderley Less Water Sod is durable and tolerant of high traffic and best of all can save you time and money.","robots":{"index":"index","follow":"follow","max-snippet":"max-snippet:-1","max-image-preview":"max-image-preview:large","max-video-preview":"max-video-preview:-1"},"canonical":"https:\/\/manderley.com\/product\/west-manderley-less-water-sod\/","og_locale":"fr_FR","og_type":"article","og_title":"WEST Less Water Sod - Manderley Sod","og_description":"Leading the way in terms of sustainability and low input requirements, Manderley Less Water Sod is durable and tolerant of high traffic and best of all can save you time and money.","og_url":"https:\/\/manderley.com\/product\/west-manderley-less-water-sod\/","og_site_name":"Manderley Sod","article_modified_time":"2025-10-30T16:41:16+00:00","og_image":[{"width":2220,"height":2220,"url":"https:\/\/manderley.com\/wp-content\/uploads\/2023\/07\/Manderley-Sod-Roll-with-Soil-Less-Water-BILINGUAL.jpg","type":"image\/jpeg"}],"twitter_card":"summary_large_image","twitter_misc":{"Dur\u00e9e de lecture estim\u00e9e":"3 minutes"},"schema":{"@context":"https:\/\/schema.org","@graph":[{"@type":"WebPage","@id":"https:\/\/manderley.com\/product\/west-manderley-less-water-sod\/","url":"https:\/\/manderley.com\/product\/west-manderley-less-water-sod\/","name":"WEST Less Water Sod - Manderley Sod","isPartOf":{"@id":"https:\/\/manderley.com\/#website"},"primaryImageOfPage":{"@id":"https:\/\/manderley.com\/product\/west-manderley-less-water-sod\/#primaryimage"},"image":{"@id":"https:\/\/manderley.com\/product\/west-manderley-less-water-sod\/#primaryimage"},"thumbnailUrl":"https:\/\/manderley.com\/wp-content\/uploads\/2023\/07\/Manderley-Sod-Roll-with-Soil-Less-Water-BILINGUAL.jpg","datePublished":"2024-05-06T19:37:26+00:00","dateModified":"2025-10-30T16:41:16+00:00","description":"Leading the way in terms of sustainability and low input requirements, Manderley Less Water Sod is durable and tolerant of high traffic and best of all can save you time and money.","breadcrumb":{"@id":"https:\/\/manderley.com\/product\/west-manderley-less-water-sod\/#breadcrumb"},"inLanguage":"fr-FR","potentialAction":[{"@type":"ReadAction","target":["https:\/\/manderley.com\/product\/west-manderley-less-water-sod\/"]}]},{"@type":"ImageObject","inLanguage":"fr-FR","@id":"https:\/\/manderley.com\/product\/west-manderley-less-water-sod\/#primaryimage","url":"https:\/\/manderley.com\/wp-content\/uploads\/2023\/07\/Manderley-Sod-Roll-with-Soil-Less-Water-BILINGUAL.jpg","contentUrl":"https:\/\/manderley.com\/wp-content\/uploads\/2023\/07\/Manderley-Sod-Roll-with-Soil-Less-Water-BILINGUAL.jpg","width":2220,"height":2220},{"@type":"BreadcrumbList","@id":"https:\/\/manderley.com\/product\/west-manderley-less-water-sod\/#breadcrumb","itemListElement":[{"@type":"ListItem","position":1,"name":"Home","item":"https:\/\/manderley.com\/fr\/"},{"@type":"ListItem","position":2,"name":"Shop","item":"https:\/\/manderley.com\/fr\/boutique\/"},{"@type":"ListItem","position":3,"name":"WEST Less Water Sod"}]},{"@type":"WebSite","@id":"https:\/\/manderley.com\/#website","url":"https:\/\/manderley.com\/","name":"Manderley Sod","description":"","publisher":{"@id":"https:\/\/manderley.com\/#organization"},"potentialAction":[{"@type":"SearchAction","target":{"@type":"EntryPoint","urlTemplate":"https:\/\/manderley.com\/?s={search_term_string}"},"query-input":{"@type":"PropertyValueSpecification","valueRequired":true,"valueName":"search_term_string"}}],"inLanguage":"fr-FR"},{"@type":"Organization","@id":"https:\/\/manderley.com\/#organization","name":"Manderley Sod","url":"https:\/\/manderley.com\/","logo":{"@type":"ImageObject","inLanguage":"fr-FR","@id":"https:\/\/manderley.com\/#\/schema\/logo\/image\/","url":"https:\/\/manderley.com\/wp-content\/uploads\/2022\/09\/Group-2.svg","contentUrl":"https:\/\/manderley.com\/wp-content\/uploads\/2022\/09\/Group-2.svg","width":451,"height":194,"caption":"Manderley Sod"},"image":{"@id":"https:\/\/manderley.com\/#\/schema\/logo\/image\/"}}]}},"_links":{"self":[{"href":"https:\/\/manderley.com\/fr\/wp-json\/wp\/v2\/product\/43489","targetHints":{"allow":["GET"]}}],"collection":[{"href":"https:\/\/manderley.com\/fr\/wp-json\/wp\/v2\/product"}],"about":[{"href":"https:\/\/manderley.com\/fr\/wp-json\/wp\/v2\/types\/product"}],"replies":[{"embeddable":true,"href":"https:\/\/manderley.com\/fr\/wp-json\/wp\/v2\/comments?post=43489"}],"version-history":[{"count":11,"href":"https:\/\/manderley.com\/fr\/wp-json\/wp\/v2\/product\/43489\/revisions"}],"predecessor-version":[{"id":49207,"href":"https:\/\/manderley.com\/fr\/wp-json\/wp\/v2\/product\/43489\/revisions\/49207"}],"wp:featuredmedia":[{"embeddable":true,"href":"https:\/\/manderley.com\/fr\/wp-json\/wp\/v2\/media\/36325"}],"wp:attachment":[{"href":"https:\/\/manderley.com\/fr\/wp-json\/wp\/v2\/media?parent=43489"}],"wp:term":[{"taxonomy":"product_brand","embeddable":true,"href":"https:\/\/manderley.com\/fr\/wp-json\/wp\/v2\/product_brand?post=43489"},{"taxonomy":"product_cat","embeddable":true,"href":"https:\/\/manderley.com\/fr\/wp-json\/wp\/v2\/product_cat?post=43489"},{"taxonomy":"product_tag","embeddable":true,"href":"https:\/\/manderley.com\/fr\/wp-json\/wp\/v2\/product_tag?post=43489"}],"curies":[{"name":"wp","href":"https:\/\/api.w.org\/{rel}","templated":true}]}}